{"id":1809,"date":"2021-11-26T10:06:59","date_gmt":"2021-11-26T10:06:59","guid":{"rendered":"https:\/\/crystarm.com\/?post_type=product&#038;p=1809"},"modified":"2022-10-29T09:53:23","modified_gmt":"2022-10-29T09:53:23","slug":"cryst-admix","status":"publish","type":"product","link":"https:\/\/crystarm.com\/de\/product\/cryst-admix\/","title":{"rendered":"CRYST ADMIXTURE"},"content":{"rendered":"<div class=\"everest-tab-main-wrapper etab-sc-main-wrapper etab-clearfix etab-colmn6 etab-group-wrap etab-sp-custom-3460 etab-template19  etabpro-accordion-disable etab_format_show_both etab-trigger-on_click etab-horizontal etab-top-left-position etab-icon-left-position\" data-tab_trigger_type=\"on_click\" id=\"et-tab-random-714944943\"  data-accordion=\"\" >\r\n \r\n   <div class=\"etab-header-wrap\">\r\n\t  <ul class=\"etab-title-tabs et-tab714944943 etab-clearfix\" data-id=\"etab-714944943\" data-deeplinking=\"\" data-accordion=\"\">\r\n\t  \t   \t  <li class=\"etab-label etab-prelink etab-active-show\" id=\"etab-NgYk7dHGzL-714944943\" >\r\n\t   \t                <a class=\"etab-link-tag\" data-linking=\"tabtype\" href=\"javascript:void(0);\" data-tabtype=\"component_type\">\r\n\t   \t  \t   \t \r\n\t   \t  \t\t       \t   \t  \t    <span class=\"etab-icon-wrapper etab-available-icons\">\r\n\t   \t  \t      <i class=\"dashicons dashicons-screenoptions\"><\/i>\r\n\t   \t  \t    <\/span>\r\n\t   \t  \t    \r\n\t   \t  \r\n\t   \t  \t   \t   <div class=\"etab-title-wrapper\">\r\n\t              <span class=\"etab-title\">ANWENDUNGSBEREICH<\/span>\r\n\t              \t       <\/div>\r\n\t       \t       \t   \t   <\/a>\r\n\r\n\t\t\t\t       <\/li>\r\n\t   \t   \t  <li class=\"etab-label etab-prelink\" id=\"etab-RV3ThJxSro-714944943\" >\r\n\t   \t                <a class=\"etab-link-tag\" data-linking=\"tabtype\" href=\"javascript:void(0);\" data-tabtype=\"component_type\">\r\n\t   \t  \t   \t \r\n\t   \t  \t\t       \t   \t  \t    <span class=\"etab-icon-wrapper etab-available-icons\">\r\n\t   \t  \t      <i class=\"dashicons dashicons-image-rotate-right\"><\/i>\r\n\t   \t  \t    <\/span>\r\n\t   \t  \t    \r\n\t   \t  \r\n\t   \t  \t   \t   <div class=\"etab-title-wrapper\">\r\n\t              <span class=\"etab-title\">VORTEILE<\/span>\r\n\t              \t       <\/div>\r\n\t       \t       \t   \t   <\/a>\r\n\r\n\t\t\t\t       <\/li>\r\n\t   \t   \t  <li class=\"etab-label etab-prelink\" id=\"etab-gA0BYxF7Es-714944943\" >\r\n\t   \t                <a class=\"etab-link-tag\" data-linking=\"tabtype\" href=\"javascript:void(0);\" data-tabtype=\"component_type\">\r\n\t   \t  \t   \t \r\n\t   \t  \t\t       \t   \t  \t    <span class=\"etab-icon-wrapper etab-available-icons\">\r\n\t   \t  \t      <i class=\"dashicons dashicons-menu\"><\/i>\r\n\t   \t  \t    <\/span>\r\n\t   \t  \t    \r\n\t   \t  \r\n\t   \t  \t   \t   <div class=\"etab-title-wrapper\">\r\n\t              <span class=\"etab-title\">VERPACKUNG <\/span>\r\n\t              \t       <\/div>\r\n\t       \t       \t   \t   <\/a>\r\n\r\n\t\t\t\t       <\/li>\r\n\t   \t   \t  <li class=\"etab-label etab-prelink\" id=\"etab-ESMykfJf46-714944943\" >\r\n\t   \t                <a class=\"etab-link-tag\" data-linking=\"tabtype\" href=\"javascript:void(0);\" data-tabtype=\"component_type\">\r\n\t   \t  \t   \t \r\n\t   \t  \t\t       \t   \t  \t    <span class=\"etab-icon-wrapper etab-available-icons\">\r\n\t   \t  \t      <i class=\"dashicons dashicons-book-alt\"><\/i>\r\n\t   \t  \t    <\/span>\r\n\t   \t  \t    \r\n\t   \t  \r\n\t   \t  \t   \t   <div class=\"etab-title-wrapper\">\r\n\t              <span class=\"etab-title\">DATENBLATT<\/span>\r\n\t              \t       <\/div>\r\n\t       \t       \t   \t   <\/a>\r\n\r\n\t\t\t\t       <\/li>\r\n\t   \t  <\/ul>\r\n  <\/div>\r\n  <div class=\"etab-content-wrap\" >\r\n         <div class=\"etab-content-section etab-714944943 etab-active-content animated etab-NgYk7dHGzL-714944943\" data-animation=\"fadeIn\" data-active=\"1\">\r\n        <div class=\"etab-editor-content clearfix\">\r\n<p>Wird f\u00fcr alle Arten von Abdichtungen und Betonkorrosionsschutz verwendet in:<\/p>\n<ul>\n<li>Abdichtung von Kellern und Tiefgaragen, Abdichtung von Tunneln und Pipelines, Abdichtung von Bodenplatten und Pfahlk\u00f6pfen, Abdichtung von Trinkwasseranlagen, Abdichtung von Bodenplatten und Pfahlk\u00f6pfen<\/li>\n<li>Wasserbeh\u00e4lter, Wassertanks.<\/li>\n<li>Abfallbehandlungsanlagen: Reservoire, Wasseraufbereitungstanks, Abwasser und Sch\u00e4chte.<\/li>\n<li>Tunnel, U-Bahn-Systeme und unterirdische Betonrohrleitungen,<\/li>\n<li>Meeresstrukturen<\/li>\n<li>Br\u00fccken, D\u00e4mme und Autobahninfrastruktur.<\/li>\n<li>Schwimmb\u00e4der, Decks, Badezimmer, Garagen und Au\u00dfenbereiche.<\/li>\n<li>Fertigteil- und Spritzbetonanwendungen.<\/li>\n<\/ul>\n<\/div> \r\n  \t<\/div>\r\n  \t     <div class=\"etab-content-section etab-714944943  animated etab-RV3ThJxSro-714944943\" data-animation=\"fadeIn\" data-active=\"0\">\r\n        <div class=\"etab-editor-content clearfix\">\r\n<ul>\n<li>Umweltfreundlich.<\/li>\n<li>Aktive Kristallisation zum Abdichten von bis zu 0,5 mm breiten Rissen, auch wenn sie nach dem abbinden des Betons entstehen.<\/li>\n<li>Wirksam gegen extremen hydrostatischen Druck von positiver oder negativer Betonoberfl\u00e4che.<\/li>\n<li>Rei\u00dft, durchsticht oder delaminiert nicht wie Membranen.<\/li>\n<li>Verbessert die Bearbeitbarkeit und Festigkeit.<\/li>\n<li>Ungiftig \u2013 ideal f\u00fcr Trinkwasser<\/li>\n<li>Schutz des Bewehrungsstahls vor Korrosion.<\/li>\n<li>Ersetzt die Verwendung unzuverl\u00e4ssiger Au\u00dfenmembranen, Auskleidungen und Beschichtungen.<\/li>\n<li>Dauerhaft wasserdicht und aktiv w\u00e4hrend der gesamten Lebensdauer (Langlebigkeit) der Konstruktion, verhindert also das Eindringen von Wasser in das Geb\u00e4ude.<\/li>\n<li>Sch\u00fctzt vor dem Eindringen von Wasser, Chloriden und Sulfaten; erh\u00f6ht die Best\u00e4ndigkeit gegen chemische angriffe<\/li>\n<li>Reduziert die Zeit f\u00fcr die Bauplanung.<\/li>\n<li>Sch\u00fctzt vor Betonkarbonisierung.<\/li>\n<li>Verbessert die Haltbarkeit von Beton.<\/li>\n<li>Wird der Mischung w\u00e4hrend des Batching-Prozesses hinzugef\u00fcgt, sodass sie nicht von wetterbedingungen beeinflusst wird.<\/li>\n<li>Significant decrease in water absorption by capillaries.<\/li>\n<li>NEIN VOCs.<\/li>\n<li>Geeignet f\u00fcr andere Betonzusatzmittel.<\/li>\n<\/ul>\n<\/div> \r\n  \t<\/div>\r\n  \t     <div class=\"etab-content-section etab-714944943  animated etab-gA0BYxF7Es-714944943\" data-animation=\"fadeIn\" data-active=\"0\">\r\n        <div class=\"etab-editor-content clearfix\">\r\n<p>CRYST ADMIXTURE\u00ae ist in 20kg S\u00e4cken oder Eimern erh\u00e4ltlich<\/p>\n<\/div> \r\n  \t<\/div>\r\n  \t     <div class=\"etab-content-section etab-714944943  animated etab-ESMykfJf46-714944943\" data-animation=\"fadeIn\" data-active=\"0\">\r\n        <div class=\"etab-editor-content clearfix\">\r\n<pre><a href=\"https:\/\/crystarm.com\/wp-content\/uploads\/2022\/01\/CRYST-ZUSATZMITTEL-de-ADMIXTURE.pdf\" target=\"_blank\" rel=\"noopener\">DATENBLATT ANZEIGEN<\/a><\/pre>\n<\/div> \r\n  \t<\/div>\r\n  \t   <\/div>\r\n   <\/div>\r\n<style>\r\n.everest-tab-main-wrapper.etab-sp-custom-3460#et-tab-random-714944943 > .etab-header-wrap > ul.etab-title-tabs > li > a{\r\n  background-color: #343234;\r\n}\r\n.etab-sp-custom-3460.everest-tab-main-wrapper#et-tab-random-714944943 > .etab-header-wrap\r\n > ul.etab-title-tabs > li.etab-active-show > a{\r\n   background-color: #cf2422;\r\n }\r\n .etab-sp-custom-3460#et-tab-random-714944943.everest-tab-main-wrapper > .etab-header-wrap > ul.etab-title-tabs > li > a:hover{\r\n   background-color: #cf2422;\r\n  }\r\n  \r\n.everest-tab-main-wrapper.etab-sp-custom-3460#et-tab-random-714944943 > .etab-header-wrap > ul.etab-title-tabs > li > a,\r\n.everest-tab-main-wrapper.etab-sp-custom-3460#et-tab-random-714944943 > .etab-header-wrap > ul.etab-title-tabs > li .etab-icon-wrapper i{\r\n  color: #ffffff;\r\n }\r\n.everest-tab-main-wrapper.etab-sp-custom-3460#et-tab-random-714944943 > .etab-header-wrap > ul.etab-title-tabs > li:hover .etab-title,\r\n.everest-tab-main-wrapper.etab-sp-custom-3460#et-tab-random-714944943 > .etab-header-wrap > ul.etab-title-tabs > li:hover .etab-icon-wrapper i,\r\n.everest-tab-main-wrapper.etab-sp-custom-3460#et-tab-random-714944943 > .etab-header-wrap > ul.etab-title-tabs > li:hover  > a .etab-title-wrapper .etab-desc{\r\n    color: #ffffff;\r\n}\r\n.everest-tab-main-wrapper.etab-sp-custom-3460#et-tab-random-714944943 > .etab-header-wrap > ul.etab-title-tabs > li > a .etab-title-wrapper .etab-desc {\r\n    color: #ffffff;\r\n}\r\n.everest-tab-main-wrapper.etab-sp-custom-3460#et-tab-random-714944943 > .etab-content-wrap {\r\n    background-color: #ffffff;\r\n}\r\n\r\n\r\n \/*Template 1*\/\r\n \/*Template 2*\/\r\n \r\n\/* Template 4*\/\r\n\/* Template 6*\/\r\n \r\n\/* Template 7*\/\r\n \/* Template 9*\/\r\n \/* Template 17*\/\r\n \r\n\/* Template 18*\/\r\n  .everest-tab-main-wrapper.etab-template19.etab-sp-custom-3460#et-tab-random-714944943 > .etab-header-wrap > ul.etab-title-tabs > li > a:after{\r\n    border-right: 1px solid #343234;\r\n    border-top: 1px solid #343234;\r\n    background: #343234;\r\n}\r\n.everest-tab-main-wrapper.etab-template19.etab-sp-custom-3460#et-tab-random-714944943 > .etab-header-wrap > ul.etab-title-tabs > li > a:hover:after,\r\n .everest-tab-main-wrapper.etab-template19.etab-sp-custom-3460#et-tab-random-714944943 > .etab-header-wrap > ul.etab-title-tabs > li.etab-active-show > a:after, \r\n .everest-tab-main-wrapper.etab-template19.etab-sp-custom-3460#et-tab-random-714944943.etab-vertical-top-right-position > .etab-header-wrap > ul.etab-title-tabs > li > a:hover:after, \r\n .everest-tab-main-wrapper.etab-template19.etab-sp-custom-3460#et-tab-random-714944943.etab-top-right-position > .etab-header-wrap > ul.etab-title-tabs > li > a:hover:after, \r\n .everest-tab-main-wrapper.etab-template19.etab-sp-custom-3460#et-tab-random-714944943.etab-bottom-right-position > .etab-header-wrap > ul.etab-title-tabs > li > a:hover:after, \r\n .everest-tab-main-wrapper.etab-template19.etab-sp-custom-3460#et-tab-random-714944943.etab-vertical-top-right-position > .etab-header-wrap > ul.etab-title-tabs > li.etab-active-show > a:after, \r\n .everest-tab-main-wrapper.etab-template19.etab-sp-custom-3460#et-tab-random-714944943.etab-top-right-position > .etab-header-wrap > ul.etab-title-tabs > li.etab-active-show > a:after, \r\n .everest-tab-main-wrapper.etab-template19.etab-sp-custom-3460#et-tab-random-714944943.etab-bottom-right-position > .etab-header-wrap > ul.etab-title-tabs > li.etab-active-show > a:after{\r\n    border-color: #cf2422;\r\n    background:#cf2422;\r\n}\r\n \r\n  <\/style>","protected":false},"excerpt":{"rendered":"<h2><span style=\"color: #bf0000;\">CRYST ADMIXTURE<\/span><\/h2>\n<p>CRYST ADMIXTURE\u00ae ist ein kristallines wasserabweisendes Zusatzmittel, das speziell formuliert wurde, um mit Feuchtigkeit in frischem Beton zu reagieren, das eine dauerhafte Wasserabdichtung bietet, indem es eine unl\u00f6sliche kristalline Formation in den Kapillarporen und Mikrorissen der Betonstrukturen erzeugt. Die Betonmatrix mit CRYST ADMIXTURE\u00ae wird dauerhaft gegen das Eindringen von Wasser aus allen Richtungen des Betons abgedichtet und vor Verschlechterung durch raue Umgebungsbedingungen gesch\u00fctzt. CRYST ADMIXTURE\u00ae ist als Betonzusatzmittel zum Zeitpunkt der Dosierung konzipiert, um dem Beton Haltbarkeit und Langlebigkeit zu verleihen, indem es ihn vor chemischem Angriff und Korrosion von Bewehrungsstahl sch\u00fctzt.<\/p>","protected":false},"featured_media":6320,"comment_status":"open","ping_status":"closed","template":"","meta":[],"product_cat":[20],"product_tag":[],"class_list":["post-1809","product","type-product","status-publish","has-post-thumbnail","hentry","product_cat-waterproofing"],"yoast_head":"<!-- This site is optimized with the Yoast SEO plugin v18.1 - https:\/\/yoast.com\/wordpress\/plugins\/seo\/ -->\n<title>CRYST ADMIXTURE - CRYSTARM | THE SMART WATERPROOFING SYSTEM<\/title>\n<meta name=\"description\" content=\"CRYST ADMIXTURE\u00ae is a concentrate crystalline waterproofing admixture for concrete specifically formulated to protect concrete in-depth.\" \/>\n<meta name=\"robots\" content=\"index, follow, max-snippet:-1, max-image-preview:large, max-video-preview:-1\" \/>\n<link rel=\"canonical\" href=\"https:\/\/crystarm.com\/de\/product\/cryst-admix\/\" \/>\n<meta property=\"og:locale\" content=\"de_DE\" \/>\n<meta property=\"og:type\" content=\"article\" \/>\n<meta property=\"og:title\" content=\"CRYST ADMIXTURE - CRYSTARM | THE SMART WATERPROOFING SYSTEM\" \/>\n<meta property=\"og:description\" content=\"CRYST ADMIXTURE\u00ae is a concentrate crystalline waterproofing admixture for concrete specifically formulated to protect concrete in-depth.\" \/>\n<meta property=\"og:url\" content=\"https:\/\/crystarm.com\/de\/product\/cryst-admix\/\" \/>\n<meta property=\"og:site_name\" content=\"CRYSTARM | THE SMART WATERPROOFING SYSTEM\" \/>\n<meta property=\"article:modified_time\" content=\"2022-10-29T09:53:23+00:00\" \/>\n<meta property=\"og:image\" content=\"https:\/\/crystarm.com\/wp-content\/uploads\/2022\/01\/ADMIXTURE-01.png\" \/>\n\t<meta property=\"og:image:width\" content=\"2250\" \/>\n\t<meta property=\"og:image:height\" content=\"2250\" \/>\n\t<meta property=\"og:image:type\" content=\"image\/png\" \/>\n<meta name=\"twitter:card\" content=\"summary_large_image\" \/>\n<script type=\"application\/ld+json\" class=\"yoast-schema-graph\">{\"@context\":\"https:\/\/schema.org\",\"@graph\":[{\"@type\":\"Organization\",\"@id\":\"https:\/\/crystarm.com\/#organization\",\"name\":\"CRYSTARM | THE SMART WATERPROOFING SYSTEM\",\"url\":\"https:\/\/crystarm.com\/\",\"sameAs\":[],\"logo\":{\"@type\":\"ImageObject\",\"@id\":\"https:\/\/crystarm.com\/#logo\",\"inLanguage\":\"de-DE\",\"url\":\"https:\/\/crystarm.com\/wp-content\/uploads\/2022\/01\/CRYSTARM-LOGO-B-e1645004762112.png\",\"contentUrl\":\"https:\/\/crystarm.com\/wp-content\/uploads\/2022\/01\/CRYSTARM-LOGO-B-e1645004762112.png\",\"width\":500,\"height\":155,\"caption\":\"CRYSTARM | THE SMART WATERPROOFING SYSTEM\"},\"image\":{\"@id\":\"https:\/\/crystarm.com\/#logo\"}},{\"@type\":\"WebSite\",\"@id\":\"https:\/\/crystarm.com\/#website\",\"url\":\"https:\/\/crystarm.com\/\",\"name\":\"CRYSTARM | THE SMART WATERPROOFING SYSTEM\",\"description\":\"Crystalline Technology for Waterproofing\",\"publisher\":{\"@id\":\"https:\/\/crystarm.com\/#organization\"},\"potentialAction\":[{\"@type\":\"SearchAction\",\"target\":{\"@type\":\"EntryPoint\",\"urlTemplate\":\"https:\/\/crystarm.com\/?s={search_term_string}\"},\"query-input\":\"required name=search_term_string\"}],\"inLanguage\":\"de-DE\"},{\"@type\":\"ImageObject\",\"@id\":\"https:\/\/crystarm.com\/product\/cryst-admix\/#primaryimage\",\"inLanguage\":\"de-DE\",\"url\":\"https:\/\/crystarm.com\/wp-content\/uploads\/2022\/01\/ADMIXTURE-01.png\",\"contentUrl\":\"https:\/\/crystarm.com\/wp-content\/uploads\/2022\/01\/ADMIXTURE-01.png\",\"width\":2250,\"height\":2250},{\"@type\":\"WebPage\",\"@id\":\"https:\/\/crystarm.com\/product\/cryst-admix\/#webpage\",\"url\":\"https:\/\/crystarm.com\/product\/cryst-admix\/\",\"name\":\"CRYST ADMIXTURE - CRYSTARM | THE SMART WATERPROOFING SYSTEM\",\"isPartOf\":{\"@id\":\"https:\/\/crystarm.com\/#website\"},\"primaryImageOfPage\":{\"@id\":\"https:\/\/crystarm.com\/product\/cryst-admix\/#primaryimage\"},\"datePublished\":\"2021-11-26T10:06:59+00:00\",\"dateModified\":\"2022-10-29T09:53:23+00:00\",\"description\":\"CRYST ADMIXTURE\u00ae is a concentrate crystalline waterproofing admixture for concrete specifically formulated to protect concrete in-depth.\",\"breadcrumb\":{\"@id\":\"https:\/\/crystarm.com\/product\/cryst-admix\/#breadcrumb\"},\"inLanguage\":\"de-DE\",\"potentialAction\":[{\"@type\":\"ReadAction\",\"target\":[\"https:\/\/crystarm.com\/product\/cryst-admix\/\"]}]},{\"@type\":\"BreadcrumbList\",\"@id\":\"https:\/\/crystarm.com\/product\/cryst-admix\/#breadcrumb\",\"itemListElement\":[{\"@type\":\"ListItem\",\"position\":1,\"name\":\"Product\",\"item\":\"https:\/\/crystarm.com\/?page_id=6154\"},{\"@type\":\"ListItem\",\"position\":2,\"name\":\"CRYST ADMIXTURE\"}]}]}<\/script>\n<!-- \/ Yoast SEO plugin. -->","yoast_head_json":{"title":"CRYST ADMIXTURE - CRYSTARM | THE SMART WATERPROOFING SYSTEM","description":"CRYST ADMIXTURE\u00ae is a concentrate crystalline waterproofing admixture for concrete specifically formulated to protect concrete in-depth.","robots":{"index":"index","follow":"follow","max-snippet":"max-snippet:-1","max-image-preview":"max-image-preview:large","max-video-preview":"max-video-preview:-1"},"canonical":"https:\/\/crystarm.com\/de\/product\/cryst-admix\/","og_locale":"de_DE","og_type":"article","og_title":"CRYST ADMIXTURE - CRYSTARM | THE SMART WATERPROOFING SYSTEM","og_description":"CRYST ADMIXTURE\u00ae is a concentrate crystalline waterproofing admixture for concrete specifically formulated to protect concrete in-depth.","og_url":"https:\/\/crystarm.com\/de\/product\/cryst-admix\/","og_site_name":"CRYSTARM | THE SMART WATERPROOFING SYSTEM","article_modified_time":"2022-10-29T09:53:23+00:00","og_image":[{"width":2250,"height":2250,"url":"https:\/\/crystarm.com\/wp-content\/uploads\/2022\/01\/ADMIXTURE-01.png","type":"image\/png"}],"twitter_card":"summary_large_image","schema":{"@context":"https:\/\/schema.org","@graph":[{"@type":"Organization","@id":"https:\/\/crystarm.com\/#organization","name":"CRYSTARM | THE SMART WATERPROOFING SYSTEM","url":"https:\/\/crystarm.com\/","sameAs":[],"logo":{"@type":"ImageObject","@id":"https:\/\/crystarm.com\/#logo","inLanguage":"de-DE","url":"https:\/\/crystarm.com\/wp-content\/uploads\/2022\/01\/CRYSTARM-LOGO-B-e1645004762112.png","contentUrl":"https:\/\/crystarm.com\/wp-content\/uploads\/2022\/01\/CRYSTARM-LOGO-B-e1645004762112.png","width":500,"height":155,"caption":"CRYSTARM | THE SMART WATERPROOFING SYSTEM"},"image":{"@id":"https:\/\/crystarm.com\/#logo"}},{"@type":"WebSite","@id":"https:\/\/crystarm.com\/#website","url":"https:\/\/crystarm.com\/","name":"CRYSTARM | THE SMART WATERPROOFING SYSTEM","description":"Crystalline Technology for Waterproofing","publisher":{"@id":"https:\/\/crystarm.com\/#organization"},"potentialAction":[{"@type":"SearchAction","target":{"@type":"EntryPoint","urlTemplate":"https:\/\/crystarm.com\/?s={search_term_string}"},"query-input":"required name=search_term_string"}],"inLanguage":"de-DE"},{"@type":"ImageObject","@id":"https:\/\/crystarm.com\/product\/cryst-admix\/#primaryimage","inLanguage":"de-DE","url":"https:\/\/crystarm.com\/wp-content\/uploads\/2022\/01\/ADMIXTURE-01.png","contentUrl":"https:\/\/crystarm.com\/wp-content\/uploads\/2022\/01\/ADMIXTURE-01.png","width":2250,"height":2250},{"@type":"WebPage","@id":"https:\/\/crystarm.com\/product\/cryst-admix\/#webpage","url":"https:\/\/crystarm.com\/product\/cryst-admix\/","name":"CRYST ADMIXTURE - CRYSTARM | THE SMART WATERPROOFING SYSTEM","isPartOf":{"@id":"https:\/\/crystarm.com\/#website"},"primaryImageOfPage":{"@id":"https:\/\/crystarm.com\/product\/cryst-admix\/#primaryimage"},"datePublished":"2021-11-26T10:06:59+00:00","dateModified":"2022-10-29T09:53:23+00:00","description":"CRYST ADMIXTURE\u00ae is a concentrate crystalline waterproofing admixture for concrete specifically formulated to protect concrete in-depth.","breadcrumb":{"@id":"https:\/\/crystarm.com\/product\/cryst-admix\/#breadcrumb"},"inLanguage":"de-DE","potentialAction":[{"@type":"ReadAction","target":["https:\/\/crystarm.com\/product\/cryst-admix\/"]}]},{"@type":"BreadcrumbList","@id":"https:\/\/crystarm.com\/product\/cryst-admix\/#breadcrumb","itemListElement":[{"@type":"ListItem","position":1,"name":"Product","item":"https:\/\/crystarm.com\/?page_id=6154"},{"@type":"ListItem","position":2,"name":"CRYST ADMIXTURE"}]}]}},"_links":{"self":[{"href":"https:\/\/crystarm.com\/de\/wp-json\/wp\/v2\/product\/1809","targetHints":{"allow":["GET"]}}],"collection":[{"href":"https:\/\/crystarm.com\/de\/wp-json\/wp\/v2\/product"}],"about":[{"href":"https:\/\/crystarm.com\/de\/wp-json\/wp\/v2\/types\/product"}],"replies":[{"embeddable":true,"href":"https:\/\/crystarm.com\/de\/wp-json\/wp\/v2\/comments?post=1809"}],"wp:featuredmedia":[{"embeddable":true,"href":"https:\/\/crystarm.com\/de\/wp-json\/wp\/v2\/media\/6320"}],"wp:attachment":[{"href":"https:\/\/crystarm.com\/de\/wp-json\/wp\/v2\/media?parent=1809"}],"wp:term":[{"taxonomy":"product_cat","embeddable":true,"href":"https:\/\/crystarm.com\/de\/wp-json\/wp\/v2\/product_cat?post=1809"},{"taxonomy":"product_tag","embeddable":true,"href":"https:\/\/crystarm.com\/de\/wp-json\/wp\/v2\/product_tag?post=1809"}],"curies":[{"name":"wp","href":"https:\/\/api.w.org\/{rel}","templated":true}]}}