{"id":1813,"date":"2021-11-26T10:33:47","date_gmt":"2021-11-26T10:33:47","guid":{"rendered":"https:\/\/crystarm.com\/?post_type=product&#038;p=1813"},"modified":"2022-10-27T18:04:37","modified_gmt":"2022-10-27T18:04:37","slug":"cryst-dry-shake","status":"publish","type":"product","link":"https:\/\/crystarm.com\/de\/product\/cryst-dry-shake\/","title":{"rendered":"CRYST DRY-SHAKE\u00ae"},"content":{"rendered":"<div class=\"everest-tab-main-wrapper etab-sc-main-wrapper etab-clearfix etab-colmn6 etab-group-wrap etab-sp-custom-3462 etab-template19  etabpro-accordion-disable etab_format_show_both etab-trigger-on_click etab-horizontal etab-top-left-position etab-icon-left-position\" data-tab_trigger_type=\"on_click\" id=\"et-tab-random-951971519\"  data-accordion=\"\" >\r\n \r\n   <div class=\"etab-header-wrap\">\r\n\t  <ul class=\"etab-title-tabs et-tab951971519 etab-clearfix\" data-id=\"etab-951971519\" data-deeplinking=\"\" data-accordion=\"\">\r\n\t  \t   \t  <li class=\"etab-label etab-prelink etab-active-show\" id=\"etab-NgYk7dHGzL-951971519\" >\r\n\t   \t                <a class=\"etab-link-tag\" data-linking=\"tabtype\" href=\"javascript:void(0);\" data-tabtype=\"component_type\">\r\n\t   \t  \t   \t \r\n\t   \t  \t\t       \t   \t  \t    <span class=\"etab-icon-wrapper etab-available-icons\">\r\n\t   \t  \t      <i class=\"dashicons dashicons-screenoptions\"><\/i>\r\n\t   \t  \t    <\/span>\r\n\t   \t  \t    \r\n\t   \t  \r\n\t   \t  \t   \t   <div class=\"etab-title-wrapper\">\r\n\t              <span class=\"etab-title\">ANWENDUNGSBEREICH<\/span>\r\n\t              \t       <\/div>\r\n\t       \t       \t   \t   <\/a>\r\n\r\n\t\t\t\t       <\/li>\r\n\t   \t   \t  <li class=\"etab-label etab-prelink\" id=\"etab-RV3ThJxSro-951971519\" >\r\n\t   \t                <a class=\"etab-link-tag\" data-linking=\"tabtype\" href=\"javascript:void(0);\" data-tabtype=\"component_type\">\r\n\t   \t  \t   \t \r\n\t   \t  \t\t       \t   \t  \t    <span class=\"etab-icon-wrapper etab-available-icons\">\r\n\t   \t  \t      <i class=\"dashicons dashicons-image-rotate-right\"><\/i>\r\n\t   \t  \t    <\/span>\r\n\t   \t  \t    \r\n\t   \t  \r\n\t   \t  \t   \t   <div class=\"etab-title-wrapper\">\r\n\t              <span class=\"etab-title\">VORTEILE<\/span>\r\n\t              \t       <\/div>\r\n\t       \t       \t   \t   <\/a>\r\n\r\n\t\t\t\t       <\/li>\r\n\t   \t   \t  <li class=\"etab-label etab-prelink\" id=\"etab-AfY88j1zmK-951971519\" >\r\n\t   \t                <a class=\"etab-link-tag\" data-linking=\"tabtype\" href=\"javascript:void(0);\" data-tabtype=\"component_type\">\r\n\t   \t  \t   \t \r\n\t   \t  \t\t       \t   \t  \t    <span class=\"etab-icon-wrapper etab-available-icons\">\r\n\t   \t  \t      <i class=\"dashicons dashicons-menu\"><\/i>\r\n\t   \t  \t    <\/span>\r\n\t   \t  \t    \r\n\t   \t  \r\n\t   \t  \t   \t   <div class=\"etab-title-wrapper\">\r\n\t              <span class=\"etab-title\">VERPACKUNG <\/span>\r\n\t              \t       <\/div>\r\n\t       \t       \t   \t   <\/a>\r\n\r\n\t\t\t\t       <\/li>\r\n\t   \t   \t  <li class=\"etab-label etab-prelink\" id=\"etab-ESMykfJf46-951971519\" >\r\n\t   \t                <a class=\"etab-link-tag\" data-linking=\"tabtype\" href=\"javascript:void(0);\" data-tabtype=\"component_type\">\r\n\t   \t  \t   \t \r\n\t   \t  \t\t       \t   \t  \t    <span class=\"etab-icon-wrapper etab-available-icons\">\r\n\t   \t  \t      <i class=\"dashicons dashicons-book-alt\"><\/i>\r\n\t   \t  \t    <\/span>\r\n\t   \t  \t    \r\n\t   \t  \r\n\t   \t  \t   \t   <div class=\"etab-title-wrapper\">\r\n\t              <span class=\"etab-title\">DATENBLATT<\/span>\r\n\t              \t       <\/div>\r\n\t       \t       \t   \t   <\/a>\r\n\r\n\t\t\t\t       <\/li>\r\n\t   \t  <\/ul>\r\n  <\/div>\r\n  <div class=\"etab-content-wrap\" >\r\n         <div class=\"etab-content-section etab-951971519 etab-active-content animated etab-NgYk7dHGzL-951971519\" data-animation=\"fadeIn\" data-active=\"1\">\r\n        <div class=\"etab-editor-content clearfix\">\r\n<p>Einsatzm\u00f6glichkeiten f\u00fcr alle Arten von Abdichtungen und Betonkorrosionsschutz in:<\/p>\n<ul>\n<li>Verkehrstragende Oberfl\u00e4chen.<\/li>\n<li>Lagerb\u00f6den.<\/li>\n<li>Kraftwerke<\/li>\n<li>Fundamentplatten<\/li>\n<li>Unterirdische Strukturen.<\/li>\n<li>Parkstrukturen<\/li>\n<\/ul>\n<\/div> \r\n  \t<\/div>\r\n  \t     <div class=\"etab-content-section etab-951971519  animated etab-RV3ThJxSro-951971519\" data-animation=\"fadeIn\" data-active=\"0\">\r\n        <div class=\"etab-editor-content clearfix\">\r\n<ul>\n<li>Umweltfreundlich.<\/li>\n<li>Verbessert die Haltbarkeit von Beton.<\/li>\n<li>Wirksam gegen extremen hydrostatischen Druck.<\/li>\n<li>Sch\u00fctzt vor dem Eindringen von Wasser, Chloriden und Sulfaten; erh\u00f6ht die Best\u00e4ndigkeit gegen chemische angriffe<\/li>\n<li>Wird eine integrale dauerhafte Impr\u00e4gnierung.<\/li>\n<li>Aktive Kristallisation zum Abdichten von bis zu 0,5 mm breiten Rissen.<\/li>\n<li>Reduziert die Zeit f\u00fcr die Bauplanung.<\/li>\n<li>L\u00e4sst Beton atmen.<\/li>\n<li>Sch\u00fctzt vor Betonkarbonisierung.<\/li>\n<li>Ungiftig \u2013 ideal f\u00fcr Trinkwasser<\/li>\n<li>Kann in Lebensmittelverarbeitungsbetrieben eingesetzt werden<\/li>\n<li>NEIN VOCs.<\/li>\n<\/ul>\n<\/div> \r\n  \t<\/div>\r\n  \t     <div class=\"etab-content-section etab-951971519  animated etab-AfY88j1zmK-951971519\" data-animation=\"fadeIn\" data-active=\"0\">\r\n        <div class=\"etab-editor-content clearfix\">\r\n<p>CRYST DRY SHAKE\u00ae ist in 20kg S\u00e4cken oder Eimern erh\u00e4ltlich<\/p>\n<\/div> \r\n  \t<\/div>\r\n  \t     <div class=\"etab-content-section etab-951971519  animated etab-ESMykfJf46-951971519\" data-animation=\"fadeIn\" data-active=\"0\">\r\n        <div class=\"etab-editor-content clearfix\">\r\n<p><a href=\"https:\/\/crystarm.com\/wp-content\/uploads\/2022\/01\/CRYST-HARTSTOFFEINSTREUUNG-DRY-SHAKE-de.pdf\" target=\"_blank\" rel=\"noopener\">DATENBLATT ANZEIGEN<\/a><\/p>\n<\/div> \r\n  \t<\/div>\r\n  \t   <\/div>\r\n   <\/div>\r\n<style>\r\n.everest-tab-main-wrapper.etab-sp-custom-3462#et-tab-random-951971519 > .etab-header-wrap > ul.etab-title-tabs > li > a{\r\n  background-color: #343234;\r\n}\r\n.etab-sp-custom-3462.everest-tab-main-wrapper#et-tab-random-951971519 > .etab-header-wrap\r\n > ul.etab-title-tabs > li.etab-active-show > a{\r\n   background-color: #cf2422;\r\n }\r\n .etab-sp-custom-3462#et-tab-random-951971519.everest-tab-main-wrapper > .etab-header-wrap > ul.etab-title-tabs > li > a:hover{\r\n   background-color: #cf2422;\r\n  }\r\n  \r\n.everest-tab-main-wrapper.etab-sp-custom-3462#et-tab-random-951971519 > .etab-header-wrap > ul.etab-title-tabs > li > a,\r\n.everest-tab-main-wrapper.etab-sp-custom-3462#et-tab-random-951971519 > .etab-header-wrap > ul.etab-title-tabs > li .etab-icon-wrapper i{\r\n  color: #ffffff;\r\n }\r\n.everest-tab-main-wrapper.etab-sp-custom-3462#et-tab-random-951971519 > .etab-header-wrap > ul.etab-title-tabs > li:hover .etab-title,\r\n.everest-tab-main-wrapper.etab-sp-custom-3462#et-tab-random-951971519 > .etab-header-wrap > ul.etab-title-tabs > li:hover .etab-icon-wrapper i,\r\n.everest-tab-main-wrapper.etab-sp-custom-3462#et-tab-random-951971519 > .etab-header-wrap > ul.etab-title-tabs > li:hover  > a .etab-title-wrapper .etab-desc{\r\n    color: #ffffff;\r\n}\r\n.everest-tab-main-wrapper.etab-sp-custom-3462#et-tab-random-951971519 > .etab-header-wrap > ul.etab-title-tabs > li > a .etab-title-wrapper .etab-desc {\r\n    color: #ffffff;\r\n}\r\n.everest-tab-main-wrapper.etab-sp-custom-3462#et-tab-random-951971519 > .etab-content-wrap {\r\n    background-color: #ffffff;\r\n}\r\n\r\n\r\n \/*Template 1*\/\r\n \/*Template 2*\/\r\n \r\n\/* Template 4*\/\r\n\/* Template 6*\/\r\n \r\n\/* Template 7*\/\r\n \/* Template 9*\/\r\n \/* Template 17*\/\r\n \r\n\/* Template 18*\/\r\n  .everest-tab-main-wrapper.etab-template19.etab-sp-custom-3462#et-tab-random-951971519 > .etab-header-wrap > ul.etab-title-tabs > li > a:after{\r\n    border-right: 1px solid #343234;\r\n    border-top: 1px solid #343234;\r\n    background: #343234;\r\n}\r\n.everest-tab-main-wrapper.etab-template19.etab-sp-custom-3462#et-tab-random-951971519 > .etab-header-wrap > ul.etab-title-tabs > li > a:hover:after,\r\n .everest-tab-main-wrapper.etab-template19.etab-sp-custom-3462#et-tab-random-951971519 > .etab-header-wrap > ul.etab-title-tabs > li.etab-active-show > a:after, \r\n .everest-tab-main-wrapper.etab-template19.etab-sp-custom-3462#et-tab-random-951971519.etab-vertical-top-right-position > .etab-header-wrap > ul.etab-title-tabs > li > a:hover:after, \r\n .everest-tab-main-wrapper.etab-template19.etab-sp-custom-3462#et-tab-random-951971519.etab-top-right-position > .etab-header-wrap > ul.etab-title-tabs > li > a:hover:after, \r\n .everest-tab-main-wrapper.etab-template19.etab-sp-custom-3462#et-tab-random-951971519.etab-bottom-right-position > .etab-header-wrap > ul.etab-title-tabs > li > a:hover:after, \r\n .everest-tab-main-wrapper.etab-template19.etab-sp-custom-3462#et-tab-random-951971519.etab-vertical-top-right-position > .etab-header-wrap > ul.etab-title-tabs > li.etab-active-show > a:after, \r\n .everest-tab-main-wrapper.etab-template19.etab-sp-custom-3462#et-tab-random-951971519.etab-top-right-position > .etab-header-wrap > ul.etab-title-tabs > li.etab-active-show > a:after, \r\n .everest-tab-main-wrapper.etab-template19.etab-sp-custom-3462#et-tab-random-951971519.etab-bottom-right-position > .etab-header-wrap > ul.etab-title-tabs > li.etab-active-show > a:after{\r\n    border-color: #cf2422;\r\n    background:#cf2422;\r\n}\r\n \r\n  <\/style>\r\n\r\n\n<div id=\"gtx-trans\" style=\"position: absolute; left: -5px; top: 48px;\">\n<div class=\"gtx-trans-icon\"><\/div>\n<\/div>","protected":false},"excerpt":{"rendered":"<h2><span style=\"color: #bf0000;\">CRYST DRY-SHAK<\/span><\/h2>\n<p>CRYST DRY-SHAKE\u00ae ist ein kristallines, wasserabweisendes Trockensch\u00fcttelmittel, das speziell f\u00fcr die Behandlung horizontaler Betonoberfl\u00e4chen aus frisch verlegtem Beton wie Parkdecks und Bodenplatten entwickelt wurde, die eine erh\u00f6hte Schlag- und Abriebfestigkeit erfordern.<\/p>\n<p>CRYST DRY-SHAKE\u00ae wurde speziell f\u00fcr Dry-Shake-Behandlungen auf horizontalen Betonoberfl\u00e4chen von frisch verlegtem Beton wie Parkdecks und Bodenplatten entwickelt, die eine erh\u00f6hte Sto\u00df- und Abriebfestigkeit erfordern.\nCRYST DRY-SHAKE\u00ae wird durch einen Kristallisationsprozess zu einem integralen Bestandteil des Betons, der Beton in der Tiefe wasserdicht macht und sch\u00fctzt und die Probleme angeht, die typischerweise mit Beschichtungen verbunden sind, wie z. Wenn CRYST DRY-SHAKE\u00ae auf die Betonoberfl\u00e4che aufgetragen wird, reagieren die aktiven Chemikalien mit der Feuchtigkeit im frischen Beton und verursachen eine katalytische Reaktion, die eine unl\u00f6sliche kristalline Struktur erzeugt. Diese Kristalle f\u00fcllen die Poren und kleine Schwindrisse im Beton, um ein weiteres Eindringen von Wasser zu verhindern.\nCRYST DRY-SHAKE\u00ae sch\u00fctzt Beton vor Meerwasser, Abwasser, aggressivem Grundwasser und vielen anderen aggressiven chemischen L\u00f6sungen.<\/p>","protected":false},"featured_media":6321,"comment_status":"open","ping_status":"closed","template":"","meta":[],"product_cat":[20],"product_tag":[],"class_list":["post-1813","product","type-product","status-publish","has-post-thumbnail","hentry","product_cat-waterproofing"],"yoast_head":"<!-- This site is optimized with the Yoast SEO plugin v18.1 - https:\/\/yoast.com\/wordpress\/plugins\/seo\/ -->\n<title>CRYST DRY-SHAKE\u00ae - CRYSTARM | THE SMART WATERPROOFING SYSTEM<\/title>\n<meta name=\"description\" content=\"CRYST DRY-SHAKE\u00ae is a crystalline waterproofing dry-shake, specifically designed for treatments on horizontal concrete surfaces of freshly laid concrete such as parking decks and floor slabs that require increased impact and abrasion resistance.\" \/>\n<meta name=\"robots\" content=\"index, follow, max-snippet:-1, max-image-preview:large, max-video-preview:-1\" \/>\n<link rel=\"canonical\" href=\"https:\/\/crystarm.com\/de\/product\/cryst-dry-shake\/\" \/>\n<meta property=\"og:locale\" content=\"de_DE\" \/>\n<meta property=\"og:type\" content=\"article\" \/>\n<meta property=\"og:title\" content=\"CRYST DRY-SHAKE\u00ae - CRYSTARM | THE SMART WATERPROOFING SYSTEM\" \/>\n<meta property=\"og:description\" content=\"CRYST DRY-SHAKE\u00ae is a crystalline waterproofing dry-shake, specifically designed for treatments on horizontal concrete surfaces of freshly laid concrete such as parking decks and floor slabs that require increased impact and abrasion resistance.\" \/>\n<meta property=\"og:url\" content=\"https:\/\/crystarm.com\/de\/product\/cryst-dry-shake\/\" \/>\n<meta property=\"og:site_name\" content=\"CRYSTARM | THE SMART WATERPROOFING SYSTEM\" \/>\n<meta property=\"article:modified_time\" content=\"2022-10-27T18:04:37+00:00\" \/>\n<meta property=\"og:image\" content=\"https:\/\/crystarm.com\/wp-content\/uploads\/2022\/01\/CRYST-1-PAIL-01.png\" \/>\n\t<meta property=\"og:image:width\" content=\"2250\" \/>\n\t<meta property=\"og:image:height\" content=\"2250\" \/>\n\t<meta property=\"og:image:type\" content=\"image\/png\" \/>\n<meta name=\"twitter:card\" content=\"summary_large_image\" \/>\n<script type=\"application\/ld+json\" class=\"yoast-schema-graph\">{\"@context\":\"https:\/\/schema.org\",\"@graph\":[{\"@type\":\"Organization\",\"@id\":\"https:\/\/crystarm.com\/#organization\",\"name\":\"CRYSTARM | THE SMART WATERPROOFING SYSTEM\",\"url\":\"https:\/\/crystarm.com\/\",\"sameAs\":[],\"logo\":{\"@type\":\"ImageObject\",\"@id\":\"https:\/\/crystarm.com\/#logo\",\"inLanguage\":\"de-DE\",\"url\":\"https:\/\/crystarm.com\/wp-content\/uploads\/2022\/01\/CRYSTARM-LOGO-B-e1645004762112.png\",\"contentUrl\":\"https:\/\/crystarm.com\/wp-content\/uploads\/2022\/01\/CRYSTARM-LOGO-B-e1645004762112.png\",\"width\":500,\"height\":155,\"caption\":\"CRYSTARM | THE SMART WATERPROOFING SYSTEM\"},\"image\":{\"@id\":\"https:\/\/crystarm.com\/#logo\"}},{\"@type\":\"WebSite\",\"@id\":\"https:\/\/crystarm.com\/#website\",\"url\":\"https:\/\/crystarm.com\/\",\"name\":\"CRYSTARM | THE SMART WATERPROOFING SYSTEM\",\"description\":\"Crystalline Technology for Waterproofing\",\"publisher\":{\"@id\":\"https:\/\/crystarm.com\/#organization\"},\"potentialAction\":[{\"@type\":\"SearchAction\",\"target\":{\"@type\":\"EntryPoint\",\"urlTemplate\":\"https:\/\/crystarm.com\/?s={search_term_string}\"},\"query-input\":\"required name=search_term_string\"}],\"inLanguage\":\"de-DE\"},{\"@type\":\"ImageObject\",\"@id\":\"https:\/\/crystarm.com\/product\/cryst-dry-shake\/#primaryimage\",\"inLanguage\":\"de-DE\",\"url\":\"https:\/\/crystarm.com\/wp-content\/uploads\/2022\/01\/CRYST-1-PAIL-01.png\",\"contentUrl\":\"https:\/\/crystarm.com\/wp-content\/uploads\/2022\/01\/CRYST-1-PAIL-01.png\",\"width\":2250,\"height\":2250},{\"@type\":\"WebPage\",\"@id\":\"https:\/\/crystarm.com\/product\/cryst-dry-shake\/#webpage\",\"url\":\"https:\/\/crystarm.com\/product\/cryst-dry-shake\/\",\"name\":\"CRYST DRY-SHAKE\u00ae - CRYSTARM | THE SMART WATERPROOFING SYSTEM\",\"isPartOf\":{\"@id\":\"https:\/\/crystarm.com\/#website\"},\"primaryImageOfPage\":{\"@id\":\"https:\/\/crystarm.com\/product\/cryst-dry-shake\/#primaryimage\"},\"datePublished\":\"2021-11-26T10:33:47+00:00\",\"dateModified\":\"2022-10-27T18:04:37+00:00\",\"description\":\"CRYST DRY-SHAKE\u00ae is a crystalline waterproofing dry-shake, specifically designed for treatments on horizontal concrete surfaces of freshly laid concrete such as parking decks and floor slabs that require increased impact and abrasion resistance.\",\"breadcrumb\":{\"@id\":\"https:\/\/crystarm.com\/product\/cryst-dry-shake\/#breadcrumb\"},\"inLanguage\":\"de-DE\",\"potentialAction\":[{\"@type\":\"ReadAction\",\"target\":[\"https:\/\/crystarm.com\/product\/cryst-dry-shake\/\"]}]},{\"@type\":\"BreadcrumbList\",\"@id\":\"https:\/\/crystarm.com\/product\/cryst-dry-shake\/#breadcrumb\",\"itemListElement\":[{\"@type\":\"ListItem\",\"position\":1,\"name\":\"Product\",\"item\":\"https:\/\/crystarm.com\/?page_id=6154\"},{\"@type\":\"ListItem\",\"position\":2,\"name\":\"CRYST DRY-SHAKE\u00ae\"}]}]}<\/script>\n<!-- \/ Yoast SEO plugin. -->","yoast_head_json":{"title":"CRYST DRY-SHAKE\u00ae - CRYSTARM | THE SMART WATERPROOFING SYSTEM","description":"CRYST DRY-SHAKE\u00ae ist ein kristallines, wasserabweisendes Trockensch\u00fcttelmittel, das speziell f\u00fcr die Behandlung horizontaler Betonoberfl\u00e4chen aus frisch verlegtem Beton wie Parkdecks und Bodenplatten entwickelt wurde, die eine erh\u00f6hte Schlag- und Abriebfestigkeit erfordern.","robots":{"index":"index","follow":"follow","max-snippet":"max-snippet:-1","max-image-preview":"max-image-preview:large","max-video-preview":"max-video-preview:-1"},"canonical":"https:\/\/crystarm.com\/de\/product\/cryst-dry-shake\/","og_locale":"de_DE","og_type":"article","og_title":"CRYST DRY-SHAKE\u00ae - CRYSTARM | THE SMART WATERPROOFING SYSTEM","og_description":"CRYST DRY-SHAKE\u00ae is a crystalline waterproofing dry-shake, specifically designed for treatments on horizontal concrete surfaces of freshly laid concrete such as parking decks and floor slabs that require increased impact and abrasion resistance.","og_url":"https:\/\/crystarm.com\/de\/product\/cryst-dry-shake\/","og_site_name":"CRYSTARM | THE SMART WATERPROOFING SYSTEM","article_modified_time":"2022-10-27T18:04:37+00:00","og_image":[{"width":2250,"height":2250,"url":"https:\/\/crystarm.com\/wp-content\/uploads\/2022\/01\/CRYST-1-PAIL-01.png","type":"image\/png"}],"twitter_card":"summary_large_image","schema":{"@context":"https:\/\/schema.org","@graph":[{"@type":"Organization","@id":"https:\/\/crystarm.com\/#organization","name":"CRYSTARM | THE SMART WATERPROOFING SYSTEM","url":"https:\/\/crystarm.com\/","sameAs":[],"logo":{"@type":"ImageObject","@id":"https:\/\/crystarm.com\/#logo","inLanguage":"de-DE","url":"https:\/\/crystarm.com\/wp-content\/uploads\/2022\/01\/CRYSTARM-LOGO-B-e1645004762112.png","contentUrl":"https:\/\/crystarm.com\/wp-content\/uploads\/2022\/01\/CRYSTARM-LOGO-B-e1645004762112.png","width":500,"height":155,"caption":"CRYSTARM | THE SMART WATERPROOFING SYSTEM"},"image":{"@id":"https:\/\/crystarm.com\/#logo"}},{"@type":"WebSite","@id":"https:\/\/crystarm.com\/#website","url":"https:\/\/crystarm.com\/","name":"CRYSTARM | THE SMART WATERPROOFING SYSTEM","description":"Crystalline Technology for Waterproofing","publisher":{"@id":"https:\/\/crystarm.com\/#organization"},"potentialAction":[{"@type":"SearchAction","target":{"@type":"EntryPoint","urlTemplate":"https:\/\/crystarm.com\/?s={search_term_string}"},"query-input":"required name=search_term_string"}],"inLanguage":"de-DE"},{"@type":"ImageObject","@id":"https:\/\/crystarm.com\/product\/cryst-dry-shake\/#primaryimage","inLanguage":"de-DE","url":"https:\/\/crystarm.com\/wp-content\/uploads\/2022\/01\/CRYST-1-PAIL-01.png","contentUrl":"https:\/\/crystarm.com\/wp-content\/uploads\/2022\/01\/CRYST-1-PAIL-01.png","width":2250,"height":2250},{"@type":"WebPage","@id":"https:\/\/crystarm.com\/product\/cryst-dry-shake\/#webpage","url":"https:\/\/crystarm.com\/product\/cryst-dry-shake\/","name":"CRYST DRY-SHAKE\u00ae - CRYSTARM | THE SMART WATERPROOFING SYSTEM","isPartOf":{"@id":"https:\/\/crystarm.com\/#website"},"primaryImageOfPage":{"@id":"https:\/\/crystarm.com\/product\/cryst-dry-shake\/#primaryimage"},"datePublished":"2021-11-26T10:33:47+00:00","dateModified":"2022-10-27T18:04:37+00:00","description":"CRYST DRY-SHAKE\u00ae ist ein kristallines, wasserabweisendes Trockensch\u00fcttelmittel, das speziell f\u00fcr die Behandlung horizontaler Betonoberfl\u00e4chen aus frisch verlegtem Beton wie Parkdecks und Bodenplatten entwickelt wurde, die eine erh\u00f6hte Schlag- und Abriebfestigkeit erfordern.","breadcrumb":{"@id":"https:\/\/crystarm.com\/product\/cryst-dry-shake\/#breadcrumb"},"inLanguage":"de-DE","potentialAction":[{"@type":"ReadAction","target":["https:\/\/crystarm.com\/product\/cryst-dry-shake\/"]}]},{"@type":"BreadcrumbList","@id":"https:\/\/crystarm.com\/product\/cryst-dry-shake\/#breadcrumb","itemListElement":[{"@type":"ListItem","position":1,"name":"Product","item":"https:\/\/crystarm.com\/?page_id=6154"},{"@type":"ListItem","position":2,"name":"CRYST DRY-SHAKE\u00ae"}]}]}},"_links":{"self":[{"href":"https:\/\/crystarm.com\/de\/wp-json\/wp\/v2\/product\/1813","targetHints":{"allow":["GET"]}}],"collection":[{"href":"https:\/\/crystarm.com\/de\/wp-json\/wp\/v2\/product"}],"about":[{"href":"https:\/\/crystarm.com\/de\/wp-json\/wp\/v2\/types\/product"}],"replies":[{"embeddable":true,"href":"https:\/\/crystarm.com\/de\/wp-json\/wp\/v2\/comments?post=1813"}],"wp:featuredmedia":[{"embeddable":true,"href":"https:\/\/crystarm.com\/de\/wp-json\/wp\/v2\/media\/6321"}],"wp:attachment":[{"href":"https:\/\/crystarm.com\/de\/wp-json\/wp\/v2\/media?parent=1813"}],"wp:term":[{"taxonomy":"product_cat","embeddable":true,"href":"https:\/\/crystarm.com\/de\/wp-json\/wp\/v2\/product_cat?post=1813"},{"taxonomy":"product_tag","embeddable":true,"href":"https:\/\/crystarm.com\/de\/wp-json\/wp\/v2\/product_tag?post=1813"}],"curies":[{"name":"wp","href":"https:\/\/api.w.org\/{rel}","templated":true}]}}