{"id":1815,"date":"2021-11-26T10:38:22","date_gmt":"2021-11-26T10:38:22","guid":{"rendered":"https:\/\/crystarm.com\/?post_type=product&#038;p=1815"},"modified":"2022-10-27T18:55:05","modified_gmt":"2022-10-27T18:55:05","slug":"cryst-inject-foam","status":"publish","type":"product","link":"https:\/\/crystarm.com\/de\/product\/cryst-inject-foam\/","title":{"rendered":"CRYST INJECT FOAM"},"content":{"rendered":"<div class=\"everest-tab-main-wrapper etab-sc-main-wrapper etab-clearfix etab-colmn6 etab-group-wrap etab-sp-custom-3467 etab-template19  etabpro-accordion-disable etab_format_show_both etab-trigger-on_click etab-horizontal etab-top-left-position etab-icon-left-position\" data-tab_trigger_type=\"on_click\" id=\"et-tab-random-773963634\"  data-accordion=\"\" >\r\n \r\n   <div class=\"etab-header-wrap\">\r\n\t  <ul class=\"etab-title-tabs et-tab773963634 etab-clearfix\" data-id=\"etab-773963634\" data-deeplinking=\"\" data-accordion=\"\">\r\n\t  \t   \t  <li class=\"etab-label etab-prelink etab-active-show\" id=\"etab-NgYk7dHGzL-773963634\" >\r\n\t   \t                <a class=\"etab-link-tag\" data-linking=\"tabtype\" href=\"javascript:void(0);\" data-tabtype=\"component_type\">\r\n\t   \t  \t   \t \r\n\t   \t  \t\t       \t   \t  \t    <span class=\"etab-icon-wrapper etab-available-icons\">\r\n\t   \t  \t      <i class=\"dashicons dashicons-screenoptions\"><\/i>\r\n\t   \t  \t    <\/span>\r\n\t   \t  \t    \r\n\t   \t  \r\n\t   \t  \t   \t   <div class=\"etab-title-wrapper\">\r\n\t              <span class=\"etab-title\">ANWENDUNGSBEREICH<\/span>\r\n\t              \t       <\/div>\r\n\t       \t       \t   \t   <\/a>\r\n\r\n\t\t\t\t       <\/li>\r\n\t   \t   \t  <li class=\"etab-label etab-prelink\" id=\"etab-RV3ThJxSro-773963634\" >\r\n\t   \t                <a class=\"etab-link-tag\" data-linking=\"tabtype\" href=\"javascript:void(0);\" data-tabtype=\"component_type\">\r\n\t   \t  \t   \t \r\n\t   \t  \t\t       \t   \t  \t    <span class=\"etab-icon-wrapper etab-available-icons\">\r\n\t   \t  \t      <i class=\"dashicons dashicons-image-rotate-right\"><\/i>\r\n\t   \t  \t    <\/span>\r\n\t   \t  \t    \r\n\t   \t  \r\n\t   \t  \t   \t   <div class=\"etab-title-wrapper\">\r\n\t              <span class=\"etab-title\">VORTEILE<\/span>\r\n\t              \t       <\/div>\r\n\t       \t       \t   \t   <\/a>\r\n\r\n\t\t\t\t       <\/li>\r\n\t   \t   \t  <li class=\"etab-label etab-prelink\" id=\"etab-AfY88j1zmK-773963634\" >\r\n\t   \t                <a class=\"etab-link-tag\" data-linking=\"tabtype\" href=\"javascript:void(0);\" data-tabtype=\"component_type\">\r\n\t   \t  \t   \t \r\n\t   \t  \t\t       \t   \t  \t    <span class=\"etab-icon-wrapper etab-available-icons\">\r\n\t   \t  \t      <i class=\"dashicons dashicons-format-image\"><\/i>\r\n\t   \t  \t    <\/span>\r\n\t   \t  \t    \r\n\t   \t  \r\n\t   \t  \t   \t   <div class=\"etab-title-wrapper\">\r\n\t              <span class=\"etab-title\">VERPACKUNG <\/span>\r\n\t              \t       <\/div>\r\n\t       \t       \t   \t   <\/a>\r\n\r\n\t\t\t\t       <\/li>\r\n\t   \t   \t  <li class=\"etab-label etab-prelink\" id=\"etab-ESMykfJf46-773963634\" >\r\n\t   \t                <a class=\"etab-link-tag\" data-linking=\"tabtype\" href=\"javascript:void(0);\" data-tabtype=\"component_type\">\r\n\t   \t  \t   \t \r\n\t   \t  \t\t       \t   \t  \t    <span class=\"etab-icon-wrapper etab-available-icons\">\r\n\t   \t  \t      <i class=\"dashicons dashicons-book-alt\"><\/i>\r\n\t   \t  \t    <\/span>\r\n\t   \t  \t    \r\n\t   \t  \r\n\t   \t  \t   \t   <div class=\"etab-title-wrapper\">\r\n\t              <span class=\"etab-title\">DATENBLATT<\/span>\r\n\t              \t       <\/div>\r\n\t       \t       \t   \t   <\/a>\r\n\r\n\t\t\t\t       <\/li>\r\n\t   \t  <\/ul>\r\n  <\/div>\r\n  <div class=\"etab-content-wrap\" >\r\n         <div class=\"etab-content-section etab-773963634 etab-active-content animated etab-NgYk7dHGzL-773963634\" data-animation=\"fadeIn\" data-active=\"1\">\r\n        <div class=\"etab-editor-content clearfix\">\r\n<p>CRYST INJECT FOAM\u00ae wird empfohlen, um starken Wasserfluss in Rissen, gro\u00dfen L\u00fccken, Hohlr\u00e4umen und Fugen f\u00fcr Betonkonstruktionen, Mauerwerk sowie nat\u00fcrliches und k\u00fcnstliches Mauerwerk zu stoppen.<\/p>\n<p>Typische Einsatzgebiete sind z. B. Tunnel, Keller, Schlitzw\u00e4nde, Sch\u00e4chte, Aufzugsgruben, Reservoirs, Abwassertanks, Wassertanks, Becken, Bodenstabilisierung usw.<\/p>\n<\/div> \r\n  \t<\/div>\r\n  \t     <div class=\"etab-content-section etab-773963634  animated etab-RV3ThJxSro-773963634\" data-animation=\"fadeIn\" data-active=\"0\">\r\n        <div class=\"etab-editor-content clearfix\">\r\n<ul>\n<li>Permanente L\u00f6sung.<\/li>\n<li>Wird als Einkomponentensystem verwendet.<\/li>\n<li>Lange Verarbeitungszeit, wenn die gemischte Komponente in geschlossenem Zustand gehalten wird.<\/li>\n<li>Volumenexpansion innerhalb weniger Sekunden ist mehr als 30 mal.<\/li>\n<li>Reagiert nur bei Kontakt mit Wasser und Feuchtigkeit.<\/li>\n<li>Frei von Phthalat-Weichmachern.<\/li>\n<li>Gute chemische Best\u00e4ndigkeit.<\/li>\n<li>Hervorragende Haftung auf nassen Oberfl\u00e4chen auf mineralischen Baustoffen, Steinen, Metall und bestimmten Kunststoffen.<\/li>\n<li>Formbest\u00e4ndig, schrumpft nach dem Aush\u00e4rten nicht.<\/li>\n<li>Niedrigviskos, das tief in feine Risse eindringen kann.<\/li>\n<li>Reaktionszeit einstellbar.<\/li>\n<li>Stoppt unter Druck stehendes Wasser.<\/li>\n<li>Ungiftig \u2013 ideal f\u00fcr Trinkwasser<\/li>\n<\/ul>\n<\/div> \r\n  \t<\/div>\r\n  \t     <div class=\"etab-content-section etab-773963634  animated etab-AfY88j1zmK-773963634\" data-animation=\"fadeIn\" data-active=\"0\">\r\n        <div class=\"etab-editor-content clearfix\">\r\n<p>Komponente A (Harz): 20-Liter-Metallkanister<br \/>\nKomponente B (Katalysator): 2-Liter-Metallkanister<\/p>\n<\/div> \r\n  \t<\/div>\r\n  \t     <div class=\"etab-content-section etab-773963634  animated etab-ESMykfJf46-773963634\" data-animation=\"fadeIn\" data-active=\"0\">\r\n        <div class=\"etab-editor-content clearfix\">\r\n<p><a href=\"https:\/\/crystarm.com\/wp-content\/uploads\/2022\/01\/CRYST-INJECTSSCHAUM-INJECT-FOAM-de.pdf\" target=\"_blank\" rel=\"noopener\">DATENBLATT ANZEIGEN<\/a><\/p>\n<\/div> \r\n  \t<\/div>\r\n  \t   <\/div>\r\n   <\/div>\r\n<style>\r\n.everest-tab-main-wrapper.etab-sp-custom-3467#et-tab-random-773963634 > .etab-header-wrap > ul.etab-title-tabs > li > a{\r\n  background-color: #343234;\r\n}\r\n.etab-sp-custom-3467.everest-tab-main-wrapper#et-tab-random-773963634 > .etab-header-wrap\r\n > ul.etab-title-tabs > li.etab-active-show > a{\r\n   background-color: #cf2422;\r\n }\r\n .etab-sp-custom-3467#et-tab-random-773963634.everest-tab-main-wrapper > .etab-header-wrap > ul.etab-title-tabs > li > a:hover{\r\n   background-color: #cf2422;\r\n  }\r\n  \r\n.everest-tab-main-wrapper.etab-sp-custom-3467#et-tab-random-773963634 > .etab-header-wrap > ul.etab-title-tabs > li > a,\r\n.everest-tab-main-wrapper.etab-sp-custom-3467#et-tab-random-773963634 > .etab-header-wrap > ul.etab-title-tabs > li .etab-icon-wrapper i{\r\n  color: #ffffff;\r\n }\r\n.everest-tab-main-wrapper.etab-sp-custom-3467#et-tab-random-773963634 > .etab-header-wrap > ul.etab-title-tabs > li:hover .etab-title,\r\n.everest-tab-main-wrapper.etab-sp-custom-3467#et-tab-random-773963634 > .etab-header-wrap > ul.etab-title-tabs > li:hover .etab-icon-wrapper i,\r\n.everest-tab-main-wrapper.etab-sp-custom-3467#et-tab-random-773963634 > .etab-header-wrap > ul.etab-title-tabs > li:hover  > a .etab-title-wrapper .etab-desc{\r\n    color: #ffffff;\r\n}\r\n.everest-tab-main-wrapper.etab-sp-custom-3467#et-tab-random-773963634 > .etab-header-wrap > ul.etab-title-tabs > li > a .etab-title-wrapper .etab-desc {\r\n    color: #ffffff;\r\n}\r\n.everest-tab-main-wrapper.etab-sp-custom-3467#et-tab-random-773963634 > .etab-content-wrap {\r\n    background-color: #ffffff;\r\n}\r\n\r\n\r\n \/*Template 1*\/\r\n \/*Template 2*\/\r\n \r\n\/* Template 4*\/\r\n\/* Template 6*\/\r\n \r\n\/* Template 7*\/\r\n \/* Template 9*\/\r\n \/* Template 17*\/\r\n \r\n\/* Template 18*\/\r\n  .everest-tab-main-wrapper.etab-template19.etab-sp-custom-3467#et-tab-random-773963634 > .etab-header-wrap > ul.etab-title-tabs > li > a:after{\r\n    border-right: 1px solid #343234;\r\n    border-top: 1px solid #343234;\r\n    background: #343234;\r\n}\r\n.everest-tab-main-wrapper.etab-template19.etab-sp-custom-3467#et-tab-random-773963634 > .etab-header-wrap > ul.etab-title-tabs > li > a:hover:after,\r\n .everest-tab-main-wrapper.etab-template19.etab-sp-custom-3467#et-tab-random-773963634 > .etab-header-wrap > ul.etab-title-tabs > li.etab-active-show > a:after, \r\n .everest-tab-main-wrapper.etab-template19.etab-sp-custom-3467#et-tab-random-773963634.etab-vertical-top-right-position > .etab-header-wrap > ul.etab-title-tabs > li > a:hover:after, \r\n .everest-tab-main-wrapper.etab-template19.etab-sp-custom-3467#et-tab-random-773963634.etab-top-right-position > .etab-header-wrap > ul.etab-title-tabs > li > a:hover:after, \r\n .everest-tab-main-wrapper.etab-template19.etab-sp-custom-3467#et-tab-random-773963634.etab-bottom-right-position > .etab-header-wrap > ul.etab-title-tabs > li > a:hover:after, \r\n .everest-tab-main-wrapper.etab-template19.etab-sp-custom-3467#et-tab-random-773963634.etab-vertical-top-right-position > .etab-header-wrap > ul.etab-title-tabs > li.etab-active-show > a:after, \r\n .everest-tab-main-wrapper.etab-template19.etab-sp-custom-3467#et-tab-random-773963634.etab-top-right-position > .etab-header-wrap > ul.etab-title-tabs > li.etab-active-show > a:after, \r\n .everest-tab-main-wrapper.etab-template19.etab-sp-custom-3467#et-tab-random-773963634.etab-bottom-right-position > .etab-header-wrap > ul.etab-title-tabs > li.etab-active-show > a:after{\r\n    border-color: #cf2422;\r\n    background:#cf2422;\r\n}\r\n \r\n  <\/style>","protected":false},"excerpt":{"rendered":"<h2><span style=\"color: #bf0000;\">CRYST INJECT FOAM<\/span><\/h2>\n<p>CRYST INJECT FOAM\u00ae ist ein flexibles, wasserreaktives Polyurethan-Injektionsschaumsystem, das als schnell aufsch\u00e4umendes Harz entwickelt wurde, das als Wasserstopper gegen flie\u00dfendes Wasser verwendet wird. CRYST INJECT FOAM\u00ae wird typischerweise zur Reparatur von Rissen oder ausgefallenen Fugen in Betonkonstruktionen und beim Tunnelbau zum Abdichten von Rissen in Felsformationen verwendet. Komponente B dient als Katalysator und stellt die Reaktionszeit ein. Eine geringere Dosierung f\u00fchrt zu einer Verl\u00e4ngerung der Reaktionszeit. Bei Kontakt mit minimalen Wassermengen reagiert CRYST INJECT FOAM\u00ae sehr schnell zu Schaum mit geschlossenzelligen Poren und formstabilem, hartem, flexiblem PU-Schaum. Nach dem Aush\u00e4rten schrumpft das Material nicht durch Nass-\/Trockenzyklen.<\/p>","protected":false},"featured_media":6889,"comment_status":"open","ping_status":"closed","template":"","meta":[],"product_cat":[25],"product_tag":[],"class_list":["post-1815","product","type-product","status-publish","has-post-thumbnail","hentry","product_cat-injection"],"yoast_head":"<!-- This site is optimized with the Yoast SEO plugin v18.1 - https:\/\/yoast.com\/wordpress\/plugins\/seo\/ -->\n<title>CRYST INJECT FOAM - CRYSTARM | THE SMART WATERPROOFING SYSTEM<\/title>\n<meta name=\"description\" content=\"CRYST INJECT FOAM\u00ae is a flexible, water-reactive polyurethane injection foam system designed to be fast foaming resin, which is used as a water stopper permanently against flowing water. CRYST INJECT FOAM\u00ae is typically used to repair cracks or failed joints in concrete structures and tunneling to seal fractures in rock formations. Component B serves as a catalyst and adjusts the reaction time. A lower dosage leads to a prolongation of the reaction time. In contact with minimal amounts of water, CRYST INJECT FOAM\u00ae reacts very fast to foam with closed cellular pores and shape-retaining hard flexible PU foam. After curing the material does not shrink due to wet\/dry cycles.\" \/>\n<meta name=\"robots\" content=\"index, follow, max-snippet:-1, max-image-preview:large, max-video-preview:-1\" \/>\n<link rel=\"canonical\" href=\"https:\/\/crystarm.com\/de\/product\/cryst-inject-foam\/\" \/>\n<meta property=\"og:locale\" content=\"de_DE\" \/>\n<meta property=\"og:type\" content=\"article\" \/>\n<meta property=\"og:title\" content=\"CRYST INJECT FOAM - CRYSTARM | THE SMART WATERPROOFING SYSTEM\" \/>\n<meta property=\"og:description\" content=\"CRYST INJECT FOAM\u00ae is a flexible, water-reactive polyurethane injection foam system designed to be fast foaming resin, which is used as a water stopper permanently against flowing water. CRYST INJECT FOAM\u00ae is typically used to repair cracks or failed joints in concrete structures and tunneling to seal fractures in rock formations. Component B serves as a catalyst and adjusts the reaction time. A lower dosage leads to a prolongation of the reaction time. In contact with minimal amounts of water, CRYST INJECT FOAM\u00ae reacts very fast to foam with closed cellular pores and shape-retaining hard flexible PU foam. After curing the material does not shrink due to wet\/dry cycles.\" \/>\n<meta property=\"og:url\" content=\"https:\/\/crystarm.com\/de\/product\/cryst-inject-foam\/\" \/>\n<meta property=\"og:site_name\" content=\"CRYSTARM | THE SMART WATERPROOFING SYSTEM\" \/>\n<meta property=\"article:modified_time\" content=\"2022-10-27T18:55:05+00:00\" \/>\n<meta property=\"og:image\" content=\"https:\/\/crystarm.com\/wp-content\/uploads\/2022\/01\/FOAM-A-01.png\" \/>\n\t<meta property=\"og:image:width\" content=\"2250\" \/>\n\t<meta property=\"og:image:height\" content=\"2250\" \/>\n\t<meta property=\"og:image:type\" content=\"image\/png\" \/>\n<meta name=\"twitter:card\" content=\"summary_large_image\" \/>\n<script type=\"application\/ld+json\" class=\"yoast-schema-graph\">{\"@context\":\"https:\/\/schema.org\",\"@graph\":[{\"@type\":\"Organization\",\"@id\":\"https:\/\/crystarm.com\/#organization\",\"name\":\"CRYSTARM | THE SMART WATERPROOFING SYSTEM\",\"url\":\"https:\/\/crystarm.com\/\",\"sameAs\":[],\"logo\":{\"@type\":\"ImageObject\",\"@id\":\"https:\/\/crystarm.com\/#logo\",\"inLanguage\":\"de-DE\",\"url\":\"https:\/\/crystarm.com\/wp-content\/uploads\/2022\/01\/CRYSTARM-LOGO-B-e1645004762112.png\",\"contentUrl\":\"https:\/\/crystarm.com\/wp-content\/uploads\/2022\/01\/CRYSTARM-LOGO-B-e1645004762112.png\",\"width\":500,\"height\":155,\"caption\":\"CRYSTARM | THE SMART WATERPROOFING SYSTEM\"},\"image\":{\"@id\":\"https:\/\/crystarm.com\/#logo\"}},{\"@type\":\"WebSite\",\"@id\":\"https:\/\/crystarm.com\/#website\",\"url\":\"https:\/\/crystarm.com\/\",\"name\":\"CRYSTARM | THE SMART WATERPROOFING SYSTEM\",\"description\":\"Crystalline Technology for Waterproofing\",\"publisher\":{\"@id\":\"https:\/\/crystarm.com\/#organization\"},\"potentialAction\":[{\"@type\":\"SearchAction\",\"target\":{\"@type\":\"EntryPoint\",\"urlTemplate\":\"https:\/\/crystarm.com\/?s={search_term_string}\"},\"query-input\":\"required name=search_term_string\"}],\"inLanguage\":\"de-DE\"},{\"@type\":\"ImageObject\",\"@id\":\"https:\/\/crystarm.com\/product\/cryst-inject-foam\/#primaryimage\",\"inLanguage\":\"de-DE\",\"url\":\"https:\/\/crystarm.com\/wp-content\/uploads\/2022\/01\/FOAM-A-01.png\",\"contentUrl\":\"https:\/\/crystarm.com\/wp-content\/uploads\/2022\/01\/FOAM-A-01.png\",\"width\":2250,\"height\":2250},{\"@type\":\"WebPage\",\"@id\":\"https:\/\/crystarm.com\/product\/cryst-inject-foam\/#webpage\",\"url\":\"https:\/\/crystarm.com\/product\/cryst-inject-foam\/\",\"name\":\"CRYST INJECT FOAM - CRYSTARM | THE SMART WATERPROOFING SYSTEM\",\"isPartOf\":{\"@id\":\"https:\/\/crystarm.com\/#website\"},\"primaryImageOfPage\":{\"@id\":\"https:\/\/crystarm.com\/product\/cryst-inject-foam\/#primaryimage\"},\"datePublished\":\"2021-11-26T10:38:22+00:00\",\"dateModified\":\"2022-10-27T18:55:05+00:00\",\"description\":\"CRYST INJECT FOAM\u00ae is a flexible, water-reactive polyurethane injection foam system designed to be fast foaming resin, which is used as a water stopper permanently against flowing water. CRYST INJECT FOAM\u00ae is typically used to repair cracks or failed joints in concrete structures and tunneling to seal fractures in rock formations. Component B serves as a catalyst and adjusts the reaction time. A lower dosage leads to a prolongation of the reaction time. In contact with minimal amounts of water, CRYST INJECT FOAM\u00ae reacts very fast to foam with closed cellular pores and shape-retaining hard flexible PU foam. After curing the material does not shrink due to wet\/dry cycles.\",\"breadcrumb\":{\"@id\":\"https:\/\/crystarm.com\/product\/cryst-inject-foam\/#breadcrumb\"},\"inLanguage\":\"de-DE\",\"potentialAction\":[{\"@type\":\"ReadAction\",\"target\":[\"https:\/\/crystarm.com\/product\/cryst-inject-foam\/\"]}]},{\"@type\":\"BreadcrumbList\",\"@id\":\"https:\/\/crystarm.com\/product\/cryst-inject-foam\/#breadcrumb\",\"itemListElement\":[{\"@type\":\"ListItem\",\"position\":1,\"name\":\"Product\",\"item\":\"https:\/\/crystarm.com\/?page_id=6154\"},{\"@type\":\"ListItem\",\"position\":2,\"name\":\"CRYST INJECT FOAM\"}]}]}<\/script>\n<!-- \/ Yoast SEO plugin. -->","yoast_head_json":{"title":"CRYST INJECT FOAM - CRYSTARM | THE SMART WATERPROOFING SYSTEM","description":"CRYST INJECT FOAM\u00ae is a flexible, water-reactive polyurethane injection foam system designed to be fast foaming resin, which is used as a water stopper permanently against flowing water. CRYST INJECT FOAM\u00ae is typically used to repair cracks or failed joints in concrete structures and tunneling to seal fractures in rock formations. Component B serves as a catalyst and adjusts the reaction time. A lower dosage leads to a prolongation of the reaction time. In contact with minimal amounts of water, CRYST INJECT FOAM\u00ae reacts very fast to foam with closed cellular pores and shape-retaining hard flexible PU foam. After curing the material does not shrink due to wet\/dry cycles.","robots":{"index":"index","follow":"follow","max-snippet":"max-snippet:-1","max-image-preview":"max-image-preview:large","max-video-preview":"max-video-preview:-1"},"canonical":"https:\/\/crystarm.com\/de\/product\/cryst-inject-foam\/","og_locale":"de_DE","og_type":"article","og_title":"CRYST INJECT FOAM - CRYSTARM | THE SMART WATERPROOFING SYSTEM","og_description":"CRYST INJECT FOAM\u00ae is a flexible, water-reactive polyurethane injection foam system designed to be fast foaming resin, which is used as a water stopper permanently against flowing water. CRYST INJECT FOAM\u00ae is typically used to repair cracks or failed joints in concrete structures and tunneling to seal fractures in rock formations. Component B serves as a catalyst and adjusts the reaction time. A lower dosage leads to a prolongation of the reaction time. In contact with minimal amounts of water, CRYST INJECT FOAM\u00ae reacts very fast to foam with closed cellular pores and shape-retaining hard flexible PU foam. After curing the material does not shrink due to wet\/dry cycles.","og_url":"https:\/\/crystarm.com\/de\/product\/cryst-inject-foam\/","og_site_name":"CRYSTARM | THE SMART WATERPROOFING SYSTEM","article_modified_time":"2022-10-27T18:55:05+00:00","og_image":[{"width":2250,"height":2250,"url":"https:\/\/crystarm.com\/wp-content\/uploads\/2022\/01\/FOAM-A-01.png","type":"image\/png"}],"twitter_card":"summary_large_image","schema":{"@context":"https:\/\/schema.org","@graph":[{"@type":"Organization","@id":"https:\/\/crystarm.com\/#organization","name":"CRYSTARM | THE SMART WATERPROOFING SYSTEM","url":"https:\/\/crystarm.com\/","sameAs":[],"logo":{"@type":"ImageObject","@id":"https:\/\/crystarm.com\/#logo","inLanguage":"de-DE","url":"https:\/\/crystarm.com\/wp-content\/uploads\/2022\/01\/CRYSTARM-LOGO-B-e1645004762112.png","contentUrl":"https:\/\/crystarm.com\/wp-content\/uploads\/2022\/01\/CRYSTARM-LOGO-B-e1645004762112.png","width":500,"height":155,"caption":"CRYSTARM | THE SMART WATERPROOFING SYSTEM"},"image":{"@id":"https:\/\/crystarm.com\/#logo"}},{"@type":"WebSite","@id":"https:\/\/crystarm.com\/#website","url":"https:\/\/crystarm.com\/","name":"CRYSTARM | THE SMART WATERPROOFING SYSTEM","description":"Crystalline Technology for Waterproofing","publisher":{"@id":"https:\/\/crystarm.com\/#organization"},"potentialAction":[{"@type":"SearchAction","target":{"@type":"EntryPoint","urlTemplate":"https:\/\/crystarm.com\/?s={search_term_string}"},"query-input":"required name=search_term_string"}],"inLanguage":"de-DE"},{"@type":"ImageObject","@id":"https:\/\/crystarm.com\/product\/cryst-inject-foam\/#primaryimage","inLanguage":"de-DE","url":"https:\/\/crystarm.com\/wp-content\/uploads\/2022\/01\/FOAM-A-01.png","contentUrl":"https:\/\/crystarm.com\/wp-content\/uploads\/2022\/01\/FOAM-A-01.png","width":2250,"height":2250},{"@type":"WebPage","@id":"https:\/\/crystarm.com\/product\/cryst-inject-foam\/#webpage","url":"https:\/\/crystarm.com\/product\/cryst-inject-foam\/","name":"CRYST INJECT FOAM - CRYSTARM | THE SMART WATERPROOFING SYSTEM","isPartOf":{"@id":"https:\/\/crystarm.com\/#website"},"primaryImageOfPage":{"@id":"https:\/\/crystarm.com\/product\/cryst-inject-foam\/#primaryimage"},"datePublished":"2021-11-26T10:38:22+00:00","dateModified":"2022-10-27T18:55:05+00:00","description":"CRYST INJECT FOAM\u00ae is a flexible, water-reactive polyurethane injection foam system designed to be fast foaming resin, which is used as a water stopper permanently against flowing water. CRYST INJECT FOAM\u00ae is typically used to repair cracks or failed joints in concrete structures and tunneling to seal fractures in rock formations. Component B serves as a catalyst and adjusts the reaction time. A lower dosage leads to a prolongation of the reaction time. In contact with minimal amounts of water, CRYST INJECT FOAM\u00ae reacts very fast to foam with closed cellular pores and shape-retaining hard flexible PU foam. After curing the material does not shrink due to wet\/dry cycles.","breadcrumb":{"@id":"https:\/\/crystarm.com\/product\/cryst-inject-foam\/#breadcrumb"},"inLanguage":"de-DE","potentialAction":[{"@type":"ReadAction","target":["https:\/\/crystarm.com\/product\/cryst-inject-foam\/"]}]},{"@type":"BreadcrumbList","@id":"https:\/\/crystarm.com\/product\/cryst-inject-foam\/#breadcrumb","itemListElement":[{"@type":"ListItem","position":1,"name":"Product","item":"https:\/\/crystarm.com\/?page_id=6154"},{"@type":"ListItem","position":2,"name":"CRYST INJECT FOAM"}]}]}},"_links":{"self":[{"href":"https:\/\/crystarm.com\/de\/wp-json\/wp\/v2\/product\/1815","targetHints":{"allow":["GET"]}}],"collection":[{"href":"https:\/\/crystarm.com\/de\/wp-json\/wp\/v2\/product"}],"about":[{"href":"https:\/\/crystarm.com\/de\/wp-json\/wp\/v2\/types\/product"}],"replies":[{"embeddable":true,"href":"https:\/\/crystarm.com\/de\/wp-json\/wp\/v2\/comments?post=1815"}],"wp:featuredmedia":[{"embeddable":true,"href":"https:\/\/crystarm.com\/de\/wp-json\/wp\/v2\/media\/6889"}],"wp:attachment":[{"href":"https:\/\/crystarm.com\/de\/wp-json\/wp\/v2\/media?parent=1815"}],"wp:term":[{"taxonomy":"product_cat","embeddable":true,"href":"https:\/\/crystarm.com\/de\/wp-json\/wp\/v2\/product_cat?post=1815"},{"taxonomy":"product_tag","embeddable":true,"href":"https:\/\/crystarm.com\/de\/wp-json\/wp\/v2\/product_tag?post=1815"}],"curies":[{"name":"wp","href":"https:\/\/api.w.org\/{rel}","templated":true}]}}