{"id":2060,"date":"2021-12-04T23:18:03","date_gmt":"2021-12-04T23:18:03","guid":{"rendered":"https:\/\/crystarm.com\/?post_type=product&#038;p=2060"},"modified":"2022-10-27T16:19:44","modified_gmt":"2022-10-27T16:19:44","slug":"cryst-plug","status":"publish","type":"product","link":"https:\/\/crystarm.com\/de\/product\/cryst-plug\/","title":{"rendered":"CRYST PLUG\u00ae"},"content":{"rendered":"<div class=\"everest-tab-main-wrapper etab-sc-main-wrapper etab-clearfix etab-colmn6 etab-group-wrap etab-sp-custom-3458 etab-template19  etabpro-accordion-disable etab_format_show_both etab-trigger-on_click etab-horizontal etab-top-left-position etab-icon-left-position\" data-tab_trigger_type=\"on_click\" id=\"et-tab-random-867896712\"  data-accordion=\"\" >\r\n \r\n   <div class=\"etab-header-wrap\">\r\n\t  <ul class=\"etab-title-tabs et-tab867896712 etab-clearfix\" data-id=\"etab-867896712\" data-deeplinking=\"\" data-accordion=\"\">\r\n\t  \t   \t  <li class=\"etab-label etab-prelink etab-active-show\" id=\"etab-NgYk7dHGzL-867896712\" >\r\n\t   \t                <a class=\"etab-link-tag\" data-linking=\"tabtype\" href=\"javascript:void(0);\" data-tabtype=\"component_type\">\r\n\t   \t  \t   \t \r\n\t   \t  \t\t       \t   \t  \t    <span class=\"etab-icon-wrapper etab-available-icons\">\r\n\t   \t  \t      <i class=\"dashicons dashicons-screenoptions\"><\/i>\r\n\t   \t  \t    <\/span>\r\n\t   \t  \t    \r\n\t   \t  \r\n\t   \t  \t   \t   <div class=\"etab-title-wrapper\">\r\n\t              <span class=\"etab-title\">ANWENDUNGSBEREICH<\/span>\r\n\t              \t       <\/div>\r\n\t       \t       \t   \t   <\/a>\r\n\r\n\t\t\t\t       <\/li>\r\n\t   \t   \t  <li class=\"etab-label etab-prelink\" id=\"etab-RV3ThJxSro-867896712\" >\r\n\t   \t                <a class=\"etab-link-tag\" data-linking=\"tabtype\" href=\"javascript:void(0);\" data-tabtype=\"component_type\">\r\n\t   \t  \t   \t \r\n\t   \t  \t\t       \t   \t  \t    <span class=\"etab-icon-wrapper etab-available-icons\">\r\n\t   \t  \t      <i class=\"dashicons dashicons-image-rotate-right\"><\/i>\r\n\t   \t  \t    <\/span>\r\n\t   \t  \t    \r\n\t   \t  \r\n\t   \t  \t   \t   <div class=\"etab-title-wrapper\">\r\n\t              <span class=\"etab-title\">VORTEILE<\/span>\r\n\t              \t       <\/div>\r\n\t       \t       \t   \t   <\/a>\r\n\r\n\t\t\t\t       <\/li>\r\n\t   \t   \t  <li class=\"etab-label etab-prelink\" id=\"etab-AfY88j1zmK-867896712\" >\r\n\t   \t                <a class=\"etab-link-tag\" data-linking=\"tabtype\" href=\"javascript:void(0);\" data-tabtype=\"component_type\">\r\n\t   \t  \t   \t \r\n\t   \t  \t\t       \t   \t  \t    <span class=\"etab-icon-wrapper etab-available-icons\">\r\n\t   \t  \t      <i class=\"dashicons dashicons-format-image\"><\/i>\r\n\t   \t  \t    <\/span>\r\n\t   \t  \t    \r\n\t   \t  \r\n\t   \t  \t   \t   <div class=\"etab-title-wrapper\">\r\n\t              <span class=\"etab-title\">VERPACKUNG <\/span>\r\n\t              \t       <\/div>\r\n\t       \t       \t   \t   <\/a>\r\n\r\n\t\t\t\t       <\/li>\r\n\t   \t   \t  <li class=\"etab-label etab-prelink\" id=\"etab-ESMykfJf46-867896712\" >\r\n\t   \t                <a class=\"etab-link-tag\" data-linking=\"tabtype\" href=\"javascript:void(0);\" data-tabtype=\"component_type\">\r\n\t   \t  \t   \t \r\n\t   \t  \t\t       \t   \t  \t    <span class=\"etab-icon-wrapper etab-available-icons\">\r\n\t   \t  \t      <i class=\"dashicons dashicons-book-alt\"><\/i>\r\n\t   \t  \t    <\/span>\r\n\t   \t  \t    \r\n\t   \t  \r\n\t   \t  \t   \t   <div class=\"etab-title-wrapper\">\r\n\t              <span class=\"etab-title\">DATENBLATT<\/span>\r\n\t              \t       <\/div>\r\n\t       \t       \t   \t   <\/a>\r\n\r\n\t\t\t\t       <\/li>\r\n\t   \t  <\/ul>\r\n  <\/div>\r\n  <div class=\"etab-content-wrap\" >\r\n         <div class=\"etab-content-section etab-867896712 etab-active-content animated etab-NgYk7dHGzL-867896712\" data-animation=\"fadeIn\" data-active=\"1\">\r\n        <div class=\"etab-editor-content clearfix\">\r\n<ul>\n<li>Wird verwendet, um aktive Wasserlecks oder das Eindringen von Wasser unter Druck durch L\u00f6cher, Verbindungen, Zugstangen, Risse in Beton- oder Mauerwerksw\u00e4nden, Schwimmb\u00e4dern, Wasserspeicheranlagen, Tunneln, Brunnen, Zisternen, Wasserkan\u00e4len, Teichen, Rohren, Kellern, Fundamenten und St\u00fctzen zu stoppen W\u00e4nde und eventuelle M\u00e4ngel im Beton.<\/li>\n<li>Reparieren Sie die Lecks in den Felstaschen.<\/li>\n<li>Bietet eine undurchl\u00e4ssige, nicht schrumpfende Abdichtung, um Leckagen an Rohren, Leitungen, Sanit\u00e4ranlagen und der Verankerung von Schrauben zu verhindern.<\/li>\n<\/ul>\n<\/div> \r\n  \t<\/div>\r\n  \t     <div class=\"etab-content-section etab-867896712  animated etab-RV3ThJxSro-867896712\" data-animation=\"fadeIn\" data-active=\"0\">\r\n        <div class=\"etab-editor-content clearfix\">\r\n<ul>\n<li>Sehr schnelles Abbinden nach Kontakt mit Wasser in ca. 30 Sekunden.<\/li>\n<li>Umweltfreundlich.<\/li>\n<li>Hydrostatischem Druck von positiver oder negativer Betonoberfl\u00e4che standhalten.<\/li>\n<li>Setzt sich unter Wasser auf und h\u00e4rtet aus.<\/li>\n<li>F\u00e4higkeit, Haarrisse bis zu einer Breite von 0,5 mm abzudichten.<\/li>\n<li>L\u00e4sst Beton atmen.<\/li>\n<li>Ungiftig \u2013 ideal f\u00fcr Trinkwasser<\/li>\n<li>NEIN VOCs.<\/li>\n<li>Bietet eine dauerhafte wasserdichte Abdichtung.<\/li>\n<li>Eine einzelne Komponente, die einfach zu verwenden ist und vor der Anwendung nur mit Wasser gemischt werden muss.<\/li>\n<\/ul>\n<\/div> \r\n  \t<\/div>\r\n  \t     <div class=\"etab-content-section etab-867896712  animated etab-AfY88j1zmK-867896712\" data-animation=\"fadeIn\" data-active=\"0\">\r\n        <div class=\"etab-editor-content clearfix\">\r\n<p>CRYST PLUG\u00ae ist in 15kg S\u00e4cken oder Eimern erh\u00e4ltlich<\/p>\n<\/div> \r\n  \t<\/div>\r\n  \t     <div class=\"etab-content-section etab-867896712  animated etab-ESMykfJf46-867896712\" data-animation=\"fadeIn\" data-active=\"0\">\r\n        <div class=\"etab-editor-content clearfix\">\r\n<p><a href=\"https:\/\/crystarm.com\/wp-content\/uploads\/2022\/01\/CRYST-WASSERSTOPP-MORTEL-CRYST-PLUG-de.pdf\" target=\"_blank\" rel=\"noopener\">DATENBLATT ANZEIGEN <\/a><\/p>\n<\/div> \r\n  \t<\/div>\r\n  \t   <\/div>\r\n   <\/div>\r\n<style>\r\n.everest-tab-main-wrapper.etab-sp-custom-3458#et-tab-random-867896712 > .etab-header-wrap > ul.etab-title-tabs > li > a{\r\n  background-color: #343234;\r\n}\r\n.etab-sp-custom-3458.everest-tab-main-wrapper#et-tab-random-867896712 > .etab-header-wrap\r\n > ul.etab-title-tabs > li.etab-active-show > a{\r\n   background-color: #cf2422;\r\n }\r\n .etab-sp-custom-3458#et-tab-random-867896712.everest-tab-main-wrapper > .etab-header-wrap > ul.etab-title-tabs > li > a:hover{\r\n   background-color: #cf2422;\r\n  }\r\n  \r\n.everest-tab-main-wrapper.etab-sp-custom-3458#et-tab-random-867896712 > .etab-header-wrap > ul.etab-title-tabs > li > a,\r\n.everest-tab-main-wrapper.etab-sp-custom-3458#et-tab-random-867896712 > .etab-header-wrap > ul.etab-title-tabs > li .etab-icon-wrapper i{\r\n  color: #ffffff;\r\n }\r\n.everest-tab-main-wrapper.etab-sp-custom-3458#et-tab-random-867896712 > .etab-header-wrap > ul.etab-title-tabs > li:hover .etab-title,\r\n.everest-tab-main-wrapper.etab-sp-custom-3458#et-tab-random-867896712 > .etab-header-wrap > ul.etab-title-tabs > li:hover .etab-icon-wrapper i,\r\n.everest-tab-main-wrapper.etab-sp-custom-3458#et-tab-random-867896712 > .etab-header-wrap > ul.etab-title-tabs > li:hover  > a .etab-title-wrapper .etab-desc{\r\n    color: #ffffff;\r\n}\r\n.everest-tab-main-wrapper.etab-sp-custom-3458#et-tab-random-867896712 > .etab-header-wrap > ul.etab-title-tabs > li > a .etab-title-wrapper .etab-desc {\r\n    color: #ffffff;\r\n}\r\n.everest-tab-main-wrapper.etab-sp-custom-3458#et-tab-random-867896712 > .etab-content-wrap {\r\n    background-color: #ffffff;\r\n}\r\n\r\n\r\n \/*Template 1*\/\r\n \/*Template 2*\/\r\n \r\n\/* Template 4*\/\r\n\/* Template 6*\/\r\n \r\n\/* Template 7*\/\r\n \/* Template 9*\/\r\n \/* Template 17*\/\r\n \r\n\/* Template 18*\/\r\n  .everest-tab-main-wrapper.etab-template19.etab-sp-custom-3458#et-tab-random-867896712 > .etab-header-wrap > ul.etab-title-tabs > li > a:after{\r\n    border-right: 1px solid #343234;\r\n    border-top: 1px solid #343234;\r\n    background: #343234;\r\n}\r\n.everest-tab-main-wrapper.etab-template19.etab-sp-custom-3458#et-tab-random-867896712 > .etab-header-wrap > ul.etab-title-tabs > li > a:hover:after,\r\n .everest-tab-main-wrapper.etab-template19.etab-sp-custom-3458#et-tab-random-867896712 > .etab-header-wrap > ul.etab-title-tabs > li.etab-active-show > a:after, \r\n .everest-tab-main-wrapper.etab-template19.etab-sp-custom-3458#et-tab-random-867896712.etab-vertical-top-right-position > .etab-header-wrap > ul.etab-title-tabs > li > a:hover:after, \r\n .everest-tab-main-wrapper.etab-template19.etab-sp-custom-3458#et-tab-random-867896712.etab-top-right-position > .etab-header-wrap > ul.etab-title-tabs > li > a:hover:after, \r\n .everest-tab-main-wrapper.etab-template19.etab-sp-custom-3458#et-tab-random-867896712.etab-bottom-right-position > .etab-header-wrap > ul.etab-title-tabs > li > a:hover:after, \r\n .everest-tab-main-wrapper.etab-template19.etab-sp-custom-3458#et-tab-random-867896712.etab-vertical-top-right-position > .etab-header-wrap > ul.etab-title-tabs > li.etab-active-show > a:after, \r\n .everest-tab-main-wrapper.etab-template19.etab-sp-custom-3458#et-tab-random-867896712.etab-top-right-position > .etab-header-wrap > ul.etab-title-tabs > li.etab-active-show > a:after, \r\n .everest-tab-main-wrapper.etab-template19.etab-sp-custom-3458#et-tab-random-867896712.etab-bottom-right-position > .etab-header-wrap > ul.etab-title-tabs > li.etab-active-show > a:after{\r\n    border-color: #cf2422;\r\n    background:#cf2422;\r\n}\r\n \r\n  <\/style>","protected":false},"excerpt":{"rendered":"<h2><span style=\"color: #bf0000;\">CRYST PLUG<\/span><\/h2>\n<p>CRYST PLUG\u00ae ist ein schnell abbindender Zementm\u00f6rtel mit kristalliner Technologie und speziellen Zusatzstoffen, der aktive Wasserlecks in Sekundenschnelle stoppt. CRYST PLUG\u00ae kann im Innen- und Au\u00dfenbereich als Leckstopfen oder schnell abbindender Reparaturm\u00f6rtel mit hoher Anfangsdruckfestigkeit verwendet werden, um das Eindringen von Wasser in Geb\u00e4ude oder Betonkonstruktionen wie Tunnel, Tanks, Sch\u00e4chte, Mannl\u00f6cher und \u00c4hnliches zu verhindern.<\/p>","protected":false},"featured_media":6322,"comment_status":"open","ping_status":"closed","template":"","meta":[],"product_cat":[23],"product_tag":[],"class_list":["post-2060","product","type-product","status-publish","has-post-thumbnail","hentry","product_cat-repair"],"yoast_head":"<!-- This site is optimized with the Yoast SEO plugin v18.1 - https:\/\/yoast.com\/wordpress\/plugins\/seo\/ -->\n<title>CRYST PLUG\u00ae - CRYSTARM | THE SMART WATERPROOFING SYSTEM<\/title>\n<meta name=\"description\" content=\"CRYST PLUG\u00ae is a fast-setting cementitious mortar containing crystalline technology and special additives, which is designed to stop active water leaks in seconds. CRYST PLUG\u00ae can be used internally or externally as plugging leaks or rapid setting repair mortar with a high early compressive strength to prevent water ingress into buildings or concrete structures such as tunnels, tanks, shafts, manholes, and similar.\" \/>\n<meta name=\"robots\" content=\"index, follow, max-snippet:-1, max-image-preview:large, max-video-preview:-1\" \/>\n<link rel=\"canonical\" href=\"https:\/\/crystarm.com\/de\/product\/cryst-plug\/\" \/>\n<meta property=\"og:locale\" content=\"de_DE\" \/>\n<meta property=\"og:type\" content=\"article\" \/>\n<meta property=\"og:title\" content=\"CRYST PLUG\u00ae - CRYSTARM | THE SMART WATERPROOFING SYSTEM\" \/>\n<meta property=\"og:description\" content=\"CRYST PLUG\u00ae is a fast-setting cementitious mortar containing crystalline technology and special additives, which is designed to stop active water leaks in seconds. CRYST PLUG\u00ae can be used internally or externally as plugging leaks or rapid setting repair mortar with a high early compressive strength to prevent water ingress into buildings or concrete structures such as tunnels, tanks, shafts, manholes, and similar.\" \/>\n<meta property=\"og:url\" content=\"https:\/\/crystarm.com\/de\/product\/cryst-plug\/\" \/>\n<meta property=\"og:site_name\" content=\"CRYSTARM | THE SMART WATERPROOFING SYSTEM\" \/>\n<meta property=\"article:modified_time\" content=\"2022-10-27T16:19:44+00:00\" \/>\n<meta property=\"og:image\" content=\"https:\/\/crystarm.com\/wp-content\/uploads\/2022\/01\/CRYST-1-Plug-PAIL-03.png\" \/>\n\t<meta property=\"og:image:width\" content=\"2250\" \/>\n\t<meta property=\"og:image:height\" content=\"2250\" \/>\n\t<meta property=\"og:image:type\" content=\"image\/png\" \/>\n<meta name=\"twitter:card\" content=\"summary_large_image\" \/>\n<script type=\"application\/ld+json\" class=\"yoast-schema-graph\">{\"@context\":\"https:\/\/schema.org\",\"@graph\":[{\"@type\":\"Organization\",\"@id\":\"https:\/\/crystarm.com\/#organization\",\"name\":\"CRYSTARM | THE SMART WATERPROOFING SYSTEM\",\"url\":\"https:\/\/crystarm.com\/\",\"sameAs\":[],\"logo\":{\"@type\":\"ImageObject\",\"@id\":\"https:\/\/crystarm.com\/#logo\",\"inLanguage\":\"de-DE\",\"url\":\"https:\/\/crystarm.com\/wp-content\/uploads\/2022\/01\/CRYSTARM-LOGO-B-e1645004762112.png\",\"contentUrl\":\"https:\/\/crystarm.com\/wp-content\/uploads\/2022\/01\/CRYSTARM-LOGO-B-e1645004762112.png\",\"width\":500,\"height\":155,\"caption\":\"CRYSTARM | THE SMART WATERPROOFING SYSTEM\"},\"image\":{\"@id\":\"https:\/\/crystarm.com\/#logo\"}},{\"@type\":\"WebSite\",\"@id\":\"https:\/\/crystarm.com\/#website\",\"url\":\"https:\/\/crystarm.com\/\",\"name\":\"CRYSTARM | THE SMART WATERPROOFING SYSTEM\",\"description\":\"Crystalline Technology for Waterproofing\",\"publisher\":{\"@id\":\"https:\/\/crystarm.com\/#organization\"},\"potentialAction\":[{\"@type\":\"SearchAction\",\"target\":{\"@type\":\"EntryPoint\",\"urlTemplate\":\"https:\/\/crystarm.com\/?s={search_term_string}\"},\"query-input\":\"required name=search_term_string\"}],\"inLanguage\":\"de-DE\"},{\"@type\":\"ImageObject\",\"@id\":\"https:\/\/crystarm.com\/product\/cryst-plug\/#primaryimage\",\"inLanguage\":\"de-DE\",\"url\":\"https:\/\/crystarm.com\/wp-content\/uploads\/2022\/01\/CRYST-1-Plug-PAIL-03.png\",\"contentUrl\":\"https:\/\/crystarm.com\/wp-content\/uploads\/2022\/01\/CRYST-1-Plug-PAIL-03.png\",\"width\":2250,\"height\":2250},{\"@type\":\"WebPage\",\"@id\":\"https:\/\/crystarm.com\/product\/cryst-plug\/#webpage\",\"url\":\"https:\/\/crystarm.com\/product\/cryst-plug\/\",\"name\":\"CRYST PLUG\u00ae - CRYSTARM | THE SMART WATERPROOFING SYSTEM\",\"isPartOf\":{\"@id\":\"https:\/\/crystarm.com\/#website\"},\"primaryImageOfPage\":{\"@id\":\"https:\/\/crystarm.com\/product\/cryst-plug\/#primaryimage\"},\"datePublished\":\"2021-12-04T23:18:03+00:00\",\"dateModified\":\"2022-10-27T16:19:44+00:00\",\"description\":\"CRYST PLUG\u00ae is a fast-setting cementitious mortar containing crystalline technology and special additives, which is designed to stop active water leaks in seconds. CRYST PLUG\u00ae can be used internally or externally as plugging leaks or rapid setting repair mortar with a high early compressive strength to prevent water ingress into buildings or concrete structures such as tunnels, tanks, shafts, manholes, and similar.\",\"breadcrumb\":{\"@id\":\"https:\/\/crystarm.com\/product\/cryst-plug\/#breadcrumb\"},\"inLanguage\":\"de-DE\",\"potentialAction\":[{\"@type\":\"ReadAction\",\"target\":[\"https:\/\/crystarm.com\/product\/cryst-plug\/\"]}]},{\"@type\":\"BreadcrumbList\",\"@id\":\"https:\/\/crystarm.com\/product\/cryst-plug\/#breadcrumb\",\"itemListElement\":[{\"@type\":\"ListItem\",\"position\":1,\"name\":\"Product\",\"item\":\"https:\/\/crystarm.com\/?page_id=6154\"},{\"@type\":\"ListItem\",\"position\":2,\"name\":\"CRYST PLUG\u00ae\"}]}]}<\/script>\n<!-- \/ Yoast SEO plugin. -->","yoast_head_json":{"title":"CRYST PLUG\u00ae - CRYSTARM | THE SMART WATERPROOFING SYSTEM","description":"CRYST PLUG\u00ae is a fast-setting cementitious mortar containing crystalline technology and special additives, which is designed to stop active water leaks in seconds. CRYST PLUG\u00ae can be used internally or externally as plugging leaks or rapid setting repair mortar with a high early compressive strength to prevent water ingress into buildings or concrete structures such as tunnels, tanks, shafts, manholes, and similar.","robots":{"index":"index","follow":"follow","max-snippet":"max-snippet:-1","max-image-preview":"max-image-preview:large","max-video-preview":"max-video-preview:-1"},"canonical":"https:\/\/crystarm.com\/de\/product\/cryst-plug\/","og_locale":"de_DE","og_type":"article","og_title":"CRYST PLUG\u00ae - CRYSTARM | THE SMART WATERPROOFING SYSTEM","og_description":"CRYST PLUG\u00ae is a fast-setting cementitious mortar containing crystalline technology and special additives, which is designed to stop active water leaks in seconds. CRYST PLUG\u00ae can be used internally or externally as plugging leaks or rapid setting repair mortar with a high early compressive strength to prevent water ingress into buildings or concrete structures such as tunnels, tanks, shafts, manholes, and similar.","og_url":"https:\/\/crystarm.com\/de\/product\/cryst-plug\/","og_site_name":"CRYSTARM | THE SMART WATERPROOFING SYSTEM","article_modified_time":"2022-10-27T16:19:44+00:00","og_image":[{"width":2250,"height":2250,"url":"https:\/\/crystarm.com\/wp-content\/uploads\/2022\/01\/CRYST-1-Plug-PAIL-03.png","type":"image\/png"}],"twitter_card":"summary_large_image","schema":{"@context":"https:\/\/schema.org","@graph":[{"@type":"Organization","@id":"https:\/\/crystarm.com\/#organization","name":"CRYSTARM | THE SMART WATERPROOFING SYSTEM","url":"https:\/\/crystarm.com\/","sameAs":[],"logo":{"@type":"ImageObject","@id":"https:\/\/crystarm.com\/#logo","inLanguage":"de-DE","url":"https:\/\/crystarm.com\/wp-content\/uploads\/2022\/01\/CRYSTARM-LOGO-B-e1645004762112.png","contentUrl":"https:\/\/crystarm.com\/wp-content\/uploads\/2022\/01\/CRYSTARM-LOGO-B-e1645004762112.png","width":500,"height":155,"caption":"CRYSTARM | THE SMART WATERPROOFING SYSTEM"},"image":{"@id":"https:\/\/crystarm.com\/#logo"}},{"@type":"WebSite","@id":"https:\/\/crystarm.com\/#website","url":"https:\/\/crystarm.com\/","name":"CRYSTARM | THE SMART WATERPROOFING SYSTEM","description":"Crystalline Technology for Waterproofing","publisher":{"@id":"https:\/\/crystarm.com\/#organization"},"potentialAction":[{"@type":"SearchAction","target":{"@type":"EntryPoint","urlTemplate":"https:\/\/crystarm.com\/?s={search_term_string}"},"query-input":"required name=search_term_string"}],"inLanguage":"de-DE"},{"@type":"ImageObject","@id":"https:\/\/crystarm.com\/product\/cryst-plug\/#primaryimage","inLanguage":"de-DE","url":"https:\/\/crystarm.com\/wp-content\/uploads\/2022\/01\/CRYST-1-Plug-PAIL-03.png","contentUrl":"https:\/\/crystarm.com\/wp-content\/uploads\/2022\/01\/CRYST-1-Plug-PAIL-03.png","width":2250,"height":2250},{"@type":"WebPage","@id":"https:\/\/crystarm.com\/product\/cryst-plug\/#webpage","url":"https:\/\/crystarm.com\/product\/cryst-plug\/","name":"CRYST PLUG\u00ae - CRYSTARM | THE SMART WATERPROOFING SYSTEM","isPartOf":{"@id":"https:\/\/crystarm.com\/#website"},"primaryImageOfPage":{"@id":"https:\/\/crystarm.com\/product\/cryst-plug\/#primaryimage"},"datePublished":"2021-12-04T23:18:03+00:00","dateModified":"2022-10-27T16:19:44+00:00","description":"CRYST PLUG\u00ae is a fast-setting cementitious mortar containing crystalline technology and special additives, which is designed to stop active water leaks in seconds. CRYST PLUG\u00ae can be used internally or externally as plugging leaks or rapid setting repair mortar with a high early compressive strength to prevent water ingress into buildings or concrete structures such as tunnels, tanks, shafts, manholes, and similar.","breadcrumb":{"@id":"https:\/\/crystarm.com\/product\/cryst-plug\/#breadcrumb"},"inLanguage":"de-DE","potentialAction":[{"@type":"ReadAction","target":["https:\/\/crystarm.com\/product\/cryst-plug\/"]}]},{"@type":"BreadcrumbList","@id":"https:\/\/crystarm.com\/product\/cryst-plug\/#breadcrumb","itemListElement":[{"@type":"ListItem","position":1,"name":"Product","item":"https:\/\/crystarm.com\/?page_id=6154"},{"@type":"ListItem","position":2,"name":"CRYST PLUG\u00ae"}]}]}},"_links":{"self":[{"href":"https:\/\/crystarm.com\/de\/wp-json\/wp\/v2\/product\/2060","targetHints":{"allow":["GET"]}}],"collection":[{"href":"https:\/\/crystarm.com\/de\/wp-json\/wp\/v2\/product"}],"about":[{"href":"https:\/\/crystarm.com\/de\/wp-json\/wp\/v2\/types\/product"}],"replies":[{"embeddable":true,"href":"https:\/\/crystarm.com\/de\/wp-json\/wp\/v2\/comments?post=2060"}],"wp:featuredmedia":[{"embeddable":true,"href":"https:\/\/crystarm.com\/de\/wp-json\/wp\/v2\/media\/6322"}],"wp:attachment":[{"href":"https:\/\/crystarm.com\/de\/wp-json\/wp\/v2\/media?parent=2060"}],"wp:term":[{"taxonomy":"product_cat","embeddable":true,"href":"https:\/\/crystarm.com\/de\/wp-json\/wp\/v2\/product_cat?post=2060"},{"taxonomy":"product_tag","embeddable":true,"href":"https:\/\/crystarm.com\/de\/wp-json\/wp\/v2\/product_tag?post=2060"}],"curies":[{"name":"wp","href":"https:\/\/api.w.org\/{rel}","templated":true}]}}