{"id":2061,"date":"2021-12-04T23:18:44","date_gmt":"2021-12-04T23:18:44","guid":{"rendered":"https:\/\/crystarm.com\/?post_type=product&#038;p=2061"},"modified":"2022-10-27T17:00:17","modified_gmt":"2022-10-27T17:00:17","slug":"cryst-self-leveling","status":"publish","type":"product","link":"https:\/\/crystarm.com\/de\/product\/cryst-self-leveling\/","title":{"rendered":"CRYST SELF LEVELING\u00ae"},"content":{"rendered":"<div class=\"everest-tab-main-wrapper etab-sc-main-wrapper etab-clearfix etab-colmn6 etab-group-wrap etab-sp-custom-3468 etab-template19  etabpro-accordion-disable etab_format_show_both etab-trigger-on_click etab-horizontal etab-top-left-position etab-icon-left-position\" data-tab_trigger_type=\"on_click\" id=\"et-tab-random-772080308\"  data-accordion=\"\" >\r\n \r\n   <div class=\"etab-header-wrap\">\r\n\t  <ul class=\"etab-title-tabs et-tab772080308 etab-clearfix\" data-id=\"etab-772080308\" data-deeplinking=\"\" data-accordion=\"\">\r\n\t  \t   \t  <li class=\"etab-label etab-prelink etab-active-show\" id=\"etab-NgYk7dHGzL-772080308\" >\r\n\t   \t                <a class=\"etab-link-tag\" data-linking=\"tabtype\" href=\"javascript:void(0);\" data-tabtype=\"component_type\">\r\n\t   \t  \t   \t \r\n\t   \t  \t\t       \t   \t  \t    <span class=\"etab-icon-wrapper etab-available-icons\">\r\n\t   \t  \t      <i class=\"dashicons dashicons-screenoptions\"><\/i>\r\n\t   \t  \t    <\/span>\r\n\t   \t  \t    \r\n\t   \t  \r\n\t   \t  \t   \t   <div class=\"etab-title-wrapper\">\r\n\t              <span class=\"etab-title\">ANWENDUNGSBEREICH<\/span>\r\n\t              \t       <\/div>\r\n\t       \t       \t   \t   <\/a>\r\n\r\n\t\t\t\t       <\/li>\r\n\t   \t   \t  <li class=\"etab-label etab-prelink\" id=\"etab-RV3ThJxSro-772080308\" >\r\n\t   \t                <a class=\"etab-link-tag\" data-linking=\"tabtype\" href=\"javascript:void(0);\" data-tabtype=\"component_type\">\r\n\t   \t  \t   \t \r\n\t   \t  \t\t       \t   \t  \t    <span class=\"etab-icon-wrapper etab-available-icons\">\r\n\t   \t  \t      <i class=\"dashicons dashicons-image-rotate-right\"><\/i>\r\n\t   \t  \t    <\/span>\r\n\t   \t  \t    \r\n\t   \t  \r\n\t   \t  \t   \t   <div class=\"etab-title-wrapper\">\r\n\t              <span class=\"etab-title\">VORTEILE<\/span>\r\n\t              \t       <\/div>\r\n\t       \t       \t   \t   <\/a>\r\n\r\n\t\t\t\t       <\/li>\r\n\t   \t   \t  <li class=\"etab-label etab-prelink\" id=\"etab-AfY88j1zmK-772080308\" >\r\n\t   \t                <a class=\"etab-link-tag\" data-linking=\"tabtype\" href=\"javascript:void(0);\" data-tabtype=\"component_type\">\r\n\t   \t  \t   \t \r\n\t   \t  \t\t       \t   \t  \t    <span class=\"etab-icon-wrapper etab-available-icons\">\r\n\t   \t  \t      <i class=\"dashicons dashicons-format-image\"><\/i>\r\n\t   \t  \t    <\/span>\r\n\t   \t  \t    \r\n\t   \t  \r\n\t   \t  \t   \t   <div class=\"etab-title-wrapper\">\r\n\t              <span class=\"etab-title\">VERPACKUNG <\/span>\r\n\t              \t       <\/div>\r\n\t       \t       \t   \t   <\/a>\r\n\r\n\t\t\t\t       <\/li>\r\n\t   \t   \t  <li class=\"etab-label etab-prelink\" id=\"etab-ESMykfJf46-772080308\" >\r\n\t   \t                <a class=\"etab-link-tag\" data-linking=\"tabtype\" href=\"javascript:void(0);\" data-tabtype=\"component_type\">\r\n\t   \t  \t   \t \r\n\t   \t  \t\t       \t   \t  \t    <span class=\"etab-icon-wrapper etab-available-icons\">\r\n\t   \t  \t      <i class=\"dashicons dashicons-book-alt\"><\/i>\r\n\t   \t  \t    <\/span>\r\n\t   \t  \t    \r\n\t   \t  \r\n\t   \t  \t   \t   <div class=\"etab-title-wrapper\">\r\n\t              <span class=\"etab-title\">DATENBLATT<\/span>\r\n\t              \t       <\/div>\r\n\t       \t       \t   \t   <\/a>\r\n\r\n\t\t\t\t       <\/li>\r\n\t   \t  <\/ul>\r\n  <\/div>\r\n  <div class=\"etab-content-wrap\" >\r\n         <div class=\"etab-content-section etab-772080308 etab-active-content animated etab-NgYk7dHGzL-772080308\" data-animation=\"fadeIn\" data-active=\"1\">\r\n        <div class=\"etab-editor-content clearfix\">\r\n<p>CRYST SELF-LEVELING\u00ae kann im Innenbereich als Estrich auf Beton f\u00fcr bestehende B\u00f6den oder unter Fliesen, Teppichen, Harzbodensystemen, Parkett oder anderen Arten der Bodenverlegung verwendet werden.<\/p>\n<ul>\n<li>G\u00e4nge, Fertigung, Lagerung und Versand<\/li>\n<li>Distributionszentren und Lager<\/li>\n<li>Beunruhigte und abgenutzte Betonb\u00f6den<\/li>\n<li>Regen besch\u00e4digte Platten<\/li>\n<li>Garagenb\u00f6den<\/li>\n<li>\u00d6ffentliche Einrichtungen<\/li>\n<li>B\u00f6den der Kongresshallen<\/li>\n<li>Ausstellungsr\u00e4ume<\/li>\n<li>B\u00f6den, die f\u00fcr eine bestimmte Ebenheit ausgelegt sind<\/li>\n<\/ul>\n<\/div> \r\n  \t<\/div>\r\n  \t     <div class=\"etab-content-section etab-772080308  animated etab-RV3ThJxSro-772080308\" data-animation=\"fadeIn\" data-active=\"0\">\r\n        <div class=\"etab-editor-content clearfix\">\r\n<ul>\n<li>Umweltfreundlich.<\/li>\n<li>Mit Wasserzugabe gebrauchsfertig.<\/li>\n<li>Einfaches Auftragen durch Pumpe oder manuelle Anwendung.<\/li>\n<li>Sehr langlebig.<\/li>\n<li>Hervorragende Haftfestigkeit.<\/li>\n<li>Hochfl\u00fcssig f\u00fcr gepumpte oder gegossene Anwendung.<\/li>\n<li>Riss- und schrumpffest.<\/li>\n<li>Schneller hochfester Gewinn.<\/li>\n<li>Bereit f\u00fcr begrenzten Fu\u00dfg\u00e4ngerverkehr in vier Stunden.<\/li>\n<li>Reduzierte Schall\u00fcbertragung.<\/li>\n<li>Moisture resistant.<\/li>\n<li>Enth\u00e4lt keinen fl\u00fcchtigen organischen Inhalt und \n kann sowohl im Freien als auch in geschlossenen \n Innenr\u00e4umen sicher verwendet werden.<\/li>\n<\/ul>\n<\/div> \r\n  \t<\/div>\r\n  \t     <div class=\"etab-content-section etab-772080308  animated etab-AfY88j1zmK-772080308\" data-animation=\"fadeIn\" data-active=\"0\">\r\n        <div class=\"etab-editor-content clearfix\">\r\n<p>CRYST SELF-LEVELING\u00ae ist in 20 kg S\u00e4cken oder Eimern erh\u00e4ltlich.<\/p>\n<\/div> \r\n  \t<\/div>\r\n  \t     <div class=\"etab-content-section etab-772080308  animated etab-ESMykfJf46-772080308\" data-animation=\"fadeIn\" data-active=\"0\">\r\n        <div class=\"etab-editor-content clearfix\">\r\n<p><a href=\"https:\/\/crystarm.com\/wp-content\/uploads\/2022\/01\/CRYS-SELBSTNIVELLIEREND-CRYST-SELF-LEVELING-de.pdf\">DATENBLATT ANZEIGEN <\/a><\/p>\n<\/div> \r\n  \t<\/div>\r\n  \t   <\/div>\r\n   <\/div>\r\n<style>\r\n.everest-tab-main-wrapper.etab-sp-custom-3468#et-tab-random-772080308 > .etab-header-wrap > ul.etab-title-tabs > li > a{\r\n  background-color: #343234;\r\n}\r\n.etab-sp-custom-3468.everest-tab-main-wrapper#et-tab-random-772080308 > .etab-header-wrap\r\n > ul.etab-title-tabs > li.etab-active-show > a{\r\n   background-color: #cf2422;\r\n }\r\n .etab-sp-custom-3468#et-tab-random-772080308.everest-tab-main-wrapper > .etab-header-wrap > ul.etab-title-tabs > li > a:hover{\r\n   background-color: #cf2422;\r\n  }\r\n  \r\n.everest-tab-main-wrapper.etab-sp-custom-3468#et-tab-random-772080308 > .etab-header-wrap > ul.etab-title-tabs > li > a,\r\n.everest-tab-main-wrapper.etab-sp-custom-3468#et-tab-random-772080308 > .etab-header-wrap > ul.etab-title-tabs > li .etab-icon-wrapper i{\r\n  color: #ffffff;\r\n }\r\n.everest-tab-main-wrapper.etab-sp-custom-3468#et-tab-random-772080308 > .etab-header-wrap > ul.etab-title-tabs > li:hover .etab-title,\r\n.everest-tab-main-wrapper.etab-sp-custom-3468#et-tab-random-772080308 > .etab-header-wrap > ul.etab-title-tabs > li:hover .etab-icon-wrapper i,\r\n.everest-tab-main-wrapper.etab-sp-custom-3468#et-tab-random-772080308 > .etab-header-wrap > ul.etab-title-tabs > li:hover  > a .etab-title-wrapper .etab-desc{\r\n    color: #ffffff;\r\n}\r\n.everest-tab-main-wrapper.etab-sp-custom-3468#et-tab-random-772080308 > .etab-header-wrap > ul.etab-title-tabs > li > a .etab-title-wrapper .etab-desc {\r\n    color: #ffffff;\r\n}\r\n.everest-tab-main-wrapper.etab-sp-custom-3468#et-tab-random-772080308 > .etab-content-wrap {\r\n    background-color: #ffffff;\r\n}\r\n\r\n\r\n \/*Template 1*\/\r\n \/*Template 2*\/\r\n \r\n\/* Template 4*\/\r\n\/* Template 6*\/\r\n \r\n\/* Template 7*\/\r\n \/* Template 9*\/\r\n \/* Template 17*\/\r\n \r\n\/* Template 18*\/\r\n  .everest-tab-main-wrapper.etab-template19.etab-sp-custom-3468#et-tab-random-772080308 > .etab-header-wrap > ul.etab-title-tabs > li > a:after{\r\n    border-right: 1px solid #343234;\r\n    border-top: 1px solid #343234;\r\n    background: #343234;\r\n}\r\n.everest-tab-main-wrapper.etab-template19.etab-sp-custom-3468#et-tab-random-772080308 > .etab-header-wrap > ul.etab-title-tabs > li > a:hover:after,\r\n .everest-tab-main-wrapper.etab-template19.etab-sp-custom-3468#et-tab-random-772080308 > .etab-header-wrap > ul.etab-title-tabs > li.etab-active-show > a:after, \r\n .everest-tab-main-wrapper.etab-template19.etab-sp-custom-3468#et-tab-random-772080308.etab-vertical-top-right-position > .etab-header-wrap > ul.etab-title-tabs > li > a:hover:after, \r\n .everest-tab-main-wrapper.etab-template19.etab-sp-custom-3468#et-tab-random-772080308.etab-top-right-position > .etab-header-wrap > ul.etab-title-tabs > li > a:hover:after, \r\n .everest-tab-main-wrapper.etab-template19.etab-sp-custom-3468#et-tab-random-772080308.etab-bottom-right-position > .etab-header-wrap > ul.etab-title-tabs > li > a:hover:after, \r\n .everest-tab-main-wrapper.etab-template19.etab-sp-custom-3468#et-tab-random-772080308.etab-vertical-top-right-position > .etab-header-wrap > ul.etab-title-tabs > li.etab-active-show > a:after, \r\n .everest-tab-main-wrapper.etab-template19.etab-sp-custom-3468#et-tab-random-772080308.etab-top-right-position > .etab-header-wrap > ul.etab-title-tabs > li.etab-active-show > a:after, \r\n .everest-tab-main-wrapper.etab-template19.etab-sp-custom-3468#et-tab-random-772080308.etab-bottom-right-position > .etab-header-wrap > ul.etab-title-tabs > li.etab-active-show > a:after{\r\n    border-color: #cf2422;\r\n    background:#cf2422;\r\n}\r\n \r\n  <\/style>","protected":false},"excerpt":{"rendered":"<h2><span style=\"color: #bf0000;\">CRYST SELF-LEVELING<\/span><\/h2>\n<p>CRYST SELF-LEVELING\u00ae ist eine einkomponentige, zementbasierte, polymermodifizierte, leichtflie\u00dfende, wirtschaftliche, pumpbare, schnell abbindende selbstnivellierende Unterlage f\u00fcr den Boden, die zum Reparieren, Nivellieren und Beschichten von Betonoberfl\u00e4chen verwendet wird. sowie zur profilorientierten Pflege und kosmetischen Reparatur von Schadstellen auf Beton. Wenn es mit Wasser vermischt wird, entsteht eine sehr fl\u00fcssige und flie\u00dfende Mischung, die perfekt egalisiert, leicht aufzutragen ist und eine gute Haftung auf dem Untergrund aufweist. CRYST SELF-LEVELING\u00ae wird in Dicken zwischen 3 und 25 mm aufgetragen und ergibt eine superebene Oberfl\u00e4che, die f\u00fcr die Aufnahme endg\u00fcltiger Bodenbel\u00e4ge wie Fliesen, Teppiche, Harzbodensysteme, Parkett usw. geeignet ist.<\/p>","protected":false},"featured_media":6333,"comment_status":"open","ping_status":"closed","template":"","meta":[],"product_cat":[23],"product_tag":[],"class_list":["post-2061","product","type-product","status-publish","has-post-thumbnail","hentry","product_cat-repair"],"yoast_head":"<!-- This site is optimized with the Yoast SEO plugin v18.1 - https:\/\/yoast.com\/wordpress\/plugins\/seo\/ -->\n<title>CRYST SELF LEVELING\u00ae - CRYSTARM | THE SMART WATERPROOFING SYSTEM<\/title>\n<meta name=\"description\" content=\"CRYST SELF-LEVELING\u00ae is a single-component, cement-based, polymer-modified, smooth-flowing, economical, pumpable, fast-setting floor self-leveling underlayment used for repairing, leveling, and coating concrete surfaces. as well as used for profile-oriented maintenance, and cosmetic repair of damaged spots on concrete.\" \/>\n<meta name=\"robots\" content=\"index, follow, max-snippet:-1, max-image-preview:large, max-video-preview:-1\" \/>\n<link rel=\"canonical\" href=\"https:\/\/crystarm.com\/de\/product\/cryst-self-leveling\/\" \/>\n<meta property=\"og:locale\" content=\"de_DE\" \/>\n<meta property=\"og:type\" content=\"article\" \/>\n<meta property=\"og:title\" content=\"CRYST SELF LEVELING\u00ae - CRYSTARM | THE SMART WATERPROOFING SYSTEM\" \/>\n<meta property=\"og:description\" content=\"CRYST SELF-LEVELING\u00ae is a single-component, cement-based, polymer-modified, smooth-flowing, economical, pumpable, fast-setting floor self-leveling underlayment used for repairing, leveling, and coating concrete surfaces. as well as used for profile-oriented maintenance, and cosmetic repair of damaged spots on concrete.\" \/>\n<meta property=\"og:url\" content=\"https:\/\/crystarm.com\/de\/product\/cryst-self-leveling\/\" \/>\n<meta property=\"og:site_name\" content=\"CRYSTARM | THE SMART WATERPROOFING SYSTEM\" \/>\n<meta property=\"article:modified_time\" content=\"2022-10-27T17:00:17+00:00\" \/>\n<meta property=\"og:image\" content=\"https:\/\/crystarm.com\/wp-content\/uploads\/2022\/01\/SELFLEVELING-01.png\" \/>\n\t<meta property=\"og:image:width\" content=\"2250\" \/>\n\t<meta property=\"og:image:height\" content=\"2250\" \/>\n\t<meta property=\"og:image:type\" content=\"image\/png\" \/>\n<meta name=\"twitter:card\" content=\"summary_large_image\" \/>\n<script type=\"application\/ld+json\" class=\"yoast-schema-graph\">{\"@context\":\"https:\/\/schema.org\",\"@graph\":[{\"@type\":\"Organization\",\"@id\":\"https:\/\/crystarm.com\/#organization\",\"name\":\"CRYSTARM | THE SMART WATERPROOFING SYSTEM\",\"url\":\"https:\/\/crystarm.com\/\",\"sameAs\":[],\"logo\":{\"@type\":\"ImageObject\",\"@id\":\"https:\/\/crystarm.com\/#logo\",\"inLanguage\":\"de-DE\",\"url\":\"https:\/\/crystarm.com\/wp-content\/uploads\/2022\/01\/CRYSTARM-LOGO-B-e1645004762112.png\",\"contentUrl\":\"https:\/\/crystarm.com\/wp-content\/uploads\/2022\/01\/CRYSTARM-LOGO-B-e1645004762112.png\",\"width\":500,\"height\":155,\"caption\":\"CRYSTARM | THE SMART WATERPROOFING SYSTEM\"},\"image\":{\"@id\":\"https:\/\/crystarm.com\/#logo\"}},{\"@type\":\"WebSite\",\"@id\":\"https:\/\/crystarm.com\/#website\",\"url\":\"https:\/\/crystarm.com\/\",\"name\":\"CRYSTARM | THE SMART WATERPROOFING SYSTEM\",\"description\":\"Crystalline Technology for Waterproofing\",\"publisher\":{\"@id\":\"https:\/\/crystarm.com\/#organization\"},\"potentialAction\":[{\"@type\":\"SearchAction\",\"target\":{\"@type\":\"EntryPoint\",\"urlTemplate\":\"https:\/\/crystarm.com\/?s={search_term_string}\"},\"query-input\":\"required name=search_term_string\"}],\"inLanguage\":\"de-DE\"},{\"@type\":\"ImageObject\",\"@id\":\"https:\/\/crystarm.com\/product\/cryst-self-leveling\/#primaryimage\",\"inLanguage\":\"de-DE\",\"url\":\"https:\/\/crystarm.com\/wp-content\/uploads\/2022\/01\/SELFLEVELING-01.png\",\"contentUrl\":\"https:\/\/crystarm.com\/wp-content\/uploads\/2022\/01\/SELFLEVELING-01.png\",\"width\":2250,\"height\":2250},{\"@type\":\"WebPage\",\"@id\":\"https:\/\/crystarm.com\/product\/cryst-self-leveling\/#webpage\",\"url\":\"https:\/\/crystarm.com\/product\/cryst-self-leveling\/\",\"name\":\"CRYST SELF LEVELING\u00ae - CRYSTARM | THE SMART WATERPROOFING SYSTEM\",\"isPartOf\":{\"@id\":\"https:\/\/crystarm.com\/#website\"},\"primaryImageOfPage\":{\"@id\":\"https:\/\/crystarm.com\/product\/cryst-self-leveling\/#primaryimage\"},\"datePublished\":\"2021-12-04T23:18:44+00:00\",\"dateModified\":\"2022-10-27T17:00:17+00:00\",\"description\":\"CRYST SELF-LEVELING\u00ae is a single-component, cement-based, polymer-modified, smooth-flowing, economical, pumpable, fast-setting floor self-leveling underlayment used for repairing, leveling, and coating concrete surfaces. as well as used for profile-oriented maintenance, and cosmetic repair of damaged spots on concrete.\",\"breadcrumb\":{\"@id\":\"https:\/\/crystarm.com\/product\/cryst-self-leveling\/#breadcrumb\"},\"inLanguage\":\"de-DE\",\"potentialAction\":[{\"@type\":\"ReadAction\",\"target\":[\"https:\/\/crystarm.com\/product\/cryst-self-leveling\/\"]}]},{\"@type\":\"BreadcrumbList\",\"@id\":\"https:\/\/crystarm.com\/product\/cryst-self-leveling\/#breadcrumb\",\"itemListElement\":[{\"@type\":\"ListItem\",\"position\":1,\"name\":\"Product\",\"item\":\"https:\/\/crystarm.com\/?page_id=6154\"},{\"@type\":\"ListItem\",\"position\":2,\"name\":\"CRYST SELF LEVELING\u00ae\"}]}]}<\/script>\n<!-- \/ Yoast SEO plugin. -->","yoast_head_json":{"title":"CRYST SELF LEVELING\u00ae - CRYSTARM | THE SMART WATERPROOFING SYSTEM","description":"CRYST SELF-LEVELING\u00ae is a single-component, cement-based, polymer-modified, smooth-flowing, economical, pumpable, fast-setting floor self-leveling underlayment used for repairing, leveling, and coating concrete surfaces. as well as used for profile-oriented maintenance, and cosmetic repair of damaged spots on concrete.","robots":{"index":"index","follow":"follow","max-snippet":"max-snippet:-1","max-image-preview":"max-image-preview:large","max-video-preview":"max-video-preview:-1"},"canonical":"https:\/\/crystarm.com\/de\/product\/cryst-self-leveling\/","og_locale":"de_DE","og_type":"article","og_title":"CRYST SELF LEVELING\u00ae - CRYSTARM | THE SMART WATERPROOFING SYSTEM","og_description":"CRYST SELF-LEVELING\u00ae is a single-component, cement-based, polymer-modified, smooth-flowing, economical, pumpable, fast-setting floor self-leveling underlayment used for repairing, leveling, and coating concrete surfaces. as well as used for profile-oriented maintenance, and cosmetic repair of damaged spots on concrete.","og_url":"https:\/\/crystarm.com\/de\/product\/cryst-self-leveling\/","og_site_name":"CRYSTARM | THE SMART WATERPROOFING SYSTEM","article_modified_time":"2022-10-27T17:00:17+00:00","og_image":[{"width":2250,"height":2250,"url":"https:\/\/crystarm.com\/wp-content\/uploads\/2022\/01\/SELFLEVELING-01.png","type":"image\/png"}],"twitter_card":"summary_large_image","schema":{"@context":"https:\/\/schema.org","@graph":[{"@type":"Organization","@id":"https:\/\/crystarm.com\/#organization","name":"CRYSTARM | THE SMART WATERPROOFING SYSTEM","url":"https:\/\/crystarm.com\/","sameAs":[],"logo":{"@type":"ImageObject","@id":"https:\/\/crystarm.com\/#logo","inLanguage":"de-DE","url":"https:\/\/crystarm.com\/wp-content\/uploads\/2022\/01\/CRYSTARM-LOGO-B-e1645004762112.png","contentUrl":"https:\/\/crystarm.com\/wp-content\/uploads\/2022\/01\/CRYSTARM-LOGO-B-e1645004762112.png","width":500,"height":155,"caption":"CRYSTARM | THE SMART WATERPROOFING SYSTEM"},"image":{"@id":"https:\/\/crystarm.com\/#logo"}},{"@type":"WebSite","@id":"https:\/\/crystarm.com\/#website","url":"https:\/\/crystarm.com\/","name":"CRYSTARM | THE SMART WATERPROOFING SYSTEM","description":"Crystalline Technology for Waterproofing","publisher":{"@id":"https:\/\/crystarm.com\/#organization"},"potentialAction":[{"@type":"SearchAction","target":{"@type":"EntryPoint","urlTemplate":"https:\/\/crystarm.com\/?s={search_term_string}"},"query-input":"required name=search_term_string"}],"inLanguage":"de-DE"},{"@type":"ImageObject","@id":"https:\/\/crystarm.com\/product\/cryst-self-leveling\/#primaryimage","inLanguage":"de-DE","url":"https:\/\/crystarm.com\/wp-content\/uploads\/2022\/01\/SELFLEVELING-01.png","contentUrl":"https:\/\/crystarm.com\/wp-content\/uploads\/2022\/01\/SELFLEVELING-01.png","width":2250,"height":2250},{"@type":"WebPage","@id":"https:\/\/crystarm.com\/product\/cryst-self-leveling\/#webpage","url":"https:\/\/crystarm.com\/product\/cryst-self-leveling\/","name":"CRYST SELF LEVELING\u00ae - CRYSTARM | THE SMART WATERPROOFING SYSTEM","isPartOf":{"@id":"https:\/\/crystarm.com\/#website"},"primaryImageOfPage":{"@id":"https:\/\/crystarm.com\/product\/cryst-self-leveling\/#primaryimage"},"datePublished":"2021-12-04T23:18:44+00:00","dateModified":"2022-10-27T17:00:17+00:00","description":"CRYST SELF-LEVELING\u00ae is a single-component, cement-based, polymer-modified, smooth-flowing, economical, pumpable, fast-setting floor self-leveling underlayment used for repairing, leveling, and coating concrete surfaces. as well as used for profile-oriented maintenance, and cosmetic repair of damaged spots on concrete.","breadcrumb":{"@id":"https:\/\/crystarm.com\/product\/cryst-self-leveling\/#breadcrumb"},"inLanguage":"de-DE","potentialAction":[{"@type":"ReadAction","target":["https:\/\/crystarm.com\/product\/cryst-self-leveling\/"]}]},{"@type":"BreadcrumbList","@id":"https:\/\/crystarm.com\/product\/cryst-self-leveling\/#breadcrumb","itemListElement":[{"@type":"ListItem","position":1,"name":"Product","item":"https:\/\/crystarm.com\/?page_id=6154"},{"@type":"ListItem","position":2,"name":"CRYST SELF LEVELING\u00ae"}]}]}},"_links":{"self":[{"href":"https:\/\/crystarm.com\/de\/wp-json\/wp\/v2\/product\/2061","targetHints":{"allow":["GET"]}}],"collection":[{"href":"https:\/\/crystarm.com\/de\/wp-json\/wp\/v2\/product"}],"about":[{"href":"https:\/\/crystarm.com\/de\/wp-json\/wp\/v2\/types\/product"}],"replies":[{"embeddable":true,"href":"https:\/\/crystarm.com\/de\/wp-json\/wp\/v2\/comments?post=2061"}],"wp:featuredmedia":[{"embeddable":true,"href":"https:\/\/crystarm.com\/de\/wp-json\/wp\/v2\/media\/6333"}],"wp:attachment":[{"href":"https:\/\/crystarm.com\/de\/wp-json\/wp\/v2\/media?parent=2061"}],"wp:term":[{"taxonomy":"product_cat","embeddable":true,"href":"https:\/\/crystarm.com\/de\/wp-json\/wp\/v2\/product_cat?post=2061"},{"taxonomy":"product_tag","embeddable":true,"href":"https:\/\/crystarm.com\/de\/wp-json\/wp\/v2\/product_tag?post=2061"}],"curies":[{"name":"wp","href":"https:\/\/api.w.org\/{rel}","templated":true}]}}