{"id":2062,"date":"2021-12-04T23:19:28","date_gmt":"2021-12-04T23:19:28","guid":{"rendered":"https:\/\/crystarm.com\/?post_type=product&#038;p=2062"},"modified":"2022-10-27T19:25:36","modified_gmt":"2022-10-27T19:25:36","slug":"cryst-protect","status":"publish","type":"product","link":"https:\/\/crystarm.com\/de\/product\/cryst-protect\/","title":{"rendered":"CRYST PROTECT\u00ae"},"content":{"rendered":"<div class=\"everest-tab-main-wrapper etab-sc-main-wrapper etab-clearfix etab-colmn6 etab-group-wrap etab-sp-custom-3469 etab-template19  etabpro-accordion-disable etab_format_show_both etab-trigger-on_click etab-horizontal etab-top-left-position etab-icon-left-position\" data-tab_trigger_type=\"on_click\" id=\"et-tab-random-523515102\"  data-accordion=\"\" >\r\n \r\n   <div class=\"etab-header-wrap\">\r\n\t  <ul class=\"etab-title-tabs et-tab523515102 etab-clearfix\" data-id=\"etab-523515102\" data-deeplinking=\"\" data-accordion=\"\">\r\n\t  \t   \t  <li class=\"etab-label etab-prelink etab-active-show\" id=\"etab-NgYk7dHGzL-523515102\" >\r\n\t   \t                <a class=\"etab-link-tag\" data-linking=\"tabtype\" href=\"javascript:void(0);\" data-tabtype=\"component_type\">\r\n\t   \t  \t   \t \r\n\t   \t  \t\t       \t   \t  \t    <span class=\"etab-icon-wrapper etab-available-icons\">\r\n\t   \t  \t      <i class=\"dashicons dashicons-screenoptions\"><\/i>\r\n\t   \t  \t    <\/span>\r\n\t   \t  \t    \r\n\t   \t  \r\n\t   \t  \t   \t   <div class=\"etab-title-wrapper\">\r\n\t              <span class=\"etab-title\">ANWENDUNGSBEREICH<\/span>\r\n\t              \t       <\/div>\r\n\t       \t       \t   \t   <\/a>\r\n\r\n\t\t\t\t       <\/li>\r\n\t   \t   \t  <li class=\"etab-label etab-prelink\" id=\"etab-RV3ThJxSro-523515102\" >\r\n\t   \t                <a class=\"etab-link-tag\" data-linking=\"tabtype\" href=\"javascript:void(0);\" data-tabtype=\"component_type\">\r\n\t   \t  \t   \t \r\n\t   \t  \t\t       \t   \t  \t    <span class=\"etab-icon-wrapper etab-available-icons\">\r\n\t   \t  \t      <i class=\"dashicons dashicons-image-rotate-right\"><\/i>\r\n\t   \t  \t    <\/span>\r\n\t   \t  \t    \r\n\t   \t  \r\n\t   \t  \t   \t   <div class=\"etab-title-wrapper\">\r\n\t              <span class=\"etab-title\">VORTEILE<\/span>\r\n\t              \t       <\/div>\r\n\t       \t       \t   \t   <\/a>\r\n\r\n\t\t\t\t       <\/li>\r\n\t   \t   \t  <li class=\"etab-label etab-prelink\" id=\"etab-AfY88j1zmK-523515102\" >\r\n\t   \t                <a class=\"etab-link-tag\" data-linking=\"tabtype\" href=\"javascript:void(0);\" data-tabtype=\"component_type\">\r\n\t   \t  \t   \t \r\n\t   \t  \t\t       \t   \t  \t    <span class=\"etab-icon-wrapper etab-available-icons\">\r\n\t   \t  \t      <i class=\"dashicons dashicons-format-image\"><\/i>\r\n\t   \t  \t    <\/span>\r\n\t   \t  \t    \r\n\t   \t  \r\n\t   \t  \t   \t   <div class=\"etab-title-wrapper\">\r\n\t              <span class=\"etab-title\">VERPACKUNG <\/span>\r\n\t              \t       <\/div>\r\n\t       \t       \t   \t   <\/a>\r\n\r\n\t\t\t\t       <\/li>\r\n\t   \t   \t  <li class=\"etab-label etab-prelink\" id=\"etab-ESMykfJf46-523515102\" >\r\n\t   \t                <a class=\"etab-link-tag\" data-linking=\"tabtype\" href=\"javascript:void(0);\" data-tabtype=\"component_type\">\r\n\t   \t  \t   \t \r\n\t   \t  \t\t       \t   \t  \t    <span class=\"etab-icon-wrapper etab-available-icons\">\r\n\t   \t  \t      <i class=\"dashicons dashicons-book-alt\"><\/i>\r\n\t   \t  \t    <\/span>\r\n\t   \t  \t    \r\n\t   \t  \r\n\t   \t  \t   \t   <div class=\"etab-title-wrapper\">\r\n\t              <span class=\"etab-title\">DATENBLATT<\/span>\r\n\t              \t       <\/div>\r\n\t       \t       \t   \t   <\/a>\r\n\r\n\t\t\t\t       <\/li>\r\n\t   \t  <\/ul>\r\n  <\/div>\r\n  <div class=\"etab-content-wrap\" >\r\n         <div class=\"etab-content-section etab-523515102 etab-active-content animated etab-NgYk7dHGzL-523515102\" data-animation=\"fadeIn\" data-active=\"1\">\r\n        <div class=\"etab-editor-content clearfix\">\r\n<p>CRYST PROTECT\u00ae is ideal to apply on concrete, block, or brick walls:<\/p>\n<ul>\n<li>Standard- und Festbeton.<\/li>\n<li>Polierter Beton<\/li>\n<li>Terrazzo.<\/li>\n<li>Zementartige Auflagen.<\/li>\n<li>Lagerb\u00f6den.<\/li>\n<li>Flugzeughallen.<\/li>\n<li>Vertriebs- und Lagereinrichtungen.<\/li>\n<li>Lebensmittelverarbeitungsbetriebe.<\/li>\n<li>Produktions-\/pharmazeutische Einrichtungen.<\/li>\n<li>Ausstellungsr\u00e4ume und Schulen.<\/li>\n<li>Jede Art von Einrichtung mit Sichtbetonoberfl\u00e4che.<\/li>\n<\/ul>\n<\/div> \r\n  \t<\/div>\r\n  \t     <div class=\"etab-content-section etab-523515102  animated etab-RV3ThJxSro-523515102\" data-animation=\"fadeIn\" data-active=\"0\">\r\n        <div class=\"etab-editor-content clearfix\">\r\n<ul>\n<li>Umweltfreundlich.<\/li>\n<li>Bietet hohen Glanz und gute Lichtreflexion.<\/li>\n<li>niedrige Viskosit\u00e4t.<\/li>\n<li>L\u00f6semittel- und weichmacherfrei.<\/li>\n<li>Einfache Anwendung.<\/li>\n<li>Kann drau\u00dfen oder drinnen verwendet werden.<\/li>\n<li>Gute Kratzfestigkeit, hohe H\u00e4rte und Abriebfestigkeit.<\/li>\n<li>Hilft Frost- oder Tausch\u00e4den zu vermeiden<\/li>\n<li>Schnelles Trocknen.<\/li>\n<li>Nanomolek\u00fcle sorgen f\u00fcr tiefes Eindringen Ungiftig.<\/li>\n<li>Ausgezeichneter Fleckenschutz \/ Leicht zu reinigen.<\/li>\n<li>Nicht brennbar.<\/li>\n<li>UV-stabil und atmungsaktiv.<\/li>\n<li>Eliminiert st\u00e4ndiges Wachsen des Bodens.<\/li>\n<li>Reduziert die Kosten f\u00fcr die Bodenpflege.<\/li>\n<\/ul>\n<\/div> \r\n  \t<\/div>\r\n  \t     <div class=\"etab-content-section etab-523515102  animated etab-AfY88j1zmK-523515102\" data-animation=\"fadeIn\" data-active=\"0\">\r\n        <div class=\"etab-editor-content clearfix\">\r\n<p>CRYST PROTECT\u00ae ist in 20-l-Gallonen, 200-l-Fass erh\u00e4ltlich<\/p>\n<\/div> \r\n  \t<\/div>\r\n  \t     <div class=\"etab-content-section etab-523515102  animated etab-ESMykfJf46-523515102\" data-animation=\"fadeIn\" data-active=\"0\">\r\n        <div class=\"etab-editor-content clearfix\">\r\n<p><a href=\"https:\/\/crystarm.com\/wp-content\/uploads\/2022\/01\/CRYST-SCHUTZ-CRYST-PROTECT-de.pdf\" target=\"_blank\" rel=\"noopener\">DATENBLATT ANZEIGEN <\/a><\/p>\n<\/div> \r\n  \t<\/div>\r\n  \t   <\/div>\r\n   <\/div>\r\n<style>\r\n.everest-tab-main-wrapper.etab-sp-custom-3469#et-tab-random-523515102 > .etab-header-wrap > ul.etab-title-tabs > li > a{\r\n  background-color: #343234;\r\n}\r\n.etab-sp-custom-3469.everest-tab-main-wrapper#et-tab-random-523515102 > .etab-header-wrap\r\n > ul.etab-title-tabs > li.etab-active-show > a{\r\n   background-color: #cf2422;\r\n }\r\n .etab-sp-custom-3469#et-tab-random-523515102.everest-tab-main-wrapper > .etab-header-wrap > ul.etab-title-tabs > li > a:hover{\r\n   background-color: #cf2422;\r\n  }\r\n  \r\n.everest-tab-main-wrapper.etab-sp-custom-3469#et-tab-random-523515102 > .etab-header-wrap > ul.etab-title-tabs > li > a,\r\n.everest-tab-main-wrapper.etab-sp-custom-3469#et-tab-random-523515102 > .etab-header-wrap > ul.etab-title-tabs > li .etab-icon-wrapper i{\r\n  color: #ffffff;\r\n }\r\n.everest-tab-main-wrapper.etab-sp-custom-3469#et-tab-random-523515102 > .etab-header-wrap > ul.etab-title-tabs > li:hover .etab-title,\r\n.everest-tab-main-wrapper.etab-sp-custom-3469#et-tab-random-523515102 > .etab-header-wrap > ul.etab-title-tabs > li:hover .etab-icon-wrapper i,\r\n.everest-tab-main-wrapper.etab-sp-custom-3469#et-tab-random-523515102 > .etab-header-wrap > ul.etab-title-tabs > li:hover  > a .etab-title-wrapper .etab-desc{\r\n    color: #ffffff;\r\n}\r\n.everest-tab-main-wrapper.etab-sp-custom-3469#et-tab-random-523515102 > .etab-header-wrap > ul.etab-title-tabs > li > a .etab-title-wrapper .etab-desc {\r\n    color: #ffffff;\r\n}\r\n.everest-tab-main-wrapper.etab-sp-custom-3469#et-tab-random-523515102 > .etab-content-wrap {\r\n    background-color: #ffffff;\r\n}\r\n\r\n\r\n \/*Template 1*\/\r\n \/*Template 2*\/\r\n \r\n\/* Template 4*\/\r\n\/* Template 6*\/\r\n \r\n\/* Template 7*\/\r\n \/* Template 9*\/\r\n \/* Template 17*\/\r\n \r\n\/* Template 18*\/\r\n  .everest-tab-main-wrapper.etab-template19.etab-sp-custom-3469#et-tab-random-523515102 > .etab-header-wrap > ul.etab-title-tabs > li > a:after{\r\n    border-right: 1px solid #343234;\r\n    border-top: 1px solid #343234;\r\n    background: #343234;\r\n}\r\n.everest-tab-main-wrapper.etab-template19.etab-sp-custom-3469#et-tab-random-523515102 > .etab-header-wrap > ul.etab-title-tabs > li > a:hover:after,\r\n .everest-tab-main-wrapper.etab-template19.etab-sp-custom-3469#et-tab-random-523515102 > .etab-header-wrap > ul.etab-title-tabs > li.etab-active-show > a:after, \r\n .everest-tab-main-wrapper.etab-template19.etab-sp-custom-3469#et-tab-random-523515102.etab-vertical-top-right-position > .etab-header-wrap > ul.etab-title-tabs > li > a:hover:after, \r\n .everest-tab-main-wrapper.etab-template19.etab-sp-custom-3469#et-tab-random-523515102.etab-top-right-position > .etab-header-wrap > ul.etab-title-tabs > li > a:hover:after, \r\n .everest-tab-main-wrapper.etab-template19.etab-sp-custom-3469#et-tab-random-523515102.etab-bottom-right-position > .etab-header-wrap > ul.etab-title-tabs > li > a:hover:after, \r\n .everest-tab-main-wrapper.etab-template19.etab-sp-custom-3469#et-tab-random-523515102.etab-vertical-top-right-position > .etab-header-wrap > ul.etab-title-tabs > li.etab-active-show > a:after, \r\n .everest-tab-main-wrapper.etab-template19.etab-sp-custom-3469#et-tab-random-523515102.etab-top-right-position > .etab-header-wrap > ul.etab-title-tabs > li.etab-active-show > a:after, \r\n .everest-tab-main-wrapper.etab-template19.etab-sp-custom-3469#et-tab-random-523515102.etab-bottom-right-position > .etab-header-wrap > ul.etab-title-tabs > li.etab-active-show > a:after{\r\n    border-color: #cf2422;\r\n    background:#cf2422;\r\n}\r\n \r\n  <\/style>","protected":false},"excerpt":{"rendered":"<h2><span style=\"color: #bf0000;\">CRYST PROTECT<\/span><\/h2>\n<p>CRYST PROTECT\u00ae ist ein terminiertes Bindemittel auf Basis der \u03b1-Silan-Technologie, das speziell f\u00fcr die Impr\u00e4gnierung von mineralischen Untergr\u00fcnden oder als Schichtbeschichtung zur Verbesserung von Standard- und Festbetonoberfl\u00e4chen und zementgebundenen Auflagen formuliert wurde, indem es eine versiegelte Schutzschicht bildet, die wasser- und fleckenbest\u00e4ndig ist. CRYST PROTECT\u00ae bietet ein hochgl\u00e4nzendes \u00e4sthetisches Finish, wodurch Bodenwachs, Beschichtungen auf Polymerbasis, fl\u00fcssige Polituren und st\u00e4ndige Wartung \u00fcberfl\u00fcssig werden.<\/p>","protected":false},"featured_media":6330,"comment_status":"open","ping_status":"closed","template":"","meta":[],"product_cat":[32],"product_tag":[],"class_list":["post-2062","product","type-product","status-publish","has-post-thumbnail","hentry","product_cat-floor"],"yoast_head":"<!-- This site is optimized with the Yoast SEO plugin v18.1 - https:\/\/yoast.com\/wordpress\/plugins\/seo\/ -->\n<title>CRYST PROTECT\u00ae - CRYSTARM | THE SMART WATERPROOFING SYSTEM<\/title>\n<meta name=\"description\" content=\"CRYST PROTECT\u00ae is a terminated binder based on \u03b1-silane technology specially formulated for the impregnation of mineral substrates or as a layer coating for enhancing the standard and hardened concrete surfaces and cementitious overlays by forming a sealed protective finish resistant to water and stains. CRYST PROTECT\u00ae provides a high gloss aesthetic finish, eliminating the need for floor waxing, polymer-based coatings, liquid polishes, and constant maintenance.\" \/>\n<meta name=\"robots\" content=\"index, follow, max-snippet:-1, max-image-preview:large, max-video-preview:-1\" \/>\n<link rel=\"canonical\" href=\"https:\/\/crystarm.com\/de\/product\/cryst-protect\/\" \/>\n<meta property=\"og:locale\" content=\"de_DE\" \/>\n<meta property=\"og:type\" content=\"article\" \/>\n<meta property=\"og:title\" content=\"CRYST PROTECT\u00ae - CRYSTARM | THE SMART WATERPROOFING SYSTEM\" \/>\n<meta property=\"og:description\" content=\"CRYST PROTECT\u00ae is a terminated binder based on \u03b1-silane technology specially formulated for the impregnation of mineral substrates or as a layer coating for enhancing the standard and hardened concrete surfaces and cementitious overlays by forming a sealed protective finish resistant to water and stains. CRYST PROTECT\u00ae provides a high gloss aesthetic finish, eliminating the need for floor waxing, polymer-based coatings, liquid polishes, and constant maintenance.\" \/>\n<meta property=\"og:url\" content=\"https:\/\/crystarm.com\/de\/product\/cryst-protect\/\" \/>\n<meta property=\"og:site_name\" content=\"CRYSTARM | THE SMART WATERPROOFING SYSTEM\" \/>\n<meta property=\"article:modified_time\" content=\"2022-10-27T19:25:36+00:00\" \/>\n<meta property=\"og:image\" content=\"https:\/\/crystarm.com\/wp-content\/uploads\/2022\/01\/PROTECT-PAIL.png\" \/>\n\t<meta property=\"og:image:width\" content=\"1593\" \/>\n\t<meta property=\"og:image:height\" content=\"1777\" \/>\n\t<meta property=\"og:image:type\" content=\"image\/png\" \/>\n<meta name=\"twitter:card\" content=\"summary_large_image\" \/>\n<script type=\"application\/ld+json\" class=\"yoast-schema-graph\">{\"@context\":\"https:\/\/schema.org\",\"@graph\":[{\"@type\":\"Organization\",\"@id\":\"https:\/\/crystarm.com\/#organization\",\"name\":\"CRYSTARM | THE SMART WATERPROOFING SYSTEM\",\"url\":\"https:\/\/crystarm.com\/\",\"sameAs\":[],\"logo\":{\"@type\":\"ImageObject\",\"@id\":\"https:\/\/crystarm.com\/#logo\",\"inLanguage\":\"de-DE\",\"url\":\"https:\/\/crystarm.com\/wp-content\/uploads\/2022\/01\/CRYSTARM-LOGO-B-e1645004762112.png\",\"contentUrl\":\"https:\/\/crystarm.com\/wp-content\/uploads\/2022\/01\/CRYSTARM-LOGO-B-e1645004762112.png\",\"width\":500,\"height\":155,\"caption\":\"CRYSTARM | THE SMART WATERPROOFING SYSTEM\"},\"image\":{\"@id\":\"https:\/\/crystarm.com\/#logo\"}},{\"@type\":\"WebSite\",\"@id\":\"https:\/\/crystarm.com\/#website\",\"url\":\"https:\/\/crystarm.com\/\",\"name\":\"CRYSTARM | THE SMART WATERPROOFING SYSTEM\",\"description\":\"Crystalline Technology for Waterproofing\",\"publisher\":{\"@id\":\"https:\/\/crystarm.com\/#organization\"},\"potentialAction\":[{\"@type\":\"SearchAction\",\"target\":{\"@type\":\"EntryPoint\",\"urlTemplate\":\"https:\/\/crystarm.com\/?s={search_term_string}\"},\"query-input\":\"required name=search_term_string\"}],\"inLanguage\":\"de-DE\"},{\"@type\":\"ImageObject\",\"@id\":\"https:\/\/crystarm.com\/product\/cryst-protect\/#primaryimage\",\"inLanguage\":\"de-DE\",\"url\":\"https:\/\/crystarm.com\/wp-content\/uploads\/2022\/01\/PROTECT-PAIL.png\",\"contentUrl\":\"https:\/\/crystarm.com\/wp-content\/uploads\/2022\/01\/PROTECT-PAIL.png\",\"width\":1593,\"height\":1777},{\"@type\":\"WebPage\",\"@id\":\"https:\/\/crystarm.com\/product\/cryst-protect\/#webpage\",\"url\":\"https:\/\/crystarm.com\/product\/cryst-protect\/\",\"name\":\"CRYST PROTECT\u00ae - CRYSTARM | THE SMART WATERPROOFING SYSTEM\",\"isPartOf\":{\"@id\":\"https:\/\/crystarm.com\/#website\"},\"primaryImageOfPage\":{\"@id\":\"https:\/\/crystarm.com\/product\/cryst-protect\/#primaryimage\"},\"datePublished\":\"2021-12-04T23:19:28+00:00\",\"dateModified\":\"2022-10-27T19:25:36+00:00\",\"description\":\"CRYST PROTECT\u00ae is a terminated binder based on \u03b1-silane technology specially formulated for the impregnation of mineral substrates or as a layer coating for enhancing the standard and hardened concrete surfaces and cementitious overlays by forming a sealed protective finish resistant to water and stains. CRYST PROTECT\u00ae provides a high gloss aesthetic finish, eliminating the need for floor waxing, polymer-based coatings, liquid polishes, and constant maintenance.\",\"breadcrumb\":{\"@id\":\"https:\/\/crystarm.com\/product\/cryst-protect\/#breadcrumb\"},\"inLanguage\":\"de-DE\",\"potentialAction\":[{\"@type\":\"ReadAction\",\"target\":[\"https:\/\/crystarm.com\/product\/cryst-protect\/\"]}]},{\"@type\":\"BreadcrumbList\",\"@id\":\"https:\/\/crystarm.com\/product\/cryst-protect\/#breadcrumb\",\"itemListElement\":[{\"@type\":\"ListItem\",\"position\":1,\"name\":\"Product\",\"item\":\"https:\/\/crystarm.com\/?page_id=6154\"},{\"@type\":\"ListItem\",\"position\":2,\"name\":\"CRYST PROTECT\u00ae\"}]}]}<\/script>\n<!-- \/ Yoast SEO plugin. -->","yoast_head_json":{"title":"CRYST PROTECT\u00ae - CRYSTARM | THE SMART WATERPROOFING SYSTEM","description":"CRYST PROTECT\u00ae ist ein terminiertes Bindemittel auf Basis der \u03b1-Silan-Technologie, das speziell f\u00fcr die Impr\u00e4gnierung von mineralischen Untergr\u00fcnden oder als Schichtbeschichtung zur Verbesserung von Standard- und Festbetonoberfl\u00e4chen und zementgebundenen Auflagen formuliert wurde, indem es eine versiegelte Schutzschicht bildet, die wasser- und fleckenbest\u00e4ndig ist. CRYST PROTECT\u00ae bietet ein hochgl\u00e4nzendes \u00e4sthetisches Finish, wodurch Bodenwachs, Beschichtungen auf Polymerbasis, fl\u00fcssige Polituren und st\u00e4ndige Wartung \u00fcberfl\u00fcssig werden.","robots":{"index":"index","follow":"follow","max-snippet":"max-snippet:-1","max-image-preview":"max-image-preview:large","max-video-preview":"max-video-preview:-1"},"canonical":"https:\/\/crystarm.com\/de\/product\/cryst-protect\/","og_locale":"de_DE","og_type":"article","og_title":"CRYST PROTECT\u00ae - CRYSTARM | THE SMART WATERPROOFING SYSTEM","og_description":"CRYST PROTECT\u00ae is a terminated binder based on \u03b1-silane technology specially formulated for the impregnation of mineral substrates or as a layer coating for enhancing the standard and hardened concrete surfaces and cementitious overlays by forming a sealed protective finish resistant to water and stains. CRYST PROTECT\u00ae provides a high gloss aesthetic finish, eliminating the need for floor waxing, polymer-based coatings, liquid polishes, and constant maintenance.","og_url":"https:\/\/crystarm.com\/de\/product\/cryst-protect\/","og_site_name":"CRYSTARM | THE SMART WATERPROOFING SYSTEM","article_modified_time":"2022-10-27T19:25:36+00:00","og_image":[{"width":1593,"height":1777,"url":"https:\/\/crystarm.com\/wp-content\/uploads\/2022\/01\/PROTECT-PAIL.png","type":"image\/png"}],"twitter_card":"summary_large_image","schema":{"@context":"https:\/\/schema.org","@graph":[{"@type":"Organization","@id":"https:\/\/crystarm.com\/#organization","name":"CRYSTARM | THE SMART WATERPROOFING SYSTEM","url":"https:\/\/crystarm.com\/","sameAs":[],"logo":{"@type":"ImageObject","@id":"https:\/\/crystarm.com\/#logo","inLanguage":"de-DE","url":"https:\/\/crystarm.com\/wp-content\/uploads\/2022\/01\/CRYSTARM-LOGO-B-e1645004762112.png","contentUrl":"https:\/\/crystarm.com\/wp-content\/uploads\/2022\/01\/CRYSTARM-LOGO-B-e1645004762112.png","width":500,"height":155,"caption":"CRYSTARM | THE SMART WATERPROOFING SYSTEM"},"image":{"@id":"https:\/\/crystarm.com\/#logo"}},{"@type":"WebSite","@id":"https:\/\/crystarm.com\/#website","url":"https:\/\/crystarm.com\/","name":"CRYSTARM | THE SMART WATERPROOFING SYSTEM","description":"Crystalline Technology for Waterproofing","publisher":{"@id":"https:\/\/crystarm.com\/#organization"},"potentialAction":[{"@type":"SearchAction","target":{"@type":"EntryPoint","urlTemplate":"https:\/\/crystarm.com\/?s={search_term_string}"},"query-input":"required name=search_term_string"}],"inLanguage":"de-DE"},{"@type":"ImageObject","@id":"https:\/\/crystarm.com\/product\/cryst-protect\/#primaryimage","inLanguage":"de-DE","url":"https:\/\/crystarm.com\/wp-content\/uploads\/2022\/01\/PROTECT-PAIL.png","contentUrl":"https:\/\/crystarm.com\/wp-content\/uploads\/2022\/01\/PROTECT-PAIL.png","width":1593,"height":1777},{"@type":"WebPage","@id":"https:\/\/crystarm.com\/product\/cryst-protect\/#webpage","url":"https:\/\/crystarm.com\/product\/cryst-protect\/","name":"CRYST PROTECT\u00ae - CRYSTARM | THE SMART WATERPROOFING SYSTEM","isPartOf":{"@id":"https:\/\/crystarm.com\/#website"},"primaryImageOfPage":{"@id":"https:\/\/crystarm.com\/product\/cryst-protect\/#primaryimage"},"datePublished":"2021-12-04T23:19:28+00:00","dateModified":"2022-10-27T19:25:36+00:00","description":"CRYST PROTECT\u00ae ist ein terminiertes Bindemittel auf Basis der \u03b1-Silan-Technologie, das speziell f\u00fcr die Impr\u00e4gnierung von mineralischen Untergr\u00fcnden oder als Schichtbeschichtung zur Verbesserung von Standard- und Festbetonoberfl\u00e4chen und zementgebundenen Auflagen formuliert wurde, indem es eine versiegelte Schutzschicht bildet, die wasser- und fleckenbest\u00e4ndig ist. CRYST PROTECT\u00ae bietet ein hochgl\u00e4nzendes \u00e4sthetisches Finish, wodurch Bodenwachs, Beschichtungen auf Polymerbasis, fl\u00fcssige Polituren und st\u00e4ndige Wartung \u00fcberfl\u00fcssig werden.","breadcrumb":{"@id":"https:\/\/crystarm.com\/product\/cryst-protect\/#breadcrumb"},"inLanguage":"de-DE","potentialAction":[{"@type":"ReadAction","target":["https:\/\/crystarm.com\/product\/cryst-protect\/"]}]},{"@type":"BreadcrumbList","@id":"https:\/\/crystarm.com\/product\/cryst-protect\/#breadcrumb","itemListElement":[{"@type":"ListItem","position":1,"name":"Product","item":"https:\/\/crystarm.com\/?page_id=6154"},{"@type":"ListItem","position":2,"name":"CRYST PROTECT\u00ae"}]}]}},"_links":{"self":[{"href":"https:\/\/crystarm.com\/de\/wp-json\/wp\/v2\/product\/2062","targetHints":{"allow":["GET"]}}],"collection":[{"href":"https:\/\/crystarm.com\/de\/wp-json\/wp\/v2\/product"}],"about":[{"href":"https:\/\/crystarm.com\/de\/wp-json\/wp\/v2\/types\/product"}],"replies":[{"embeddable":true,"href":"https:\/\/crystarm.com\/de\/wp-json\/wp\/v2\/comments?post=2062"}],"wp:featuredmedia":[{"embeddable":true,"href":"https:\/\/crystarm.com\/de\/wp-json\/wp\/v2\/media\/6330"}],"wp:attachment":[{"href":"https:\/\/crystarm.com\/de\/wp-json\/wp\/v2\/media?parent=2062"}],"wp:term":[{"taxonomy":"product_cat","embeddable":true,"href":"https:\/\/crystarm.com\/de\/wp-json\/wp\/v2\/product_cat?post=2062"},{"taxonomy":"product_tag","embeddable":true,"href":"https:\/\/crystarm.com\/de\/wp-json\/wp\/v2\/product_tag?post=2062"}],"curies":[{"name":"wp","href":"https:\/\/api.w.org\/{rel}","templated":true}]}}