{"id":2064,"date":"2021-12-04T23:20:48","date_gmt":"2021-12-04T23:20:48","guid":{"rendered":"https:\/\/crystarm.com\/?post_type=product&#038;p=2064"},"modified":"2022-10-27T16:06:05","modified_gmt":"2022-10-27T16:06:05","slug":"cryst-metal","status":"publish","type":"product","link":"https:\/\/crystarm.com\/de\/product\/cryst-metal\/","title":{"rendered":"CRYST METAL\u00ae"},"content":{"rendered":"<div class=\"everest-tab-main-wrapper etab-sc-main-wrapper etab-clearfix etab-colmn6 etab-group-wrap etab-sp-custom-3323 etab-template19  etabpro-accordion-disable etab_format_show_both etab-trigger-on_click etab-horizontal etab-top-left-position etab-icon-left-position\" data-tab_trigger_type=\"on_click\" id=\"et-tab-random-477972667\"  data-accordion=\"\" >\r\n \r\n   <div class=\"etab-header-wrap\">\r\n\t  <ul class=\"etab-title-tabs et-tab477972667 etab-clearfix\" data-id=\"etab-477972667\" data-deeplinking=\"\" data-accordion=\"\">\r\n\t  \t   \t  <li class=\"etab-label etab-prelink etab-active-show\" id=\"etab-NgYk7dHGzL-477972667\" >\r\n\t   \t                <a class=\"etab-link-tag\" data-linking=\"tabtype\" href=\"javascript:void(0);\" data-tabtype=\"component_type\">\r\n\t   \t  \t   \t \r\n\t   \t  \t\t       \t   \t  \t    <span class=\"etab-icon-wrapper etab-available-icons\">\r\n\t   \t  \t      <i class=\"dashicons dashicons-screenoptions\"><\/i>\r\n\t   \t  \t    <\/span>\r\n\t   \t  \t    \r\n\t   \t  \r\n\t   \t  \t   \t   <div class=\"etab-title-wrapper\">\r\n\t              <span class=\"etab-title\">ANWENDUNGSBEREICH<\/span>\r\n\t              \t       <\/div>\r\n\t       \t       \t   \t   <\/a>\r\n\r\n\t\t\t\t       <\/li>\r\n\t   \t   \t  <li class=\"etab-label etab-prelink\" id=\"etab-RV3ThJxSro-477972667\" >\r\n\t   \t                <a class=\"etab-link-tag\" data-linking=\"tabtype\" href=\"javascript:void(0);\" data-tabtype=\"component_type\">\r\n\t   \t  \t   \t \r\n\t   \t  \t\t       \t   \t  \t    <span class=\"etab-icon-wrapper etab-available-icons\">\r\n\t   \t  \t      <i class=\"dashicons dashicons-image-rotate-right\"><\/i>\r\n\t   \t  \t    <\/span>\r\n\t   \t  \t    \r\n\t   \t  \r\n\t   \t  \t   \t   <div class=\"etab-title-wrapper\">\r\n\t              <span class=\"etab-title\">VORTEILE<\/span>\r\n\t              \t       <\/div>\r\n\t       \t       \t   \t   <\/a>\r\n\r\n\t\t\t\t       <\/li>\r\n\t   \t   \t  <li class=\"etab-label etab-prelink\" id=\"etab-AfY88j1zmK-477972667\" >\r\n\t   \t                <a class=\"etab-link-tag\" data-linking=\"tabtype\" href=\"javascript:void(0);\" data-tabtype=\"component_type\">\r\n\t   \t  \t   \t \r\n\t   \t  \t\t       \t   \t  \t    <span class=\"etab-icon-wrapper etab-available-icons\">\r\n\t   \t  \t      <i class=\"dashicons dashicons-format-image\"><\/i>\r\n\t   \t  \t    <\/span>\r\n\t   \t  \t    \r\n\t   \t  \r\n\t   \t  \t   \t   <div class=\"etab-title-wrapper\">\r\n\t              <span class=\"etab-title\">VERPACKUNG <\/span>\r\n\t              \t       <\/div>\r\n\t       \t       \t   \t   <\/a>\r\n\r\n\t\t\t\t       <\/li>\r\n\t   \t   \t  <li class=\"etab-label etab-prelink\" id=\"etab-ESMykfJf46-477972667\" >\r\n\t   \t                <a class=\"etab-link-tag\" data-linking=\"tabtype\" href=\"javascript:void(0);\" data-tabtype=\"component_type\">\r\n\t   \t  \t   \t \r\n\t   \t  \t\t       \t   \t  \t    <span class=\"etab-icon-wrapper etab-available-icons\">\r\n\t   \t  \t      <i class=\"dashicons dashicons-book-alt\"><\/i>\r\n\t   \t  \t    <\/span>\r\n\t   \t  \t    \r\n\t   \t  \r\n\t   \t  \t   \t   <div class=\"etab-title-wrapper\">\r\n\t              <span class=\"etab-title\">DATENBLATT<\/span>\r\n\t              \t       <\/div>\r\n\t       \t       \t   \t   <\/a>\r\n\r\n\t\t\t\t       <\/li>\r\n\t   \t  <\/ul>\r\n  <\/div>\r\n  <div class=\"etab-content-wrap\" >\r\n         <div class=\"etab-content-section etab-477972667 etab-active-content animated etab-NgYk7dHGzL-477972667\" data-animation=\"fadeIn\" data-active=\"1\">\r\n        <div class=\"etab-editor-content clearfix\">\r\n<p>CRYST METAL\u00ae wird auf wasserdichte Strukturfugen angewendet, entweder vertikal oder horizontal:<\/p>\n<ul>\n<li>Geb\u00e4udefundamente, Bodenplatten, St\u00fctzmauern, Keller, Fertigteilplatten, Tunnel und Aufzugsgruben.<\/li>\n<li>Lagerwassertanks, Schwimmb\u00e4der, Wasseraufbereitungstanks, Abwasser und Mannl\u00f6cher.<\/li>\n<li>Other similar construction joints.<\/li>\n<\/ul>\n<\/div> \r\n  \t<\/div>\r\n  \t     <div class=\"etab-content-section etab-477972667  animated etab-RV3ThJxSro-477972667\" data-animation=\"fadeIn\" data-active=\"0\">\r\n        <div class=\"etab-editor-content clearfix\">\r\n<ul>\n<li>Umweltfreundlich.<\/li>\n<li>CRYST METAL\u00ae Fugenband umh\u00fcllt von einer 1,25 mm dicken, patentierten, beidseitig aktiven Spezialbeschichtung mit Kristallisationseigenschaften, die Risse im Beton abdichtet<\/li>\n<li>Resist high water pressure up to 10 bars.<\/li>\n<li>Guter Verbund zum Beton.<\/li>\n<li>Ungiftig \u2013 ideal f\u00fcr Trinkwasser<\/li>\n<li>Geeignet f\u00fcr vertikale und horizontale Anwendungen<\/li>\n<li>Dauerhaft wasserdicht und aktiv w\u00e4hrend der gesamten Lebensdauer der Struktur.<\/li>\n<li>Zeitersparnis gegen\u00fcber herk\u00f6mmlichen Wasserstopps.<\/li>\n<li>Kann sowohl vor als auch nach dem Gie\u00dfen installiert werden<\/li>\n<li>Sch\u00fctzt vor dem Eindringen von Wasser, Chloriden und Sulfaten; erh\u00f6ht die Best\u00e4ndigkeit gegen chemische angriffe<\/li>\n<li>Kein Einbrechen oder Verschieben des Fugenbandes bei Belastung durch das Gewicht des von oben gegossenen Betons<\/li>\n<li>Keine speziellen Installationswerkzeuge erforderlich<\/li>\n<li>Kein Schwei\u00dfen erforderlich<\/li>\n<li>Einfache Handhabung und Zeitersparnis.<\/li>\n<\/ul>\n<\/div> \r\n  \t<\/div>\r\n  \t     <div class=\"etab-content-section etab-477972667  animated etab-AfY88j1zmK-477972667\" data-animation=\"fadeIn\" data-active=\"0\">\r\n        <div class=\"etab-editor-content clearfix\">\r\n<p>Lieferform 10 Meter\/Karton (5 Teller, 2 m \u00d7 18 cm).<\/p>\n<\/div> \r\n  \t<\/div>\r\n  \t     <div class=\"etab-content-section etab-477972667  animated etab-ESMykfJf46-477972667\" data-animation=\"fadeIn\" data-active=\"0\">\r\n        <div class=\"etab-editor-content clearfix\">\r\n<p><a href=\"https:\/\/crystarm.com\/wp-content\/uploads\/2022\/01\/CRYST-METALLBLECH-CRYST-METAL-de.pdf\" target=\"_blank\" rel=\"noopener\">DATENBLATT ANZEIGEN<\/a><\/p>\n<\/div> \r\n  \t<\/div>\r\n  \t   <\/div>\r\n   <\/div>\r\n<style>\r\n.everest-tab-main-wrapper.etab-sp-custom-3323#et-tab-random-477972667 > .etab-header-wrap > ul.etab-title-tabs > li > a{\r\n  background-color: #343234;\r\n}\r\n.etab-sp-custom-3323.everest-tab-main-wrapper#et-tab-random-477972667 > .etab-header-wrap\r\n > ul.etab-title-tabs > li.etab-active-show > a{\r\n   background-color: #cf2422;\r\n }\r\n .etab-sp-custom-3323#et-tab-random-477972667.everest-tab-main-wrapper > .etab-header-wrap > ul.etab-title-tabs > li > a:hover{\r\n   background-color: #cf2422;\r\n  }\r\n  \r\n.everest-tab-main-wrapper.etab-sp-custom-3323#et-tab-random-477972667 > .etab-header-wrap > ul.etab-title-tabs > li > a,\r\n.everest-tab-main-wrapper.etab-sp-custom-3323#et-tab-random-477972667 > .etab-header-wrap > ul.etab-title-tabs > li .etab-icon-wrapper i{\r\n  color: #ffffff;\r\n }\r\n.everest-tab-main-wrapper.etab-sp-custom-3323#et-tab-random-477972667 > .etab-header-wrap > ul.etab-title-tabs > li:hover .etab-title,\r\n.everest-tab-main-wrapper.etab-sp-custom-3323#et-tab-random-477972667 > .etab-header-wrap > ul.etab-title-tabs > li:hover .etab-icon-wrapper i,\r\n.everest-tab-main-wrapper.etab-sp-custom-3323#et-tab-random-477972667 > .etab-header-wrap > ul.etab-title-tabs > li:hover  > a .etab-title-wrapper .etab-desc{\r\n    color: #ffffff;\r\n}\r\n.everest-tab-main-wrapper.etab-sp-custom-3323#et-tab-random-477972667 > .etab-header-wrap > ul.etab-title-tabs > li > a .etab-title-wrapper .etab-desc {\r\n    color: #ffffff;\r\n}\r\n.everest-tab-main-wrapper.etab-sp-custom-3323#et-tab-random-477972667 > .etab-content-wrap {\r\n    background-color: #ffffff;\r\n}\r\n\r\n\r\n \/*Template 1*\/\r\n \/*Template 2*\/\r\n \r\n\/* Template 4*\/\r\n\/* Template 6*\/\r\n \r\n\/* Template 7*\/\r\n \/* Template 9*\/\r\n \/* Template 17*\/\r\n \r\n\/* Template 18*\/\r\n  .everest-tab-main-wrapper.etab-template19.etab-sp-custom-3323#et-tab-random-477972667 > .etab-header-wrap > ul.etab-title-tabs > li > a:after{\r\n    border-right: 1px solid #343234;\r\n    border-top: 1px solid #343234;\r\n    background: #343234;\r\n}\r\n.everest-tab-main-wrapper.etab-template19.etab-sp-custom-3323#et-tab-random-477972667 > .etab-header-wrap > ul.etab-title-tabs > li > a:hover:after,\r\n .everest-tab-main-wrapper.etab-template19.etab-sp-custom-3323#et-tab-random-477972667 > .etab-header-wrap > ul.etab-title-tabs > li.etab-active-show > a:after, \r\n .everest-tab-main-wrapper.etab-template19.etab-sp-custom-3323#et-tab-random-477972667.etab-vertical-top-right-position > .etab-header-wrap > ul.etab-title-tabs > li > a:hover:after, \r\n .everest-tab-main-wrapper.etab-template19.etab-sp-custom-3323#et-tab-random-477972667.etab-top-right-position > .etab-header-wrap > ul.etab-title-tabs > li > a:hover:after, \r\n .everest-tab-main-wrapper.etab-template19.etab-sp-custom-3323#et-tab-random-477972667.etab-bottom-right-position > .etab-header-wrap > ul.etab-title-tabs > li > a:hover:after, \r\n .everest-tab-main-wrapper.etab-template19.etab-sp-custom-3323#et-tab-random-477972667.etab-vertical-top-right-position > .etab-header-wrap > ul.etab-title-tabs > li.etab-active-show > a:after, \r\n .everest-tab-main-wrapper.etab-template19.etab-sp-custom-3323#et-tab-random-477972667.etab-top-right-position > .etab-header-wrap > ul.etab-title-tabs > li.etab-active-show > a:after, \r\n .everest-tab-main-wrapper.etab-template19.etab-sp-custom-3323#et-tab-random-477972667.etab-bottom-right-position > .etab-header-wrap > ul.etab-title-tabs > li.etab-active-show > a:after{\r\n    border-color: #cf2422;\r\n    background:#cf2422;\r\n}\r\n \r\n  <\/style>","protected":false},"excerpt":{"rendered":"<h2><span style=\"color: #bf0000;\">CRYST METAL<\/span><\/h2>\n<p>CRYST METAL\u00ae ist ein kristalliner Metall-Wasserstopper, der aus einer speziellen Metallplatte besteht, die in eine aktive Beschichtung eingekapselt ist, die beim Einbetten in den Frischbeton mit Wasser reagiert und so eine wasserdichte Baufuge bildet.<br \/>\nCRYST METAL\u00ae schafft eine physikalische Barriere, w\u00e4hrend die aktive Beschichtung mit Wasser im Beton reagiert und unl\u00f6sliche Kristalle bildet, die den nat\u00fcrlichen Selbstheilungsprozess des Betons unterst\u00fctzen, um Risse abzudichten und das Eindringen von Wasser zu verhindern. Zur Abdichtung von Kaltfugen bis 10 St\u00e4be sind beidseitig nur 5 cm Beton\u00fcberdeckung notwendig. Durch die Verbindung der Spezialbeschichtung mit dem Beton wird ein Wasserdurchfluss durch die Betonarbeitsfuge verhindert. Dieser Prozess ist jedes Mal reaktiv, wenn w\u00e4hrend der Lebensdauer der Struktur Wasser oder Feuchtigkeit mit der Beschichtung in Kontakt kommt, und wiederholt den Versiegelungsprozess.<\/p>","protected":false},"featured_media":6327,"comment_status":"open","ping_status":"closed","template":"","meta":[],"product_cat":[24],"product_tag":[],"class_list":["post-2064","product","type-product","status-publish","has-post-thumbnail","hentry","product_cat-waterstops"],"yoast_head":"<!-- This site is optimized with the Yoast SEO plugin v18.1 - https:\/\/yoast.com\/wordpress\/plugins\/seo\/ -->\n<title>CRYST METAL\u00ae - CRYSTARM | THE SMART WATERPROOFING SYSTEM<\/title>\n<meta name=\"description\" content=\"CRYST METAL\u00ae is a crystalline metal water stop consisting of a special metal plate encapsulated in an active coating that reacts with water when embedded in the fresh concrete to provide a waterproof construction joint.\" \/>\n<meta name=\"robots\" content=\"index, follow, max-snippet:-1, max-image-preview:large, max-video-preview:-1\" \/>\n<link rel=\"canonical\" href=\"https:\/\/crystarm.com\/de\/product\/cryst-metal\/\" \/>\n<meta property=\"og:locale\" content=\"de_DE\" \/>\n<meta property=\"og:type\" content=\"article\" \/>\n<meta property=\"og:title\" content=\"CRYST METAL\u00ae - CRYSTARM | THE SMART WATERPROOFING SYSTEM\" \/>\n<meta property=\"og:description\" content=\"CRYST METAL\u00ae is a crystalline metal water stop consisting of a special metal plate encapsulated in an active coating that reacts with water when embedded in the fresh concrete to provide a waterproof construction joint.\" \/>\n<meta property=\"og:url\" content=\"https:\/\/crystarm.com\/de\/product\/cryst-metal\/\" \/>\n<meta property=\"og:site_name\" content=\"CRYSTARM | THE SMART WATERPROOFING SYSTEM\" \/>\n<meta property=\"article:modified_time\" content=\"2022-10-27T16:06:05+00:00\" \/>\n<meta property=\"og:image\" content=\"https:\/\/crystarm.com\/wp-content\/uploads\/2022\/01\/Metal-2-01.png\" \/>\n\t<meta property=\"og:image:width\" content=\"2250\" \/>\n\t<meta property=\"og:image:height\" content=\"2250\" \/>\n\t<meta property=\"og:image:type\" content=\"image\/png\" \/>\n<meta name=\"twitter:card\" content=\"summary_large_image\" \/>\n<script type=\"application\/ld+json\" class=\"yoast-schema-graph\">{\"@context\":\"https:\/\/schema.org\",\"@graph\":[{\"@type\":\"Organization\",\"@id\":\"https:\/\/crystarm.com\/#organization\",\"name\":\"CRYSTARM | THE SMART WATERPROOFING SYSTEM\",\"url\":\"https:\/\/crystarm.com\/\",\"sameAs\":[],\"logo\":{\"@type\":\"ImageObject\",\"@id\":\"https:\/\/crystarm.com\/#logo\",\"inLanguage\":\"de-DE\",\"url\":\"https:\/\/crystarm.com\/wp-content\/uploads\/2022\/01\/CRYSTARM-LOGO-B-e1645004762112.png\",\"contentUrl\":\"https:\/\/crystarm.com\/wp-content\/uploads\/2022\/01\/CRYSTARM-LOGO-B-e1645004762112.png\",\"width\":500,\"height\":155,\"caption\":\"CRYSTARM | THE SMART WATERPROOFING SYSTEM\"},\"image\":{\"@id\":\"https:\/\/crystarm.com\/#logo\"}},{\"@type\":\"WebSite\",\"@id\":\"https:\/\/crystarm.com\/#website\",\"url\":\"https:\/\/crystarm.com\/\",\"name\":\"CRYSTARM | THE SMART WATERPROOFING SYSTEM\",\"description\":\"Crystalline Technology for Waterproofing\",\"publisher\":{\"@id\":\"https:\/\/crystarm.com\/#organization\"},\"potentialAction\":[{\"@type\":\"SearchAction\",\"target\":{\"@type\":\"EntryPoint\",\"urlTemplate\":\"https:\/\/crystarm.com\/?s={search_term_string}\"},\"query-input\":\"required name=search_term_string\"}],\"inLanguage\":\"de-DE\"},{\"@type\":\"ImageObject\",\"@id\":\"https:\/\/crystarm.com\/product\/cryst-metal\/#primaryimage\",\"inLanguage\":\"de-DE\",\"url\":\"https:\/\/crystarm.com\/wp-content\/uploads\/2022\/01\/Metal-2-01.png\",\"contentUrl\":\"https:\/\/crystarm.com\/wp-content\/uploads\/2022\/01\/Metal-2-01.png\",\"width\":2250,\"height\":2250},{\"@type\":\"WebPage\",\"@id\":\"https:\/\/crystarm.com\/product\/cryst-metal\/#webpage\",\"url\":\"https:\/\/crystarm.com\/product\/cryst-metal\/\",\"name\":\"CRYST METAL\u00ae - CRYSTARM | THE SMART WATERPROOFING SYSTEM\",\"isPartOf\":{\"@id\":\"https:\/\/crystarm.com\/#website\"},\"primaryImageOfPage\":{\"@id\":\"https:\/\/crystarm.com\/product\/cryst-metal\/#primaryimage\"},\"datePublished\":\"2021-12-04T23:20:48+00:00\",\"dateModified\":\"2022-10-27T16:06:05+00:00\",\"description\":\"CRYST METAL\u00ae is a crystalline metal water stop consisting of a special metal plate encapsulated in an active coating that reacts with water when embedded in the fresh concrete to provide a waterproof construction joint.\",\"breadcrumb\":{\"@id\":\"https:\/\/crystarm.com\/product\/cryst-metal\/#breadcrumb\"},\"inLanguage\":\"de-DE\",\"potentialAction\":[{\"@type\":\"ReadAction\",\"target\":[\"https:\/\/crystarm.com\/product\/cryst-metal\/\"]}]},{\"@type\":\"BreadcrumbList\",\"@id\":\"https:\/\/crystarm.com\/product\/cryst-metal\/#breadcrumb\",\"itemListElement\":[{\"@type\":\"ListItem\",\"position\":1,\"name\":\"Product\",\"item\":\"https:\/\/crystarm.com\/?page_id=6154\"},{\"@type\":\"ListItem\",\"position\":2,\"name\":\"CRYST METAL\u00ae\"}]}]}<\/script>\n<!-- \/ Yoast SEO plugin. -->","yoast_head_json":{"title":"CRYST METAL\u00ae - CRYSTARM | THE SMART WATERPROOFING SYSTEM","description":"CRYST METAL\u00ae ist ein kristalliner Metall-Wasserstopper, der aus einer speziellen Metallplatte besteht, die in eine aktive Beschichtung eingekapselt ist, die beim Einbetten in den Frischbeton mit Wasser reagiert und so eine wasserdichte Baufuge bildet.","robots":{"index":"index","follow":"follow","max-snippet":"max-snippet:-1","max-image-preview":"max-image-preview:large","max-video-preview":"max-video-preview:-1"},"canonical":"https:\/\/crystarm.com\/de\/product\/cryst-metal\/","og_locale":"de_DE","og_type":"article","og_title":"CRYST METAL\u00ae - CRYSTARM | THE SMART WATERPROOFING SYSTEM","og_description":"CRYST METAL\u00ae is a crystalline metal water stop consisting of a special metal plate encapsulated in an active coating that reacts with water when embedded in the fresh concrete to provide a waterproof construction joint.","og_url":"https:\/\/crystarm.com\/de\/product\/cryst-metal\/","og_site_name":"CRYSTARM | THE SMART WATERPROOFING SYSTEM","article_modified_time":"2022-10-27T16:06:05+00:00","og_image":[{"width":2250,"height":2250,"url":"https:\/\/crystarm.com\/wp-content\/uploads\/2022\/01\/Metal-2-01.png","type":"image\/png"}],"twitter_card":"summary_large_image","schema":{"@context":"https:\/\/schema.org","@graph":[{"@type":"Organization","@id":"https:\/\/crystarm.com\/#organization","name":"CRYSTARM | THE SMART WATERPROOFING SYSTEM","url":"https:\/\/crystarm.com\/","sameAs":[],"logo":{"@type":"ImageObject","@id":"https:\/\/crystarm.com\/#logo","inLanguage":"de-DE","url":"https:\/\/crystarm.com\/wp-content\/uploads\/2022\/01\/CRYSTARM-LOGO-B-e1645004762112.png","contentUrl":"https:\/\/crystarm.com\/wp-content\/uploads\/2022\/01\/CRYSTARM-LOGO-B-e1645004762112.png","width":500,"height":155,"caption":"CRYSTARM | THE SMART WATERPROOFING SYSTEM"},"image":{"@id":"https:\/\/crystarm.com\/#logo"}},{"@type":"WebSite","@id":"https:\/\/crystarm.com\/#website","url":"https:\/\/crystarm.com\/","name":"CRYSTARM | THE SMART WATERPROOFING SYSTEM","description":"Crystalline Technology for Waterproofing","publisher":{"@id":"https:\/\/crystarm.com\/#organization"},"potentialAction":[{"@type":"SearchAction","target":{"@type":"EntryPoint","urlTemplate":"https:\/\/crystarm.com\/?s={search_term_string}"},"query-input":"required name=search_term_string"}],"inLanguage":"de-DE"},{"@type":"ImageObject","@id":"https:\/\/crystarm.com\/product\/cryst-metal\/#primaryimage","inLanguage":"de-DE","url":"https:\/\/crystarm.com\/wp-content\/uploads\/2022\/01\/Metal-2-01.png","contentUrl":"https:\/\/crystarm.com\/wp-content\/uploads\/2022\/01\/Metal-2-01.png","width":2250,"height":2250},{"@type":"WebPage","@id":"https:\/\/crystarm.com\/product\/cryst-metal\/#webpage","url":"https:\/\/crystarm.com\/product\/cryst-metal\/","name":"CRYST METAL\u00ae - CRYSTARM | THE SMART WATERPROOFING SYSTEM","isPartOf":{"@id":"https:\/\/crystarm.com\/#website"},"primaryImageOfPage":{"@id":"https:\/\/crystarm.com\/product\/cryst-metal\/#primaryimage"},"datePublished":"2021-12-04T23:20:48+00:00","dateModified":"2022-10-27T16:06:05+00:00","description":"CRYST METAL\u00ae ist ein kristalliner Metall-Wasserstopper, der aus einer speziellen Metallplatte besteht, die in eine aktive Beschichtung eingekapselt ist, die beim Einbetten in den Frischbeton mit Wasser reagiert und so eine wasserdichte Baufuge bildet.","breadcrumb":{"@id":"https:\/\/crystarm.com\/product\/cryst-metal\/#breadcrumb"},"inLanguage":"de-DE","potentialAction":[{"@type":"ReadAction","target":["https:\/\/crystarm.com\/product\/cryst-metal\/"]}]},{"@type":"BreadcrumbList","@id":"https:\/\/crystarm.com\/product\/cryst-metal\/#breadcrumb","itemListElement":[{"@type":"ListItem","position":1,"name":"Product","item":"https:\/\/crystarm.com\/?page_id=6154"},{"@type":"ListItem","position":2,"name":"CRYST METAL\u00ae"}]}]}},"_links":{"self":[{"href":"https:\/\/crystarm.com\/de\/wp-json\/wp\/v2\/product\/2064","targetHints":{"allow":["GET"]}}],"collection":[{"href":"https:\/\/crystarm.com\/de\/wp-json\/wp\/v2\/product"}],"about":[{"href":"https:\/\/crystarm.com\/de\/wp-json\/wp\/v2\/types\/product"}],"replies":[{"embeddable":true,"href":"https:\/\/crystarm.com\/de\/wp-json\/wp\/v2\/comments?post=2064"}],"wp:featuredmedia":[{"embeddable":true,"href":"https:\/\/crystarm.com\/de\/wp-json\/wp\/v2\/media\/6327"}],"wp:attachment":[{"href":"https:\/\/crystarm.com\/de\/wp-json\/wp\/v2\/media?parent=2064"}],"wp:term":[{"taxonomy":"product_cat","embeddable":true,"href":"https:\/\/crystarm.com\/de\/wp-json\/wp\/v2\/product_cat?post=2064"},{"taxonomy":"product_tag","embeddable":true,"href":"https:\/\/crystarm.com\/de\/wp-json\/wp\/v2\/product_tag?post=2064"}],"curies":[{"name":"wp","href":"https:\/\/api.w.org\/{rel}","templated":true}]}}