{"id":3471,"date":"2022-01-04T00:28:22","date_gmt":"2022-01-04T00:28:22","guid":{"rendered":"https:\/\/crystarm.com\/?post_type=product&#038;p=3471"},"modified":"2022-10-27T19:15:20","modified_gmt":"2022-10-27T19:15:20","slug":"cryst-sealer","status":"publish","type":"product","link":"https:\/\/crystarm.com\/de\/product\/cryst-sealer\/","title":{"rendered":"CRYST SEALER\u00ae"},"content":{"rendered":"<div class=\"everest-tab-main-wrapper etab-sc-main-wrapper etab-clearfix etab-colmn6 etab-group-wrap etab-sp-custom-3470 etab-template19  etabpro-accordion-disable etab_format_show_both etab-trigger-on_click etab-horizontal etab-top-left-position etab-icon-left-position\" data-tab_trigger_type=\"on_click\" id=\"et-tab-random-557252272\"  data-accordion=\"\" >\r\n \r\n   <div class=\"etab-header-wrap\">\r\n\t  <ul class=\"etab-title-tabs et-tab557252272 etab-clearfix\" data-id=\"etab-557252272\" data-deeplinking=\"\" data-accordion=\"\">\r\n\t  \t   \t  <li class=\"etab-label etab-prelink etab-active-show\" id=\"etab-NgYk7dHGzL-557252272\" >\r\n\t   \t                <a class=\"etab-link-tag\" data-linking=\"tabtype\" href=\"javascript:void(0);\" data-tabtype=\"component_type\">\r\n\t   \t  \t   \t \r\n\t   \t  \t\t       \t   \t  \t    <span class=\"etab-icon-wrapper etab-available-icons\">\r\n\t   \t  \t      <i class=\"dashicons dashicons-screenoptions\"><\/i>\r\n\t   \t  \t    <\/span>\r\n\t   \t  \t    \r\n\t   \t  \r\n\t   \t  \t   \t   <div class=\"etab-title-wrapper\">\r\n\t              <span class=\"etab-title\">ANWENDUNGSBEREICH<\/span>\r\n\t              \t       <\/div>\r\n\t       \t       \t   \t   <\/a>\r\n\r\n\t\t\t\t       <\/li>\r\n\t   \t   \t  <li class=\"etab-label etab-prelink\" id=\"etab-RV3ThJxSro-557252272\" >\r\n\t   \t                <a class=\"etab-link-tag\" data-linking=\"tabtype\" href=\"javascript:void(0);\" data-tabtype=\"component_type\">\r\n\t   \t  \t   \t \r\n\t   \t  \t\t       \t   \t  \t    <span class=\"etab-icon-wrapper etab-available-icons\">\r\n\t   \t  \t      <i class=\"dashicons dashicons-image-rotate-right\"><\/i>\r\n\t   \t  \t    <\/span>\r\n\t   \t  \t    \r\n\t   \t  \r\n\t   \t  \t   \t   <div class=\"etab-title-wrapper\">\r\n\t              <span class=\"etab-title\">VORTEILE<\/span>\r\n\t              \t       <\/div>\r\n\t       \t       \t   \t   <\/a>\r\n\r\n\t\t\t\t       <\/li>\r\n\t   \t   \t  <li class=\"etab-label etab-prelink\" id=\"etab-AfY88j1zmK-557252272\" >\r\n\t   \t                <a class=\"etab-link-tag\" data-linking=\"tabtype\" href=\"javascript:void(0);\" data-tabtype=\"component_type\">\r\n\t   \t  \t   \t \r\n\t   \t  \t\t       \t   \t  \t    <span class=\"etab-icon-wrapper etab-available-icons\">\r\n\t   \t  \t      <i class=\"dashicons dashicons-format-image\"><\/i>\r\n\t   \t  \t    <\/span>\r\n\t   \t  \t    \r\n\t   \t  \r\n\t   \t  \t   \t   <div class=\"etab-title-wrapper\">\r\n\t              <span class=\"etab-title\">VERPACKUNG <\/span>\r\n\t              \t       <\/div>\r\n\t       \t       \t   \t   <\/a>\r\n\r\n\t\t\t\t       <\/li>\r\n\t   \t   \t  <li class=\"etab-label etab-prelink\" id=\"etab-ESMykfJf46-557252272\" >\r\n\t   \t                <a class=\"etab-link-tag\" data-linking=\"tabtype\" href=\"javascript:void(0);\" data-tabtype=\"component_type\">\r\n\t   \t  \t   \t \r\n\t   \t  \t\t       \t   \t  \t    <span class=\"etab-icon-wrapper etab-available-icons\">\r\n\t   \t  \t      <i class=\"dashicons dashicons-book-alt\"><\/i>\r\n\t   \t  \t    <\/span>\r\n\t   \t  \t    \r\n\t   \t  \r\n\t   \t  \t   \t   <div class=\"etab-title-wrapper\">\r\n\t              <span class=\"etab-title\">DATENBLATT<\/span>\r\n\t              \t       <\/div>\r\n\t       \t       \t   \t   <\/a>\r\n\r\n\t\t\t\t       <\/li>\r\n\t   \t  <\/ul>\r\n  <\/div>\r\n  <div class=\"etab-content-wrap\" >\r\n         <div class=\"etab-content-section etab-557252272 etab-active-content animated etab-NgYk7dHGzL-557252272\" data-animation=\"fadeIn\" data-active=\"1\">\r\n        <div class=\"etab-editor-content clearfix\">\r\n<p>CRYST SEALER\u00ae eignet sich ideal zum Auftragen auf Beton-, Block- oder Ziegelw\u00e4nde:<\/p>\n<ul>\n<li>Betondach.<\/li>\n<li>Dachziegel und unglasierte Bodenfliesen.<\/li>\n<li>Podestdecks, Br\u00fcckendecks.<\/li>\n<li>Parkstrukturen<\/li>\n<li>Verkehrstragende Bauwerke.<\/li>\n<li>Einfahrten, einschlie\u00dflich freiliegender Zuschlagstoffe.<\/li>\n<li>B\u00fcrgersteige, Terrassen, Balkone, Stufen.<\/li>\n<li>Betonpflaster und St\u00fctzmauern.<\/li>\n<li>Marineschwimmer und -docks.<\/li>\n<li>Start- und Landebahnen.<\/li>\n<\/ul>\n<p>Kurz gesagt: \u00dcberall dort, wo Beton direkt der Witterung ausgesetzt ist, ist mit erheblichen thermischen Belastungen zu rechnen.<\/p>\n<\/div> \r\n  \t<\/div>\r\n  \t     <div class=\"etab-content-section etab-557252272  animated etab-RV3ThJxSro-557252272\" data-animation=\"fadeIn\" data-active=\"0\">\r\n        <div class=\"etab-editor-content clearfix\">\r\n<ul>\n<li>Auf Wasserbasis und umweltfreundlich<\/li>\n<li>Tiefenwirksam und unter der Oberfl\u00e4che aktiv.<\/li>\n<li>Nach vollst\u00e4ndiger Reaktion optisch nicht wahrnehmbar.<\/li>\n<li>Schnelle Entwicklung der Wasserabweisung.<\/li>\n<li>Hochbest\u00e4ndiger und effektiver Abperleffekt.<\/li>\n<li>Hilft Bewehrungsstahl vor Korrosion zu sch\u00fctzen<\/li>\n<li>Kann drau\u00dfen oder drinnen verwendet werden.<\/li>\n<li>Erh\u00f6hung der Best\u00e4ndigkeit gegen Wasser, Chlorid, Sulfateintritt, Karbonisierung und andere chemische Angriffe.<\/li>\n<li>Hitzebest\u00e4ndig nach dem Abbinden.<\/li>\n<li>Hilft Frost- oder Tausch\u00e4den zu vermeiden<\/li>\n<li>Ungiftig \u2013 ideal f\u00fcr Trinkwasser<\/li>\n<\/ul>\n<\/div> \r\n  \t<\/div>\r\n  \t     <div class=\"etab-content-section etab-557252272  animated etab-AfY88j1zmK-557252272\" data-animation=\"fadeIn\" data-active=\"0\">\r\n        <div class=\"etab-editor-content clearfix\">\r\n<p>CRYST SEALER\u00ae ist in 20-l-Gallonen und 180-l-Fass erh\u00e4ltlich.<\/p>\n<\/div> \r\n  \t<\/div>\r\n  \t     <div class=\"etab-content-section etab-557252272  animated etab-ESMykfJf46-557252272\" data-animation=\"fadeIn\" data-active=\"0\">\r\n        <div class=\"etab-editor-content clearfix\">\r\n<p><a href=\"https:\/\/crystarm.com\/wp-content\/uploads\/2022\/01\/CRYST-SILAN-CRYST-SEALER-de.pdf\">DATENBLATT ANZEIGEN<\/a><\/p>\n<\/div> \r\n  \t<\/div>\r\n  \t   <\/div>\r\n   <\/div>\r\n<style>\r\n.everest-tab-main-wrapper.etab-sp-custom-3470#et-tab-random-557252272 > .etab-header-wrap > ul.etab-title-tabs > li > a{\r\n  background-color: #343234;\r\n}\r\n.etab-sp-custom-3470.everest-tab-main-wrapper#et-tab-random-557252272 > .etab-header-wrap\r\n > ul.etab-title-tabs > li.etab-active-show > a{\r\n   background-color: #cf2422;\r\n }\r\n .etab-sp-custom-3470#et-tab-random-557252272.everest-tab-main-wrapper > .etab-header-wrap > ul.etab-title-tabs > li > a:hover{\r\n   background-color: #cf2422;\r\n  }\r\n  \r\n.everest-tab-main-wrapper.etab-sp-custom-3470#et-tab-random-557252272 > .etab-header-wrap > ul.etab-title-tabs > li > a,\r\n.everest-tab-main-wrapper.etab-sp-custom-3470#et-tab-random-557252272 > .etab-header-wrap > ul.etab-title-tabs > li .etab-icon-wrapper i{\r\n  color: #ffffff;\r\n }\r\n.everest-tab-main-wrapper.etab-sp-custom-3470#et-tab-random-557252272 > .etab-header-wrap > ul.etab-title-tabs > li:hover .etab-title,\r\n.everest-tab-main-wrapper.etab-sp-custom-3470#et-tab-random-557252272 > .etab-header-wrap > ul.etab-title-tabs > li:hover .etab-icon-wrapper i,\r\n.everest-tab-main-wrapper.etab-sp-custom-3470#et-tab-random-557252272 > .etab-header-wrap > ul.etab-title-tabs > li:hover  > a .etab-title-wrapper .etab-desc{\r\n    color: #ffffff;\r\n}\r\n.everest-tab-main-wrapper.etab-sp-custom-3470#et-tab-random-557252272 > .etab-header-wrap > ul.etab-title-tabs > li > a .etab-title-wrapper .etab-desc {\r\n    color: #ffffff;\r\n}\r\n.everest-tab-main-wrapper.etab-sp-custom-3470#et-tab-random-557252272 > .etab-content-wrap {\r\n    background-color: #ffffff;\r\n}\r\n\r\n\r\n \/*Template 1*\/\r\n \/*Template 2*\/\r\n \r\n\/* Template 4*\/\r\n\/* Template 6*\/\r\n \r\n\/* Template 7*\/\r\n \/* Template 9*\/\r\n \/* Template 17*\/\r\n \r\n\/* Template 18*\/\r\n  .everest-tab-main-wrapper.etab-template19.etab-sp-custom-3470#et-tab-random-557252272 > .etab-header-wrap > ul.etab-title-tabs > li > a:after{\r\n    border-right: 1px solid #343234;\r\n    border-top: 1px solid #343234;\r\n    background: #343234;\r\n}\r\n.everest-tab-main-wrapper.etab-template19.etab-sp-custom-3470#et-tab-random-557252272 > .etab-header-wrap > ul.etab-title-tabs > li > a:hover:after,\r\n .everest-tab-main-wrapper.etab-template19.etab-sp-custom-3470#et-tab-random-557252272 > .etab-header-wrap > ul.etab-title-tabs > li.etab-active-show > a:after, \r\n .everest-tab-main-wrapper.etab-template19.etab-sp-custom-3470#et-tab-random-557252272.etab-vertical-top-right-position > .etab-header-wrap > ul.etab-title-tabs > li > a:hover:after, \r\n .everest-tab-main-wrapper.etab-template19.etab-sp-custom-3470#et-tab-random-557252272.etab-top-right-position > .etab-header-wrap > ul.etab-title-tabs > li > a:hover:after, \r\n .everest-tab-main-wrapper.etab-template19.etab-sp-custom-3470#et-tab-random-557252272.etab-bottom-right-position > .etab-header-wrap > ul.etab-title-tabs > li > a:hover:after, \r\n .everest-tab-main-wrapper.etab-template19.etab-sp-custom-3470#et-tab-random-557252272.etab-vertical-top-right-position > .etab-header-wrap > ul.etab-title-tabs > li.etab-active-show > a:after, \r\n .everest-tab-main-wrapper.etab-template19.etab-sp-custom-3470#et-tab-random-557252272.etab-top-right-position > .etab-header-wrap > ul.etab-title-tabs > li.etab-active-show > a:after, \r\n .everest-tab-main-wrapper.etab-template19.etab-sp-custom-3470#et-tab-random-557252272.etab-bottom-right-position > .etab-header-wrap > ul.etab-title-tabs > li.etab-active-show > a:after{\r\n    border-color: #cf2422;\r\n    background:#cf2422;\r\n}\r\n \r\n  <\/style>","protected":false},"excerpt":{"rendered":"<h2><span style=\"color: #bf0000;\">CRYST SEALER<\/span><\/h2>\n<p>CRYST SEALER\u00ae ist eine wasserabweisende Versiegelung, die auf ausgeh\u00e4rteten Beton aufgetragen wird und eine unterirdische Barriere im Beton bildet, die den Beton langfristig vor dem Eindringen von Wasser sch\u00fctzt. Wenn CRYST SEALER\u00ae auf eine Betonoberfl\u00e4che gespr\u00fcht wird, dringt es tief ein und reagiert, um ein unl\u00f6sliches Gel zu bilden, das Poren, Kapillaren und Risse versiegelt.<\/p>","protected":false},"featured_media":6332,"comment_status":"open","ping_status":"closed","template":"","meta":[],"product_cat":[32],"product_tag":[],"class_list":["post-3471","product","type-product","status-publish","has-post-thumbnail","hentry","product_cat-floor"],"yoast_head":"<!-- This site is optimized with the Yoast SEO plugin v18.1 - https:\/\/yoast.com\/wordpress\/plugins\/seo\/ -->\n<title>CRYST SEALER\u00ae - CRYSTARM | THE SMART WATERPROOFING SYSTEM<\/title>\n<meta name=\"description\" content=\"CRYST SEALER\u00ae is a water-repellent sealer applied onto cured concrete that forms a sub-surface barrier inside the concrete, that protects concrete against water penetration for the long term. When sprayed CRYST SEALER\u00ae onto a concrete surface, it is penetrating deeply and reacts to form a non-soluble gel sealing pores, capillaries, and cracks.\" \/>\n<meta name=\"robots\" content=\"index, follow, max-snippet:-1, max-image-preview:large, max-video-preview:-1\" \/>\n<link rel=\"canonical\" href=\"https:\/\/crystarm.com\/de\/product\/cryst-sealer\/\" \/>\n<meta property=\"og:locale\" content=\"de_DE\" \/>\n<meta property=\"og:type\" content=\"article\" \/>\n<meta property=\"og:title\" content=\"CRYST SEALER\u00ae - CRYSTARM | THE SMART WATERPROOFING SYSTEM\" \/>\n<meta property=\"og:description\" content=\"CRYST SEALER\u00ae is a water-repellent sealer applied onto cured concrete that forms a sub-surface barrier inside the concrete, that protects concrete against water penetration for the long term. When sprayed CRYST SEALER\u00ae onto a concrete surface, it is penetrating deeply and reacts to form a non-soluble gel sealing pores, capillaries, and cracks.\" \/>\n<meta property=\"og:url\" content=\"https:\/\/crystarm.com\/de\/product\/cryst-sealer\/\" \/>\n<meta property=\"og:site_name\" content=\"CRYSTARM | THE SMART WATERPROOFING SYSTEM\" \/>\n<meta property=\"article:modified_time\" content=\"2022-10-27T19:15:20+00:00\" \/>\n<meta property=\"og:image\" content=\"https:\/\/crystarm.com\/wp-content\/uploads\/2022\/01\/SEALER-PAIL.png\" \/>\n\t<meta property=\"og:image:width\" content=\"1593\" \/>\n\t<meta property=\"og:image:height\" content=\"1777\" \/>\n\t<meta property=\"og:image:type\" content=\"image\/png\" \/>\n<meta name=\"twitter:card\" content=\"summary_large_image\" \/>\n<script type=\"application\/ld+json\" class=\"yoast-schema-graph\">{\"@context\":\"https:\/\/schema.org\",\"@graph\":[{\"@type\":\"Organization\",\"@id\":\"https:\/\/crystarm.com\/#organization\",\"name\":\"CRYSTARM | THE SMART WATERPROOFING SYSTEM\",\"url\":\"https:\/\/crystarm.com\/\",\"sameAs\":[],\"logo\":{\"@type\":\"ImageObject\",\"@id\":\"https:\/\/crystarm.com\/#logo\",\"inLanguage\":\"de-DE\",\"url\":\"https:\/\/crystarm.com\/wp-content\/uploads\/2022\/01\/CRYSTARM-LOGO-B-e1645004762112.png\",\"contentUrl\":\"https:\/\/crystarm.com\/wp-content\/uploads\/2022\/01\/CRYSTARM-LOGO-B-e1645004762112.png\",\"width\":500,\"height\":155,\"caption\":\"CRYSTARM | THE SMART WATERPROOFING SYSTEM\"},\"image\":{\"@id\":\"https:\/\/crystarm.com\/#logo\"}},{\"@type\":\"WebSite\",\"@id\":\"https:\/\/crystarm.com\/#website\",\"url\":\"https:\/\/crystarm.com\/\",\"name\":\"CRYSTARM | THE SMART WATERPROOFING SYSTEM\",\"description\":\"Crystalline Technology for Waterproofing\",\"publisher\":{\"@id\":\"https:\/\/crystarm.com\/#organization\"},\"potentialAction\":[{\"@type\":\"SearchAction\",\"target\":{\"@type\":\"EntryPoint\",\"urlTemplate\":\"https:\/\/crystarm.com\/?s={search_term_string}\"},\"query-input\":\"required name=search_term_string\"}],\"inLanguage\":\"de-DE\"},{\"@type\":\"ImageObject\",\"@id\":\"https:\/\/crystarm.com\/product\/cryst-sealer\/#primaryimage\",\"inLanguage\":\"de-DE\",\"url\":\"https:\/\/crystarm.com\/wp-content\/uploads\/2022\/01\/SEALER-PAIL.png\",\"contentUrl\":\"https:\/\/crystarm.com\/wp-content\/uploads\/2022\/01\/SEALER-PAIL.png\",\"width\":1593,\"height\":1777},{\"@type\":\"WebPage\",\"@id\":\"https:\/\/crystarm.com\/product\/cryst-sealer\/#webpage\",\"url\":\"https:\/\/crystarm.com\/product\/cryst-sealer\/\",\"name\":\"CRYST SEALER\u00ae - CRYSTARM | THE SMART WATERPROOFING SYSTEM\",\"isPartOf\":{\"@id\":\"https:\/\/crystarm.com\/#website\"},\"primaryImageOfPage\":{\"@id\":\"https:\/\/crystarm.com\/product\/cryst-sealer\/#primaryimage\"},\"datePublished\":\"2022-01-04T00:28:22+00:00\",\"dateModified\":\"2022-10-27T19:15:20+00:00\",\"description\":\"CRYST SEALER\u00ae is a water-repellent sealer applied onto cured concrete that forms a sub-surface barrier inside the concrete, that protects concrete against water penetration for the long term. When sprayed CRYST SEALER\u00ae onto a concrete surface, it is penetrating deeply and reacts to form a non-soluble gel sealing pores, capillaries, and cracks.\",\"breadcrumb\":{\"@id\":\"https:\/\/crystarm.com\/product\/cryst-sealer\/#breadcrumb\"},\"inLanguage\":\"de-DE\",\"potentialAction\":[{\"@type\":\"ReadAction\",\"target\":[\"https:\/\/crystarm.com\/product\/cryst-sealer\/\"]}]},{\"@type\":\"BreadcrumbList\",\"@id\":\"https:\/\/crystarm.com\/product\/cryst-sealer\/#breadcrumb\",\"itemListElement\":[{\"@type\":\"ListItem\",\"position\":1,\"name\":\"Product\",\"item\":\"https:\/\/crystarm.com\/?page_id=6154\"},{\"@type\":\"ListItem\",\"position\":2,\"name\":\"CRYST SEALER\u00ae\"}]}]}<\/script>\n<!-- \/ Yoast SEO plugin. -->","yoast_head_json":{"title":"CRYST SEALER\u00ae - CRYSTARM | THE SMART WATERPROOFING SYSTEM","description":"CRYST SEALER\u00ae ist eine wasserabweisende Versiegelung, die auf ausgeh\u00e4rteten Beton aufgetragen wird und eine unterirdische Barriere im Beton bildet, die den Beton langfristig vor dem Eindringen von Wasser sch\u00fctzt. Wenn CRYST SEALER\u00ae auf eine Betonoberfl\u00e4che gespr\u00fcht wird, dringt es tief ein und reagiert, um ein unl\u00f6sliches Gel zu bilden, das Poren, Kapillaren und Risse versiegelt.","robots":{"index":"index","follow":"follow","max-snippet":"max-snippet:-1","max-image-preview":"max-image-preview:large","max-video-preview":"max-video-preview:-1"},"canonical":"https:\/\/crystarm.com\/de\/product\/cryst-sealer\/","og_locale":"de_DE","og_type":"article","og_title":"CRYST SEALER\u00ae - CRYSTARM | THE SMART WATERPROOFING SYSTEM","og_description":"CRYST SEALER\u00ae is a water-repellent sealer applied onto cured concrete that forms a sub-surface barrier inside the concrete, that protects concrete against water penetration for the long term. When sprayed CRYST SEALER\u00ae onto a concrete surface, it is penetrating deeply and reacts to form a non-soluble gel sealing pores, capillaries, and cracks.","og_url":"https:\/\/crystarm.com\/de\/product\/cryst-sealer\/","og_site_name":"CRYSTARM | THE SMART WATERPROOFING SYSTEM","article_modified_time":"2022-10-27T19:15:20+00:00","og_image":[{"width":1593,"height":1777,"url":"https:\/\/crystarm.com\/wp-content\/uploads\/2022\/01\/SEALER-PAIL.png","type":"image\/png"}],"twitter_card":"summary_large_image","schema":{"@context":"https:\/\/schema.org","@graph":[{"@type":"Organization","@id":"https:\/\/crystarm.com\/#organization","name":"CRYSTARM | THE SMART WATERPROOFING SYSTEM","url":"https:\/\/crystarm.com\/","sameAs":[],"logo":{"@type":"ImageObject","@id":"https:\/\/crystarm.com\/#logo","inLanguage":"de-DE","url":"https:\/\/crystarm.com\/wp-content\/uploads\/2022\/01\/CRYSTARM-LOGO-B-e1645004762112.png","contentUrl":"https:\/\/crystarm.com\/wp-content\/uploads\/2022\/01\/CRYSTARM-LOGO-B-e1645004762112.png","width":500,"height":155,"caption":"CRYSTARM | THE SMART WATERPROOFING SYSTEM"},"image":{"@id":"https:\/\/crystarm.com\/#logo"}},{"@type":"WebSite","@id":"https:\/\/crystarm.com\/#website","url":"https:\/\/crystarm.com\/","name":"CRYSTARM | THE SMART WATERPROOFING SYSTEM","description":"Crystalline Technology for Waterproofing","publisher":{"@id":"https:\/\/crystarm.com\/#organization"},"potentialAction":[{"@type":"SearchAction","target":{"@type":"EntryPoint","urlTemplate":"https:\/\/crystarm.com\/?s={search_term_string}"},"query-input":"required name=search_term_string"}],"inLanguage":"de-DE"},{"@type":"ImageObject","@id":"https:\/\/crystarm.com\/product\/cryst-sealer\/#primaryimage","inLanguage":"de-DE","url":"https:\/\/crystarm.com\/wp-content\/uploads\/2022\/01\/SEALER-PAIL.png","contentUrl":"https:\/\/crystarm.com\/wp-content\/uploads\/2022\/01\/SEALER-PAIL.png","width":1593,"height":1777},{"@type":"WebPage","@id":"https:\/\/crystarm.com\/product\/cryst-sealer\/#webpage","url":"https:\/\/crystarm.com\/product\/cryst-sealer\/","name":"CRYST SEALER\u00ae - CRYSTARM | THE SMART WATERPROOFING SYSTEM","isPartOf":{"@id":"https:\/\/crystarm.com\/#website"},"primaryImageOfPage":{"@id":"https:\/\/crystarm.com\/product\/cryst-sealer\/#primaryimage"},"datePublished":"2022-01-04T00:28:22+00:00","dateModified":"2022-10-27T19:15:20+00:00","description":"CRYST SEALER\u00ae ist eine wasserabweisende Versiegelung, die auf ausgeh\u00e4rteten Beton aufgetragen wird und eine unterirdische Barriere im Beton bildet, die den Beton langfristig vor dem Eindringen von Wasser sch\u00fctzt. Wenn CRYST SEALER\u00ae auf eine Betonoberfl\u00e4che gespr\u00fcht wird, dringt es tief ein und reagiert, um ein unl\u00f6sliches Gel zu bilden, das Poren, Kapillaren und Risse versiegelt.","breadcrumb":{"@id":"https:\/\/crystarm.com\/product\/cryst-sealer\/#breadcrumb"},"inLanguage":"de-DE","potentialAction":[{"@type":"ReadAction","target":["https:\/\/crystarm.com\/product\/cryst-sealer\/"]}]},{"@type":"BreadcrumbList","@id":"https:\/\/crystarm.com\/product\/cryst-sealer\/#breadcrumb","itemListElement":[{"@type":"ListItem","position":1,"name":"Product","item":"https:\/\/crystarm.com\/?page_id=6154"},{"@type":"ListItem","position":2,"name":"CRYST SEALER\u00ae"}]}]}},"_links":{"self":[{"href":"https:\/\/crystarm.com\/de\/wp-json\/wp\/v2\/product\/3471","targetHints":{"allow":["GET"]}}],"collection":[{"href":"https:\/\/crystarm.com\/de\/wp-json\/wp\/v2\/product"}],"about":[{"href":"https:\/\/crystarm.com\/de\/wp-json\/wp\/v2\/types\/product"}],"replies":[{"embeddable":true,"href":"https:\/\/crystarm.com\/de\/wp-json\/wp\/v2\/comments?post=3471"}],"wp:featuredmedia":[{"embeddable":true,"href":"https:\/\/crystarm.com\/de\/wp-json\/wp\/v2\/media\/6332"}],"wp:attachment":[{"href":"https:\/\/crystarm.com\/de\/wp-json\/wp\/v2\/media?parent=3471"}],"wp:term":[{"taxonomy":"product_cat","embeddable":true,"href":"https:\/\/crystarm.com\/de\/wp-json\/wp\/v2\/product_cat?post=3471"},{"taxonomy":"product_tag","embeddable":true,"href":"https:\/\/crystarm.com\/de\/wp-json\/wp\/v2\/product_tag?post=3471"}],"curies":[{"name":"wp","href":"https:\/\/api.w.org\/{rel}","templated":true}]}}