{"id":6992,"date":"2022-11-02T16:38:04","date_gmt":"2022-11-02T16:38:04","guid":{"rendered":"https:\/\/crystarm.com\/?post_type=product&#038;p=6992"},"modified":"2024-11-04T14:06:07","modified_gmt":"2024-11-04T14:06:07","slug":"cryst-roof","status":"publish","type":"product","link":"https:\/\/crystarm.com\/de\/product\/cryst-roof\/","title":{"rendered":"CRYST ROOF\u00ae"},"content":{"rendered":"<div class=\"everest-tab-main-wrapper etab-sc-main-wrapper etab-clearfix etab-colmn6 etab-group-wrap etab-sp-custom-6994 etab-template19  etabpro-accordion-disable etab_format_show_both etab-trigger-on_click etab-horizontal etab-top-left-position etab-icon-left-position\" data-tab_trigger_type=\"on_click\" id=\"et-tab-random-194668307\"  data-accordion=\"\" >\r\n \r\n   <div class=\"etab-header-wrap\">\r\n\t  <ul class=\"etab-title-tabs et-tab194668307 etab-clearfix\" data-id=\"etab-194668307\" data-deeplinking=\"\" data-accordion=\"\">\r\n\t  \t   \t  <li class=\"etab-label etab-prelink etab-active-show\" id=\"etab-NgYk7dHGzL-194668307\" >\r\n\t   \t                <a class=\"etab-link-tag\" data-linking=\"tabtype\" href=\"javascript:void(0);\" data-tabtype=\"component_type\">\r\n\t   \t  \t   \t \r\n\t   \t  \t\t       \t   \t  \t    <span class=\"etab-icon-wrapper etab-available-icons\">\r\n\t   \t  \t      <i class=\"dashicons dashicons-screenoptions\"><\/i>\r\n\t   \t  \t    <\/span>\r\n\t   \t  \t    \r\n\t   \t  \r\n\t   \t  \t   \t   <div class=\"etab-title-wrapper\">\r\n\t              <span class=\"etab-title\">ANWENDUNGSBEREICH<\/span>\r\n\t              \t       <\/div>\r\n\t       \t       \t   \t   <\/a>\r\n\r\n\t\t\t\t       <\/li>\r\n\t   \t   \t  <li class=\"etab-label etab-prelink\" id=\"etab-RV3ThJxSro-194668307\" >\r\n\t   \t                <a class=\"etab-link-tag\" data-linking=\"tabtype\" href=\"javascript:void(0);\" data-tabtype=\"component_type\">\r\n\t   \t  \t   \t \r\n\t   \t  \t\t       \t   \t  \t    <span class=\"etab-icon-wrapper etab-available-icons\">\r\n\t   \t  \t      <i class=\"dashicons dashicons-image-rotate-right\"><\/i>\r\n\t   \t  \t    <\/span>\r\n\t   \t  \t    \r\n\t   \t  \r\n\t   \t  \t   \t   <div class=\"etab-title-wrapper\">\r\n\t              <span class=\"etab-title\">VORTEILE<\/span>\r\n\t              \t       <\/div>\r\n\t       \t       \t   \t   <\/a>\r\n\r\n\t\t\t\t       <\/li>\r\n\t   \t   \t  <li class=\"etab-label etab-prelink\" id=\"etab-3KoPMvcTq9-194668307\" >\r\n\t   \t                <a class=\"etab-link-tag\" data-linking=\"tabtype\" href=\"javascript:void(0);\" data-tabtype=\"component_type\">\r\n\t   \t  \t   \t \r\n\t   \t  \t\t       \t   \t  \t    <span class=\"etab-icon-wrapper etab-available-icons\">\r\n\t   \t  \t      <i class=\"dashicons dashicons-book-alt\"><\/i>\r\n\t   \t  \t    <\/span>\r\n\t   \t  \t    \r\n\t   \t  \r\n\t   \t  \t   \t   <div class=\"etab-title-wrapper\">\r\n\t              <span class=\"etab-title\">VERPACKUNG<\/span>\r\n\t              \t       <\/div>\r\n\t       \t       \t   \t   <\/a>\r\n\r\n\t\t\t\t       <\/li>\r\n\t   \t   \t  <li class=\"etab-label etab-prelink\" id=\"etab-ESMykfJf46-194668307\" >\r\n\t   \t                <a class=\"etab-link-tag\" data-linking=\"tabtype\" href=\"javascript:void(0);\" data-tabtype=\"component_type\">\r\n\t   \t  \t   \t \r\n\t   \t  \t\t       \t   \t  \t    <span class=\"etab-icon-wrapper etab-available-icons\">\r\n\t   \t  \t      <i class=\"dashicons dashicons-book-alt\"><\/i>\r\n\t   \t  \t    <\/span>\r\n\t   \t  \t    \r\n\t   \t  \r\n\t   \t  \t   \t   <div class=\"etab-title-wrapper\">\r\n\t              <span class=\"etab-title\">DATENBLATT<\/span>\r\n\t              \t       <\/div>\r\n\t       \t       \t   \t   <\/a>\r\n\r\n\t\t\t\t       <\/li>\r\n\t   \t  <\/ul>\r\n  <\/div>\r\n  <div class=\"etab-content-wrap\" >\r\n         <div class=\"etab-content-section etab-194668307 etab-active-content animated etab-NgYk7dHGzL-194668307\" data-animation=\"fadeIn\" data-active=\"1\">\r\n        <div class=\"etab-editor-content clearfix\">\r\n<ul>\n<li>Geeignet f\u00fcr alle Arten von Abdichtungen und Schutzbeschichtungen f\u00fcr D\u00e4cher, Terrassen und Balkone.<\/li>\n<li>Impr\u00e4gnierende und sch\u00fctzende Beschichtung f\u00fcr die meisten Bauuntergr\u00fcnde wie Beton, Zementestriche, Ziegel, Putz, Fliesen, PU-Schaum und grundierter Stahl.<\/li>\n<li>Dekorative Auflage und \u00fcber vorhandenen Terrazzofliesen.<\/li>\n<li>Abdichtung von Wellblechen und Schr\u00e4gd\u00e4chern.<\/li>\n<\/ul>\n<\/div> \r\n  \t<\/div>\r\n  \t     <div class=\"etab-content-section etab-194668307  animated etab-RV3ThJxSro-194668307\" data-animation=\"fadeIn\" data-active=\"0\">\r\n        <div class=\"etab-editor-content clearfix\">\r\n<ul>\n<li>Umweltfreundlich.<\/li>\n<li>Ideal zum Impr\u00e4gnieren, UV-best\u00e4ndig und best\u00e4ndig gegen \u00e4u\u00dfere Einfl\u00fcsse.<\/li>\n<li>Hilft Energiekosten zu sparen, indem Sonnenstrahlen und W\u00e4rme vom Geb\u00e4ude wegreflektiert werden.<\/li>\n<li>Geeignet f\u00fcr die Beschichtung von undichten Fertigd\u00e4chern.<\/li>\n<li>Selbstansaugend, ungiftig und nicht brennbar.<\/li>\n<li>Naht- und fugenlose Beschichtung bei kontinuierlicher Anwendung.<\/li>\n<li>Hohe Haltbarkeit bis hin zur Langzeitbewitterung.<\/li>\n<li>Hohe Haftung auf vielen Untergr\u00fcnden, einschlie\u00dflich Beton, Zementm\u00f6rtel und Estrichen.<\/li>\n<li>Einkomponentiges Produkt, es muss nur Wasser hinzugef\u00fcgt werden<\/li>\n<li>Hervorragende Dehnungs- und Riss\u00fcberbr\u00fcckungseigenschaften.<\/li>\n<li>\u2022 Hervorragende Abriebfestigkeit und mechanische.<\/li>\n<\/ul>\n<\/div> \r\n  \t<\/div>\r\n  \t     <div class=\"etab-content-section etab-194668307  animated etab-3KoPMvcTq9-194668307\" data-animation=\"fadeIn\" data-active=\"0\">\r\n        <div class=\"etab-editor-content clearfix\">\r\n<p>CRYST ROOF\u00ae ist in 20-kg-S\u00e4cken oder Eimern erh\u00e4ltlich.<\/p>\n<\/div> \r\n  \t<\/div>\r\n  \t     <div class=\"etab-content-section etab-194668307  animated etab-ESMykfJf46-194668307\" data-animation=\"fadeIn\" data-active=\"0\">\r\n        <div class=\"etab-editor-content clearfix\">\r\n<pre><a href=\"https:\/\/crystarm.com\/wp-content\/uploads\/2022\/01\/CRYST-ROOF-005300.pdf\" target=\"_blank\" rel=\"noopener\">DATENBLATT ANZEIGEN<\/a><\/pre>\n<\/div> \r\n  \t<\/div>\r\n  \t   <\/div>\r\n   <\/div>\r\n<style>\r\n.everest-tab-main-wrapper.etab-sp-custom-6994#et-tab-random-194668307 > .etab-header-wrap > ul.etab-title-tabs > li > a{\r\n  background-color: #343234;\r\n}\r\n.etab-sp-custom-6994.everest-tab-main-wrapper#et-tab-random-194668307 > .etab-header-wrap\r\n > ul.etab-title-tabs > li.etab-active-show > a{\r\n   background-color: #cf2422;\r\n }\r\n .etab-sp-custom-6994#et-tab-random-194668307.everest-tab-main-wrapper > .etab-header-wrap > ul.etab-title-tabs > li > a:hover{\r\n   background-color: #cf2422;\r\n  }\r\n  \r\n.everest-tab-main-wrapper.etab-sp-custom-6994#et-tab-random-194668307 > .etab-header-wrap > ul.etab-title-tabs > li > a,\r\n.everest-tab-main-wrapper.etab-sp-custom-6994#et-tab-random-194668307 > .etab-header-wrap > ul.etab-title-tabs > li .etab-icon-wrapper i{\r\n  color: #ffffff;\r\n }\r\n.everest-tab-main-wrapper.etab-sp-custom-6994#et-tab-random-194668307 > .etab-header-wrap > ul.etab-title-tabs > li:hover .etab-title,\r\n.everest-tab-main-wrapper.etab-sp-custom-6994#et-tab-random-194668307 > .etab-header-wrap > ul.etab-title-tabs > li:hover .etab-icon-wrapper i,\r\n.everest-tab-main-wrapper.etab-sp-custom-6994#et-tab-random-194668307 > .etab-header-wrap > ul.etab-title-tabs > li:hover  > a .etab-title-wrapper .etab-desc{\r\n    color: #ffffff;\r\n}\r\n.everest-tab-main-wrapper.etab-sp-custom-6994#et-tab-random-194668307 > .etab-header-wrap > ul.etab-title-tabs > li > a .etab-title-wrapper .etab-desc {\r\n    color: #ffffff;\r\n}\r\n.everest-tab-main-wrapper.etab-sp-custom-6994#et-tab-random-194668307 > .etab-content-wrap {\r\n    background-color: #ffffff;\r\n}\r\n\r\n\r\n \/*Template 1*\/\r\n \/*Template 2*\/\r\n \r\n\/* Template 4*\/\r\n\/* Template 6*\/\r\n \r\n\/* Template 7*\/\r\n \/* Template 9*\/\r\n \/* Template 17*\/\r\n \r\n\/* Template 18*\/\r\n  .everest-tab-main-wrapper.etab-template19.etab-sp-custom-6994#et-tab-random-194668307 > .etab-header-wrap > ul.etab-title-tabs > li > a:after{\r\n    border-right: 1px solid #343234;\r\n    border-top: 1px solid #343234;\r\n    background: #343234;\r\n}\r\n.everest-tab-main-wrapper.etab-template19.etab-sp-custom-6994#et-tab-random-194668307 > .etab-header-wrap > ul.etab-title-tabs > li > a:hover:after,\r\n .everest-tab-main-wrapper.etab-template19.etab-sp-custom-6994#et-tab-random-194668307 > .etab-header-wrap > ul.etab-title-tabs > li.etab-active-show > a:after, \r\n .everest-tab-main-wrapper.etab-template19.etab-sp-custom-6994#et-tab-random-194668307.etab-vertical-top-right-position > .etab-header-wrap > ul.etab-title-tabs > li > a:hover:after, \r\n .everest-tab-main-wrapper.etab-template19.etab-sp-custom-6994#et-tab-random-194668307.etab-top-right-position > .etab-header-wrap > ul.etab-title-tabs > li > a:hover:after, \r\n .everest-tab-main-wrapper.etab-template19.etab-sp-custom-6994#et-tab-random-194668307.etab-bottom-right-position > .etab-header-wrap > ul.etab-title-tabs > li > a:hover:after, \r\n .everest-tab-main-wrapper.etab-template19.etab-sp-custom-6994#et-tab-random-194668307.etab-vertical-top-right-position > .etab-header-wrap > ul.etab-title-tabs > li.etab-active-show > a:after, \r\n .everest-tab-main-wrapper.etab-template19.etab-sp-custom-6994#et-tab-random-194668307.etab-top-right-position > .etab-header-wrap > ul.etab-title-tabs > li.etab-active-show > a:after, \r\n .everest-tab-main-wrapper.etab-template19.etab-sp-custom-6994#et-tab-random-194668307.etab-bottom-right-position > .etab-header-wrap > ul.etab-title-tabs > li.etab-active-show > a:after{\r\n    border-color: #cf2422;\r\n    background:#cf2422;\r\n}\r\n \r\n  <\/style>\r\n\r\n\n<div id=\"gtx-trans\" style=\"position: absolute; left: -71px; top: 0px;\">\n<div class=\"gtx-trans-icon\"><\/div>\n<\/div>","protected":false},"excerpt":{"rendered":"<p>CRYST ROOF\u00ae ist eine zweikomponentige, hochflexible Abdichtungsbeschichtung mit einem sehr hohen Anteil an Spezialpolymeren. Sie dringt in die Poren des Untergrunds ein und versiegelt diesen dauerhaft, um eine flexible Dachabdichtung zu gew\u00e4hrleisten. CRYST ROOF\u00ae besteht aus einem zement\u00e4ren Pulver (Komponente A) und einer niedrigviskosen Kautschukdispersion (Komponente B). Diese beiden Komponenten reagieren beim Mischen chemisch und ergeben eine feste, aber dennoch hochflexible Beschichtung. Diese l\u00e4sst sich einfach mit einem steifen Pinsel, einer Rolle, einem Spr\u00fchger\u00e4t oder einer Kelle auftragen, um die gew\u00fcnschte Textur zu erzielen. Dank ihrer ausgezeichneten Haftungs- und Dehnungseigenschaften ist sie die ideale L\u00f6sung f\u00fcr die Oberfl\u00e4chenabdichtung bei Temperaturschwankungen, Rissen und Bewegungen.<\/p>","protected":false},"featured_media":7044,"comment_status":"open","ping_status":"closed","template":"","meta":[],"product_cat":[34],"product_tag":[],"class_list":["post-6992","product","type-product","status-publish","has-post-thumbnail","hentry","product_cat-membrane-waterproofing"],"yoast_head":"<!-- This site is optimized with the Yoast SEO plugin v18.1 - https:\/\/yoast.com\/wordpress\/plugins\/seo\/ -->\n<title>CRYST ROOF\u00ae - CRYSTARM | THE SMART WATERPROOFING SYSTEM<\/title>\n<meta name=\"description\" content=\"CRYST STOPEX\u00ae is a cementitious mortar water stop, that reacts within seconds after contact with water and set. It is mineral-based and catalytically accelerated. it is contained special additives that cause the highly reactive process within seconds. CRYST STOPEX\u00ae can be used internally or externally as immediate sealing of water ingress in concrete and masonry. The STOPEX mortar adheres to almost all untreated, wet mineral substrates.\" \/>\n<meta name=\"robots\" content=\"index, follow, max-snippet:-1, max-image-preview:large, max-video-preview:-1\" \/>\n<link rel=\"canonical\" href=\"https:\/\/crystarm.com\/de\/product\/cryst-roof\/\" \/>\n<meta property=\"og:locale\" content=\"de_DE\" \/>\n<meta property=\"og:type\" content=\"article\" \/>\n<meta property=\"og:title\" content=\"CRYST ROOF\u00ae - CRYSTARM | THE SMART WATERPROOFING SYSTEM\" \/>\n<meta property=\"og:description\" content=\"CRYST STOPEX\u00ae is a cementitious mortar water stop, that reacts within seconds after contact with water and set. It is mineral-based and catalytically accelerated. it is contained special additives that cause the highly reactive process within seconds. CRYST STOPEX\u00ae can be used internally or externally as immediate sealing of water ingress in concrete and masonry. The STOPEX mortar adheres to almost all untreated, wet mineral substrates.\" \/>\n<meta property=\"og:url\" content=\"https:\/\/crystarm.com\/de\/product\/cryst-roof\/\" \/>\n<meta property=\"og:site_name\" content=\"CRYSTARM | THE SMART WATERPROOFING SYSTEM\" \/>\n<meta property=\"article:modified_time\" content=\"2024-11-04T14:06:07+00:00\" \/>\n<meta property=\"og:image\" content=\"https:\/\/crystarm.com\/wp-content\/uploads\/2022\/11\/ROOF-01.png\" \/>\n\t<meta property=\"og:image:width\" content=\"4500\" \/>\n\t<meta property=\"og:image:height\" content=\"4500\" \/>\n\t<meta property=\"og:image:type\" content=\"image\/png\" \/>\n<meta name=\"twitter:card\" content=\"summary_large_image\" \/>\n<meta name=\"twitter:label1\" content=\"Gesch\u00e4tzte Lesezeit\" \/>\n\t<meta name=\"twitter:data1\" content=\"1 Minute\" \/>\n<script type=\"application\/ld+json\" class=\"yoast-schema-graph\">{\"@context\":\"https:\/\/schema.org\",\"@graph\":[{\"@type\":\"Organization\",\"@id\":\"https:\/\/crystarm.com\/#organization\",\"name\":\"CRYSTARM | THE SMART WATERPROOFING SYSTEM\",\"url\":\"https:\/\/crystarm.com\/\",\"sameAs\":[],\"logo\":{\"@type\":\"ImageObject\",\"@id\":\"https:\/\/crystarm.com\/#logo\",\"inLanguage\":\"de-DE\",\"url\":\"https:\/\/crystarm.com\/wp-content\/uploads\/2022\/01\/CRYSTARM-LOGO-B-e1645004762112.png\",\"contentUrl\":\"https:\/\/crystarm.com\/wp-content\/uploads\/2022\/01\/CRYSTARM-LOGO-B-e1645004762112.png\",\"width\":500,\"height\":155,\"caption\":\"CRYSTARM | THE SMART WATERPROOFING SYSTEM\"},\"image\":{\"@id\":\"https:\/\/crystarm.com\/#logo\"}},{\"@type\":\"WebSite\",\"@id\":\"https:\/\/crystarm.com\/#website\",\"url\":\"https:\/\/crystarm.com\/\",\"name\":\"CRYSTARM | THE SMART WATERPROOFING SYSTEM\",\"description\":\"Crystalline Technology for Waterproofing\",\"publisher\":{\"@id\":\"https:\/\/crystarm.com\/#organization\"},\"potentialAction\":[{\"@type\":\"SearchAction\",\"target\":{\"@type\":\"EntryPoint\",\"urlTemplate\":\"https:\/\/crystarm.com\/?s={search_term_string}\"},\"query-input\":\"required name=search_term_string\"}],\"inLanguage\":\"de-DE\"},{\"@type\":\"ImageObject\",\"@id\":\"https:\/\/crystarm.com\/product\/cryst-roof\/#primaryimage\",\"inLanguage\":\"de-DE\",\"url\":\"https:\/\/crystarm.com\/wp-content\/uploads\/2022\/11\/ROOF-01.png\",\"contentUrl\":\"https:\/\/crystarm.com\/wp-content\/uploads\/2022\/11\/ROOF-01.png\",\"width\":4500,\"height\":4500},{\"@type\":\"WebPage\",\"@id\":\"https:\/\/crystarm.com\/product\/cryst-roof\/#webpage\",\"url\":\"https:\/\/crystarm.com\/product\/cryst-roof\/\",\"name\":\"CRYST ROOF\u00ae - CRYSTARM | THE SMART WATERPROOFING SYSTEM\",\"isPartOf\":{\"@id\":\"https:\/\/crystarm.com\/#website\"},\"primaryImageOfPage\":{\"@id\":\"https:\/\/crystarm.com\/product\/cryst-roof\/#primaryimage\"},\"datePublished\":\"2022-11-02T16:38:04+00:00\",\"dateModified\":\"2024-11-04T14:06:07+00:00\",\"description\":\"CRYST STOPEX\u00ae is a cementitious mortar water stop, that reacts within seconds after contact with water and set. It is mineral-based and catalytically accelerated. it is contained special additives that cause the highly reactive process within seconds. CRYST STOPEX\u00ae can be used internally or externally as immediate sealing of water ingress in concrete and masonry. The STOPEX mortar adheres to almost all untreated, wet mineral substrates.\",\"breadcrumb\":{\"@id\":\"https:\/\/crystarm.com\/product\/cryst-roof\/#breadcrumb\"},\"inLanguage\":\"de-DE\",\"potentialAction\":[{\"@type\":\"ReadAction\",\"target\":[\"https:\/\/crystarm.com\/product\/cryst-roof\/\"]}]},{\"@type\":\"BreadcrumbList\",\"@id\":\"https:\/\/crystarm.com\/product\/cryst-roof\/#breadcrumb\",\"itemListElement\":[{\"@type\":\"ListItem\",\"position\":1,\"name\":\"Product\",\"item\":\"https:\/\/crystarm.com\/?page_id=6154\"},{\"@type\":\"ListItem\",\"position\":2,\"name\":\"CRYST ROOF\u00ae\"}]}]}<\/script>\n<!-- \/ Yoast SEO plugin. -->","yoast_head_json":{"title":"CRYST ROOF\u00ae - CRYSTARM | THE SMART WATERPROOFING SYSTEM","description":"CRYST STOPEX\u00ae ist ein zementgebundenes Wasserstopp, reagiert innerhalb von Sekunden nach Kontakt mit Wasser und h\u00e4rtet aus. Es ist auf Mineralbasis und wird katalytisch beschleunigt. Spezielle Additive bewirken den hochreaktiven Prozess innerhalb von Sekunden. CRYST STOPEX\u00ae kann im Innen- und Au\u00dfenbereich als wasserdichter Stopfm\u00f6rtel oder zum sofortigen Abdichten von Wasserein- und -austritt, z. B. in Beton und Mauerwerk, eingesetzt werden. Es haftet auf fast allen unbehandelten, nassen und feuchten mineralischen Untergr\u00fcnden. Die Reaktion findet bei Kontakt mit Wasser innerhalb von Sekunden statt.","robots":{"index":"index","follow":"follow","max-snippet":"max-snippet:-1","max-image-preview":"max-image-preview:large","max-video-preview":"max-video-preview:-1"},"canonical":"https:\/\/crystarm.com\/de\/product\/cryst-roof\/","og_locale":"de_DE","og_type":"article","og_title":"CRYST ROOF\u00ae - CRYSTARM | THE SMART WATERPROOFING SYSTEM","og_description":"CRYST STOPEX\u00ae is a cementitious mortar water stop, that reacts within seconds after contact with water and set. It is mineral-based and catalytically accelerated. it is contained special additives that cause the highly reactive process within seconds. CRYST STOPEX\u00ae can be used internally or externally as immediate sealing of water ingress in concrete and masonry. The STOPEX mortar adheres to almost all untreated, wet mineral substrates.","og_url":"https:\/\/crystarm.com\/de\/product\/cryst-roof\/","og_site_name":"CRYSTARM | THE SMART WATERPROOFING SYSTEM","article_modified_time":"2024-11-04T14:06:07+00:00","og_image":[{"width":4500,"height":4500,"url":"https:\/\/crystarm.com\/wp-content\/uploads\/2022\/11\/ROOF-01.png","type":"image\/png"}],"twitter_card":"summary_large_image","twitter_misc":{"Gesch\u00e4tzte Lesezeit":"1 Minute"},"schema":{"@context":"https:\/\/schema.org","@graph":[{"@type":"Organization","@id":"https:\/\/crystarm.com\/#organization","name":"CRYSTARM | THE SMART WATERPROOFING SYSTEM","url":"https:\/\/crystarm.com\/","sameAs":[],"logo":{"@type":"ImageObject","@id":"https:\/\/crystarm.com\/#logo","inLanguage":"de-DE","url":"https:\/\/crystarm.com\/wp-content\/uploads\/2022\/01\/CRYSTARM-LOGO-B-e1645004762112.png","contentUrl":"https:\/\/crystarm.com\/wp-content\/uploads\/2022\/01\/CRYSTARM-LOGO-B-e1645004762112.png","width":500,"height":155,"caption":"CRYSTARM | THE SMART WATERPROOFING SYSTEM"},"image":{"@id":"https:\/\/crystarm.com\/#logo"}},{"@type":"WebSite","@id":"https:\/\/crystarm.com\/#website","url":"https:\/\/crystarm.com\/","name":"CRYSTARM | THE SMART WATERPROOFING SYSTEM","description":"Crystalline Technology for Waterproofing","publisher":{"@id":"https:\/\/crystarm.com\/#organization"},"potentialAction":[{"@type":"SearchAction","target":{"@type":"EntryPoint","urlTemplate":"https:\/\/crystarm.com\/?s={search_term_string}"},"query-input":"required name=search_term_string"}],"inLanguage":"de-DE"},{"@type":"ImageObject","@id":"https:\/\/crystarm.com\/product\/cryst-roof\/#primaryimage","inLanguage":"de-DE","url":"https:\/\/crystarm.com\/wp-content\/uploads\/2022\/11\/ROOF-01.png","contentUrl":"https:\/\/crystarm.com\/wp-content\/uploads\/2022\/11\/ROOF-01.png","width":4500,"height":4500},{"@type":"WebPage","@id":"https:\/\/crystarm.com\/product\/cryst-roof\/#webpage","url":"https:\/\/crystarm.com\/product\/cryst-roof\/","name":"CRYST ROOF\u00ae - CRYSTARM | THE SMART WATERPROOFING SYSTEM","isPartOf":{"@id":"https:\/\/crystarm.com\/#website"},"primaryImageOfPage":{"@id":"https:\/\/crystarm.com\/product\/cryst-roof\/#primaryimage"},"datePublished":"2022-11-02T16:38:04+00:00","dateModified":"2024-11-04T14:06:07+00:00","description":"CRYST STOPEX\u00ae ist ein zementgebundenes Wasserstopp, reagiert innerhalb von Sekunden nach Kontakt mit Wasser und h\u00e4rtet aus. Es ist auf Mineralbasis und wird katalytisch beschleunigt. Spezielle Additive bewirken den hochreaktiven Prozess innerhalb von Sekunden. CRYST STOPEX\u00ae kann im Innen- und Au\u00dfenbereich als wasserdichter Stopfm\u00f6rtel oder zum sofortigen Abdichten von Wasserein- und -austritt, z. B. in Beton und Mauerwerk, eingesetzt werden. Es haftet auf fast allen unbehandelten, nassen und feuchten mineralischen Untergr\u00fcnden. Die Reaktion findet bei Kontakt mit Wasser innerhalb von Sekunden statt.","breadcrumb":{"@id":"https:\/\/crystarm.com\/product\/cryst-roof\/#breadcrumb"},"inLanguage":"de-DE","potentialAction":[{"@type":"ReadAction","target":["https:\/\/crystarm.com\/product\/cryst-roof\/"]}]},{"@type":"BreadcrumbList","@id":"https:\/\/crystarm.com\/product\/cryst-roof\/#breadcrumb","itemListElement":[{"@type":"ListItem","position":1,"name":"Product","item":"https:\/\/crystarm.com\/?page_id=6154"},{"@type":"ListItem","position":2,"name":"CRYST ROOF\u00ae"}]}]}},"_links":{"self":[{"href":"https:\/\/crystarm.com\/de\/wp-json\/wp\/v2\/product\/6992","targetHints":{"allow":["GET"]}}],"collection":[{"href":"https:\/\/crystarm.com\/de\/wp-json\/wp\/v2\/product"}],"about":[{"href":"https:\/\/crystarm.com\/de\/wp-json\/wp\/v2\/types\/product"}],"replies":[{"embeddable":true,"href":"https:\/\/crystarm.com\/de\/wp-json\/wp\/v2\/comments?post=6992"}],"wp:featuredmedia":[{"embeddable":true,"href":"https:\/\/crystarm.com\/de\/wp-json\/wp\/v2\/media\/7044"}],"wp:attachment":[{"href":"https:\/\/crystarm.com\/de\/wp-json\/wp\/v2\/media?parent=6992"}],"wp:term":[{"taxonomy":"product_cat","embeddable":true,"href":"https:\/\/crystarm.com\/de\/wp-json\/wp\/v2\/product_cat?post=6992"},{"taxonomy":"product_tag","embeddable":true,"href":"https:\/\/crystarm.com\/de\/wp-json\/wp\/v2\/product_tag?post=6992"}],"curies":[{"name":"wp","href":"https:\/\/api.w.org\/{rel}","templated":true}]}}