{"id":7514,"date":"2024-10-21T04:16:52","date_gmt":"2024-10-21T04:16:52","guid":{"rendered":"https:\/\/crystarm.com\/?post_type=product&#038;p=7514"},"modified":"2024-11-04T13:11:36","modified_gmt":"2024-11-04T13:11:36","slug":"pre-tec-membrane","status":"publish","type":"product","link":"https:\/\/crystarm.com\/de\/product\/pre-tec-membran\/","title":{"rendered":"VOR-TEC-MEMBRAN"},"content":{"rendered":"<div class=\"everest-tab-main-wrapper etab-sc-main-wrapper etab-clearfix etab-colmn6 etab-group-wrap etab-sp-custom-7515 etab-template19  etabpro-accordion-disable etab_format_show_both etab-trigger-on_click etab-horizontal etab-top-left-position etab-icon-left-position\" data-tab_trigger_type=\"on_click\" id=\"et-tab-random-867157789\"  data-accordion=\"\" >\r\n \r\n   <div class=\"etab-header-wrap\">\r\n\t  <ul class=\"etab-title-tabs et-tab867157789 etab-clearfix\" data-id=\"etab-867157789\" data-deeplinking=\"\" data-accordion=\"\">\r\n\t  \t   \t  <li class=\"etab-label etab-prelink etab-active-show\" id=\"etab-NgYk7dHGzL-867157789\" >\r\n\t   \t                <a class=\"etab-link-tag\" data-linking=\"tabtype\" href=\"javascript:void(0);\" data-tabtype=\"component_type\">\r\n\t   \t  \t   \t \r\n\t   \t  \t\t       \t   \t  \t    <span class=\"etab-icon-wrapper etab-available-icons\">\r\n\t   \t  \t      <i class=\"dashicons dashicons-screenoptions\"><\/i>\r\n\t   \t  \t    <\/span>\r\n\t   \t  \t    \r\n\t   \t  \r\n\t   \t  \t   \t   <div class=\"etab-title-wrapper\">\r\n\t              <span class=\"etab-title\">ANWENDUNGSBEREICH<\/span>\r\n\t              \t       <\/div>\r\n\t       \t       \t   \t   <\/a>\r\n\r\n\t\t\t\t       <\/li>\r\n\t   \t   \t  <li class=\"etab-label etab-prelink\" id=\"etab-RV3ThJxSro-867157789\" >\r\n\t   \t                <a class=\"etab-link-tag\" data-linking=\"tabtype\" href=\"javascript:void(0);\" data-tabtype=\"component_type\">\r\n\t   \t  \t   \t \r\n\t   \t  \t\t       \t   \t  \t    <span class=\"etab-icon-wrapper etab-available-icons\">\r\n\t   \t  \t      <i class=\"dashicons dashicons-image-rotate-right\"><\/i>\r\n\t   \t  \t    <\/span>\r\n\t   \t  \t    \r\n\t   \t  \r\n\t   \t  \t   \t   <div class=\"etab-title-wrapper\">\r\n\t              <span class=\"etab-title\">VORTEILE<\/span>\r\n\t              \t       <\/div>\r\n\t       \t       \t   \t   <\/a>\r\n\r\n\t\t\t\t       <\/li>\r\n\t   \t   \t  <li class=\"etab-label etab-prelink\" id=\"etab-3KoPMvcTq9-867157789\" >\r\n\t   \t                <a class=\"etab-link-tag\" data-linking=\"tabtype\" href=\"javascript:void(0);\" data-tabtype=\"component_type\">\r\n\t   \t  \t   \t \r\n\t   \t  \t\t       \t   \t  \t    <span class=\"etab-icon-wrapper etab-available-icons\">\r\n\t   \t  \t      <i class=\"dashicons dashicons-book-alt\"><\/i>\r\n\t   \t  \t    <\/span>\r\n\t   \t  \t    \r\n\t   \t  \r\n\t   \t  \t   \t   <div class=\"etab-title-wrapper\">\r\n\t              <span class=\"etab-title\">VERPACKUNG<\/span>\r\n\t              \t       <\/div>\r\n\t       \t       \t   \t   <\/a>\r\n\r\n\t\t\t\t       <\/li>\r\n\t   \t   \t  <li class=\"etab-label etab-prelink\" id=\"etab-ESMykfJf46-867157789\" >\r\n\t   \t                <a class=\"etab-link-tag\" data-linking=\"tabtype\" href=\"javascript:void(0);\" data-tabtype=\"component_type\">\r\n\t   \t  \t   \t \r\n\t   \t  \t\t       \t   \t  \t    <span class=\"etab-icon-wrapper etab-available-icons\">\r\n\t   \t  \t      <i class=\"dashicons dashicons-book-alt\"><\/i>\r\n\t   \t  \t    <\/span>\r\n\t   \t  \t    \r\n\t   \t  \r\n\t   \t  \t   \t   <div class=\"etab-title-wrapper\">\r\n\t              <span class=\"etab-title\">DATENBLATT<\/span>\r\n\t              \t       <\/div>\r\n\t       \t       \t   \t   <\/a>\r\n\r\n\t\t\t\t       <\/li>\r\n\t   \t  <\/ul>\r\n  <\/div>\r\n  <div class=\"etab-content-wrap\" >\r\n         <div class=\"etab-content-section etab-867157789 etab-active-content animated etab-NgYk7dHGzL-867157789\" data-animation=\"fadeIn\" data-active=\"1\">\r\n        <div class=\"etab-editor-content clearfix\">\r\n<p>Wird f\u00fcr alle Arten von Abdichtungen verwendet in:<\/p>\n<p>\u2022 Parkh\u00e4user, Keller, Aufzugsgruben und Fundamente von T\u00fcrmen.<\/p>\n<p>\u2022 Unterirdische Trinkwassertanks.<\/p>\n<p>\u2022 Unterirdische Abfallbehandlungsanlagen: Wasseraufbereitungstanks, Abwasser, Kan\u00e4le und Mannl\u00f6cher.<\/p>\n<p>\u2022 Unterirdische Wasserleitungen<\/p>\n<p>\u2022 U-Bahn-Stationen, st\u00e4dtische Tunnel.<\/p>\n<p>\u2022 Au\u00dfenschwimmb\u00e4der, Meereskonstruktionen, Decks und Garagen.<\/p>\n<p>\u2022 Alle unterirdischen Betonkonstruktionen.<\/p>\n<\/div> \r\n  \t<\/div>\r\n  \t     <div class=\"etab-content-section etab-867157789  animated etab-RV3ThJxSro-867157789\" data-animation=\"fadeIn\" data-active=\"0\">\r\n        <div class=\"etab-editor-content clearfix\">\r\n<p>\u2022 Umweltfreundlich<\/p>\n<p>\u2022 Basierend auf hochdichtem Polyethylen.<\/p>\n<p>\u2022 Doppelte Verbindung mit Frischbeton: Mechanische und druckempfindliche Klebeverbindung.<\/p>\n<p>\u2022 Vollst\u00e4ndig mit Frischbeton verbunden, der eine integrale Verbindung mit Konstruktionsbeton bildet und an Ort und Stelle bleibt, wenn es zu Setzungen des Untergrunds kommt.<\/p>\n<p>\u2022 Dauerhaft wasserdicht und aktiv f\u00fcr eine lange Lebensdauer.<\/p>\n<p>\u2022 Kein seitlicher Wasserunterlauf zwischen Betonkonstruktion und PRE-TEC Membransystem.<\/p>\n<p>\u2022 Selbstsch\u00fctzend, keine Schutzschicht erforderlich.<\/p>\n<p>\u2022 Kalt aufgetragen, selbstklebend und einfach aufzutragen, ohne Grundierung oder Verrundung.<\/p>\n<p>\u2022 Kein Schwei\u00dfen, keine offene Flamme und keine spezielle Ausr\u00fcstung.<\/p>\n<p>\u2022 Die einzigartige, kontinuierliche Klebeverbindung mit dem darauf gegossenen Beton verhindert die Wassermigration und macht ihn unempfindlich gegen\u00fcber Bodensetzungen unter den Platten.<\/p>\n<p>Verhindern Sie, dass Wasser in die L\u00fccken der Betonkonstruktion eindringt.<\/p>\n<p>\u2022 Hervorragende Haftung auf vertikalen und horizontalen Fl\u00e4chen.<\/p>\n<p>\u2022 Entworfen mit fortschrittlicher Bond-Technologie.<\/p>\n<p>\u2022 Hervorragende Best\u00e4ndigkeit gegen Wasser, Chloride, Sulfate, verd\u00fcnnte Laugen, S\u00e4uren und andere chemische Angriffe.<\/p>\n<p>\u2022 Hervorragende Rei\u00df- und Durchsto\u00dffestigkeit.<\/p>\n<p>\u2022 UV-best\u00e4ndig \u00fcber 90 Tage, abh\u00e4ngig von der Wettersituation.<\/p>\n<p>\u2022 Wirksam gegen extremen hydrostatischen Druck.<\/p>\n<p>\u2022 Reduziert die Zeit f\u00fcr die Bauplanung.<\/p>\n<p>\u2022 Einfache \u00fcberlappende Verbindung.<\/p>\n<p>\u2022 Kann auf trockenem oder nassem Untergrund aufgetragen werden.<\/p>\n<p>\u2022 Hohe Flexibilit\u00e4t und Riss\u00fcberbr\u00fcckungsf\u00e4higkeit.<\/p>\n<p>\u2022 Die Membran ist sofort nach dem Auftragen befahrbar und kann sofort mit der Verst\u00e4rkung versehen werden. Die Membran ist unempfindlich gegen\u00fcber nassen Bedingungen auf der Baustelle.<\/p>\n<p>\u2022 Gasbest\u00e4ndigkeit und Einschr\u00e4nkung des Eindringens von Methan, Radon, Benzol, Toluol, Benzin und anderen VOCs.<\/p>\n<\/div> \r\n  \t<\/div>\r\n  \t     <div class=\"etab-content-section etab-867157789  animated etab-3KoPMvcTq9-867157789\" data-animation=\"fadeIn\" data-active=\"0\">\r\n        <div class=\"etab-editor-content clearfix\">\r\n<p><strong>PRE-TEC Membrane:<\/strong><\/p>\n<p>L\u00e4nge: 20 m pro Rolle<\/p>\n<p>Breite: 1,20 m<\/p>\n<p>Thickness: 1.80 mm Roll \/ 1.25 mm Roll weight: approx. 50kg \/ 40kg<\/p>\n<p><strong>PRE-TEC-Band<\/strong><\/p>\n<p>Length:10 m per roll<\/p>\n<p>Breite: 160 mm<\/p>\n<p>Dicke: 1,20 mm<\/p>\n<p><strong>PRE-TEC DS-Band<\/strong><\/p>\n<p>L\u00e4nge: 25 m pro Rolle<\/p>\n<p>Breite: 120 mm<\/p>\n<p>Thickness: 0.70 mm<\/p>\n<p><strong>PRE-TEC REP-Band<\/strong><\/p>\n<p>L\u00e4nge: 25 m pro Rolle<\/p>\n<p>Breite: 120 mm<\/p>\n<p>Thickness: 1.00 mm<\/p>\n<\/div> \r\n  \t<\/div>\r\n  \t     <div class=\"etab-content-section etab-867157789  animated etab-ESMykfJf46-867157789\" data-animation=\"fadeIn\" data-active=\"0\">\r\n        <div class=\"etab-editor-content clearfix\">\r\n<pre><a href=\"https:\/\/crystarm.com\/wp-content\/uploads\/2022\/01\/CRYST-PRE-TEC-Membrane-061001.pdf\" target=\"_blank\" rel=\"noopener\">DATENBLATT ANZEIGEN<\/a><\/pre>\n<\/div> \r\n  \t<\/div>\r\n  \t   <\/div>\r\n   <\/div>\r\n<style>\r\n.everest-tab-main-wrapper.etab-sp-custom-7515#et-tab-random-867157789 > .etab-header-wrap > ul.etab-title-tabs > li > a{\r\n  background-color: #343234;\r\n}\r\n.etab-sp-custom-7515.everest-tab-main-wrapper#et-tab-random-867157789 > .etab-header-wrap\r\n > ul.etab-title-tabs > li.etab-active-show > a{\r\n   background-color: #cf2422;\r\n }\r\n .etab-sp-custom-7515#et-tab-random-867157789.everest-tab-main-wrapper > .etab-header-wrap > ul.etab-title-tabs > li > a:hover{\r\n   background-color: #cf2422;\r\n  }\r\n  \r\n.everest-tab-main-wrapper.etab-sp-custom-7515#et-tab-random-867157789 > .etab-header-wrap > ul.etab-title-tabs > li > a,\r\n.everest-tab-main-wrapper.etab-sp-custom-7515#et-tab-random-867157789 > .etab-header-wrap > ul.etab-title-tabs > li .etab-icon-wrapper i{\r\n  color: #ffffff;\r\n }\r\n.everest-tab-main-wrapper.etab-sp-custom-7515#et-tab-random-867157789 > .etab-header-wrap > ul.etab-title-tabs > li:hover .etab-title,\r\n.everest-tab-main-wrapper.etab-sp-custom-7515#et-tab-random-867157789 > .etab-header-wrap > ul.etab-title-tabs > li:hover .etab-icon-wrapper i,\r\n.everest-tab-main-wrapper.etab-sp-custom-7515#et-tab-random-867157789 > .etab-header-wrap > ul.etab-title-tabs > li:hover  > a .etab-title-wrapper .etab-desc{\r\n    color: #ffffff;\r\n}\r\n.everest-tab-main-wrapper.etab-sp-custom-7515#et-tab-random-867157789 > .etab-header-wrap > ul.etab-title-tabs > li > a .etab-title-wrapper .etab-desc {\r\n    color: #ffffff;\r\n}\r\n.everest-tab-main-wrapper.etab-sp-custom-7515#et-tab-random-867157789 > .etab-content-wrap {\r\n    background-color: #ffffff;\r\n}\r\n\r\n\r\n \/*Template 1*\/\r\n \/*Template 2*\/\r\n \r\n\/* Template 4*\/\r\n\/* Template 6*\/\r\n \r\n\/* Template 7*\/\r\n \/* Template 9*\/\r\n \/* Template 17*\/\r\n \r\n\/* Template 18*\/\r\n  .everest-tab-main-wrapper.etab-template19.etab-sp-custom-7515#et-tab-random-867157789 > .etab-header-wrap > ul.etab-title-tabs > li > a:after{\r\n    border-right: 1px solid #343234;\r\n    border-top: 1px solid #343234;\r\n    background: #343234;\r\n}\r\n.everest-tab-main-wrapper.etab-template19.etab-sp-custom-7515#et-tab-random-867157789 > .etab-header-wrap > ul.etab-title-tabs > li > a:hover:after,\r\n .everest-tab-main-wrapper.etab-template19.etab-sp-custom-7515#et-tab-random-867157789 > .etab-header-wrap > ul.etab-title-tabs > li.etab-active-show > a:after, \r\n .everest-tab-main-wrapper.etab-template19.etab-sp-custom-7515#et-tab-random-867157789.etab-vertical-top-right-position > .etab-header-wrap > ul.etab-title-tabs > li > a:hover:after, \r\n .everest-tab-main-wrapper.etab-template19.etab-sp-custom-7515#et-tab-random-867157789.etab-top-right-position > .etab-header-wrap > ul.etab-title-tabs > li > a:hover:after, \r\n .everest-tab-main-wrapper.etab-template19.etab-sp-custom-7515#et-tab-random-867157789.etab-bottom-right-position > .etab-header-wrap > ul.etab-title-tabs > li > a:hover:after, \r\n .everest-tab-main-wrapper.etab-template19.etab-sp-custom-7515#et-tab-random-867157789.etab-vertical-top-right-position > .etab-header-wrap > ul.etab-title-tabs > li.etab-active-show > a:after, \r\n .everest-tab-main-wrapper.etab-template19.etab-sp-custom-7515#et-tab-random-867157789.etab-top-right-position > .etab-header-wrap > ul.etab-title-tabs > li.etab-active-show > a:after, \r\n .everest-tab-main-wrapper.etab-template19.etab-sp-custom-7515#et-tab-random-867157789.etab-bottom-right-position > .etab-header-wrap > ul.etab-title-tabs > li.etab-active-show > a:after{\r\n    border-color: #cf2422;\r\n    background:#cf2422;\r\n}\r\n \r\n  <\/style>","protected":false},"excerpt":{"rendered":"<p>PRE-TEC ist ein umfassendes Abdichtungssystem, das eine Barriere gegen Wasser, Feuchtigkeit und Gas darstellt und die Struktur physisch vom umgebenden Untergrund isoliert. PRE-TEC ist ein vorab aufgetragenes, hochflexibles System, das vollst\u00e4ndig mit dem frisch gegossenen Beton verbunden ist Es bildet eine kontinuierliche und dauerhafte Verbindung, um das Eindringen und die Migration von Wasser an der Schnittstelle zwischen Membran und Strukturbeton zu verhindern. PRE-TEC besteht aus einer Folie aus hochdichtem Polyethylen (HDPE) mit einseitiger Haftklebstoffabdichtung und einer eingebetteten reaktiven Granulatbeschichtung.<\/p>","protected":false},"featured_media":7622,"comment_status":"open","ping_status":"closed","template":"","meta":[],"product_cat":[38],"product_tag":[],"class_list":["post-7514","product","type-product","status-publish","has-post-thumbnail","hentry","product_cat-fully-bonded-hdpe"],"yoast_head":"<!-- This site is optimized with the Yoast SEO plugin v18.1 - https:\/\/yoast.com\/wordpress\/plugins\/seo\/ -->\n<title>PRE-TEC MEMBRANE - CRYSTARM | THE SMART WATERPROOFING SYSTEM<\/title>\n<meta name=\"description\" content=\"CRYST INJECT MULTI\u00ae is a two-component, water-reactive, phthalate-free, low viscous, and elastic polyurethane injection resin. CRYST INJECT MULTI\u00ae is designed to have two phases of reaction property. In contact with water, it reacts to a closed-cell elastic foam within seconds.\" \/>\n<meta name=\"robots\" content=\"index, follow, max-snippet:-1, max-image-preview:large, max-video-preview:-1\" \/>\n<link rel=\"canonical\" href=\"https:\/\/crystarm.com\/de\/product\/pre-tec-membran\/\" \/>\n<meta property=\"og:locale\" content=\"de_DE\" \/>\n<meta property=\"og:type\" content=\"article\" \/>\n<meta property=\"og:title\" content=\"PRE-TEC MEMBRANE - CRYSTARM | THE SMART WATERPROOFING SYSTEM\" \/>\n<meta property=\"og:description\" content=\"CRYST INJECT MULTI\u00ae is a two-component, water-reactive, phthalate-free, low viscous, and elastic polyurethane injection resin. CRYST INJECT MULTI\u00ae is designed to have two phases of reaction property. In contact with water, it reacts to a closed-cell elastic foam within seconds.\" \/>\n<meta property=\"og:url\" content=\"https:\/\/crystarm.com\/de\/product\/pre-tec-membran\/\" \/>\n<meta property=\"og:site_name\" content=\"CRYSTARM | THE SMART WATERPROOFING SYSTEM\" \/>\n<meta property=\"article:modified_time\" content=\"2024-11-04T13:11:36+00:00\" \/>\n<meta property=\"og:image\" content=\"https:\/\/crystarm.com\/wp-content\/uploads\/2024\/10\/bonded.jpeg\" \/>\n\t<meta property=\"og:image:width\" content=\"1080\" \/>\n\t<meta property=\"og:image:height\" content=\"720\" \/>\n\t<meta property=\"og:image:type\" content=\"image\/jpeg\" \/>\n<meta name=\"twitter:card\" content=\"summary_large_image\" \/>\n<script type=\"application\/ld+json\" class=\"yoast-schema-graph\">{\"@context\":\"https:\/\/schema.org\",\"@graph\":[{\"@type\":\"Organization\",\"@id\":\"https:\/\/crystarm.com\/#organization\",\"name\":\"CRYSTARM | THE SMART WATERPROOFING SYSTEM\",\"url\":\"https:\/\/crystarm.com\/\",\"sameAs\":[],\"logo\":{\"@type\":\"ImageObject\",\"@id\":\"https:\/\/crystarm.com\/#logo\",\"inLanguage\":\"de-DE\",\"url\":\"https:\/\/crystarm.com\/wp-content\/uploads\/2022\/01\/CRYSTARM-LOGO-B-e1645004762112.png\",\"contentUrl\":\"https:\/\/crystarm.com\/wp-content\/uploads\/2022\/01\/CRYSTARM-LOGO-B-e1645004762112.png\",\"width\":500,\"height\":155,\"caption\":\"CRYSTARM | THE SMART WATERPROOFING SYSTEM\"},\"image\":{\"@id\":\"https:\/\/crystarm.com\/#logo\"}},{\"@type\":\"WebSite\",\"@id\":\"https:\/\/crystarm.com\/#website\",\"url\":\"https:\/\/crystarm.com\/\",\"name\":\"CRYSTARM | THE SMART WATERPROOFING SYSTEM\",\"description\":\"Crystalline Technology for Waterproofing\",\"publisher\":{\"@id\":\"https:\/\/crystarm.com\/#organization\"},\"potentialAction\":[{\"@type\":\"SearchAction\",\"target\":{\"@type\":\"EntryPoint\",\"urlTemplate\":\"https:\/\/crystarm.com\/?s={search_term_string}\"},\"query-input\":\"required name=search_term_string\"}],\"inLanguage\":\"de-DE\"},{\"@type\":\"ImageObject\",\"@id\":\"https:\/\/crystarm.com\/product\/pre-tec-membrane\/#primaryimage\",\"inLanguage\":\"de-DE\",\"url\":\"https:\/\/crystarm.com\/wp-content\/uploads\/2024\/10\/bonded.jpeg\",\"contentUrl\":\"https:\/\/crystarm.com\/wp-content\/uploads\/2024\/10\/bonded.jpeg\",\"width\":1080,\"height\":720},{\"@type\":\"WebPage\",\"@id\":\"https:\/\/crystarm.com\/product\/pre-tec-membrane\/#webpage\",\"url\":\"https:\/\/crystarm.com\/product\/pre-tec-membrane\/\",\"name\":\"PRE-TEC MEMBRANE - CRYSTARM | THE SMART WATERPROOFING SYSTEM\",\"isPartOf\":{\"@id\":\"https:\/\/crystarm.com\/#website\"},\"primaryImageOfPage\":{\"@id\":\"https:\/\/crystarm.com\/product\/pre-tec-membrane\/#primaryimage\"},\"datePublished\":\"2024-10-21T04:16:52+00:00\",\"dateModified\":\"2024-11-04T13:11:36+00:00\",\"description\":\"CRYST INJECT MULTI\u00ae is a two-component, water-reactive, phthalate-free, low viscous, and elastic polyurethane injection resin. CRYST INJECT MULTI\u00ae is designed to have two phases of reaction property. In contact with water, it reacts to a closed-cell elastic foam within seconds.\",\"breadcrumb\":{\"@id\":\"https:\/\/crystarm.com\/product\/pre-tec-membrane\/#breadcrumb\"},\"inLanguage\":\"de-DE\",\"potentialAction\":[{\"@type\":\"ReadAction\",\"target\":[\"https:\/\/crystarm.com\/product\/pre-tec-membrane\/\"]}]},{\"@type\":\"BreadcrumbList\",\"@id\":\"https:\/\/crystarm.com\/product\/pre-tec-membrane\/#breadcrumb\",\"itemListElement\":[{\"@type\":\"ListItem\",\"position\":1,\"name\":\"Product\",\"item\":\"https:\/\/crystarm.com\/?page_id=6154\"},{\"@type\":\"ListItem\",\"position\":2,\"name\":\"PRE-TEC MEMBRANE\"}]}]}<\/script>\n<!-- \/ Yoast SEO plugin. -->","yoast_head_json":{"title":"PRE-TEC MEMBRANE - CRYSTARM | THE SMART WATERPROOFING SYSTEM","description":"CRYST INJECT MULTI\u00ae is a two-component, water-reactive, phthalate-free, low viscous, and elastic polyurethane injection resin. CRYST INJECT MULTI\u00ae is designed to have two phases of reaction property. In contact with water, it reacts to a closed-cell elastic foam within seconds.","robots":{"index":"index","follow":"follow","max-snippet":"max-snippet:-1","max-image-preview":"max-image-preview:large","max-video-preview":"max-video-preview:-1"},"canonical":"https:\/\/crystarm.com\/de\/product\/pre-tec-membran\/","og_locale":"de_DE","og_type":"article","og_title":"PRE-TEC MEMBRANE - CRYSTARM | THE SMART WATERPROOFING SYSTEM","og_description":"CRYST INJECT MULTI\u00ae is a two-component, water-reactive, phthalate-free, low viscous, and elastic polyurethane injection resin. CRYST INJECT MULTI\u00ae is designed to have two phases of reaction property. In contact with water, it reacts to a closed-cell elastic foam within seconds.","og_url":"https:\/\/crystarm.com\/de\/product\/pre-tec-membran\/","og_site_name":"CRYSTARM | THE SMART WATERPROOFING SYSTEM","article_modified_time":"2024-11-04T13:11:36+00:00","og_image":[{"width":1080,"height":720,"url":"https:\/\/crystarm.com\/wp-content\/uploads\/2024\/10\/bonded.jpeg","type":"image\/jpeg"}],"twitter_card":"summary_large_image","schema":{"@context":"https:\/\/schema.org","@graph":[{"@type":"Organization","@id":"https:\/\/crystarm.com\/#organization","name":"CRYSTARM | THE SMART WATERPROOFING SYSTEM","url":"https:\/\/crystarm.com\/","sameAs":[],"logo":{"@type":"ImageObject","@id":"https:\/\/crystarm.com\/#logo","inLanguage":"de-DE","url":"https:\/\/crystarm.com\/wp-content\/uploads\/2022\/01\/CRYSTARM-LOGO-B-e1645004762112.png","contentUrl":"https:\/\/crystarm.com\/wp-content\/uploads\/2022\/01\/CRYSTARM-LOGO-B-e1645004762112.png","width":500,"height":155,"caption":"CRYSTARM | THE SMART WATERPROOFING SYSTEM"},"image":{"@id":"https:\/\/crystarm.com\/#logo"}},{"@type":"WebSite","@id":"https:\/\/crystarm.com\/#website","url":"https:\/\/crystarm.com\/","name":"CRYSTARM | THE SMART WATERPROOFING SYSTEM","description":"Crystalline Technology for Waterproofing","publisher":{"@id":"https:\/\/crystarm.com\/#organization"},"potentialAction":[{"@type":"SearchAction","target":{"@type":"EntryPoint","urlTemplate":"https:\/\/crystarm.com\/?s={search_term_string}"},"query-input":"required name=search_term_string"}],"inLanguage":"de-DE"},{"@type":"ImageObject","@id":"https:\/\/crystarm.com\/product\/pre-tec-membrane\/#primaryimage","inLanguage":"de-DE","url":"https:\/\/crystarm.com\/wp-content\/uploads\/2024\/10\/bonded.jpeg","contentUrl":"https:\/\/crystarm.com\/wp-content\/uploads\/2024\/10\/bonded.jpeg","width":1080,"height":720},{"@type":"WebPage","@id":"https:\/\/crystarm.com\/product\/pre-tec-membrane\/#webpage","url":"https:\/\/crystarm.com\/product\/pre-tec-membrane\/","name":"PRE-TEC MEMBRANE - CRYSTARM | THE SMART WATERPROOFING SYSTEM","isPartOf":{"@id":"https:\/\/crystarm.com\/#website"},"primaryImageOfPage":{"@id":"https:\/\/crystarm.com\/product\/pre-tec-membrane\/#primaryimage"},"datePublished":"2024-10-21T04:16:52+00:00","dateModified":"2024-11-04T13:11:36+00:00","description":"CRYST INJECT MULTI\u00ae is a two-component, water-reactive, phthalate-free, low viscous, and elastic polyurethane injection resin. CRYST INJECT MULTI\u00ae is designed to have two phases of reaction property. In contact with water, it reacts to a closed-cell elastic foam within seconds.","breadcrumb":{"@id":"https:\/\/crystarm.com\/product\/pre-tec-membrane\/#breadcrumb"},"inLanguage":"de-DE","potentialAction":[{"@type":"ReadAction","target":["https:\/\/crystarm.com\/product\/pre-tec-membrane\/"]}]},{"@type":"BreadcrumbList","@id":"https:\/\/crystarm.com\/product\/pre-tec-membrane\/#breadcrumb","itemListElement":[{"@type":"ListItem","position":1,"name":"Product","item":"https:\/\/crystarm.com\/?page_id=6154"},{"@type":"ListItem","position":2,"name":"PRE-TEC MEMBRANE"}]}]}},"_links":{"self":[{"href":"https:\/\/crystarm.com\/de\/wp-json\/wp\/v2\/product\/7514","targetHints":{"allow":["GET"]}}],"collection":[{"href":"https:\/\/crystarm.com\/de\/wp-json\/wp\/v2\/product"}],"about":[{"href":"https:\/\/crystarm.com\/de\/wp-json\/wp\/v2\/types\/product"}],"replies":[{"embeddable":true,"href":"https:\/\/crystarm.com\/de\/wp-json\/wp\/v2\/comments?post=7514"}],"wp:featuredmedia":[{"embeddable":true,"href":"https:\/\/crystarm.com\/de\/wp-json\/wp\/v2\/media\/7622"}],"wp:attachment":[{"href":"https:\/\/crystarm.com\/de\/wp-json\/wp\/v2\/media?parent=7514"}],"wp:term":[{"taxonomy":"product_cat","embeddable":true,"href":"https:\/\/crystarm.com\/de\/wp-json\/wp\/v2\/product_cat?post=7514"},{"taxonomy":"product_tag","embeddable":true,"href":"https:\/\/crystarm.com\/de\/wp-json\/wp\/v2\/product_tag?post=7514"}],"curies":[{"name":"wp","href":"https:\/\/api.w.org\/{rel}","templated":true}]}}